{"id":70379,"date":"2024-03-22T19:26:51","date_gmt":"2024-03-22T18:26:51","guid":{"rendered":"https:\/\/abinox-chr-clim.com\/index.php\/product\/chaises-bolero-rodeo-noires-lot-de-2\/"},"modified":"2026-04-11T10:13:34","modified_gmt":"2026-04-11T08:13:34","slug":"chaises-bolero-rodeo-noires-lot-de-2","status":"publish","type":"product","link":"https:\/\/abinox-chr-clim.com\/index.php\/product\/chaises-bolero-rodeo-noires-lot-de-2\/","title":{"rendered":"Chaises Bolero Rodeo noires (lot de 2)"},"content":{"rendered":"<p>Le si\u00e8ge en polyur\u00e9thane s&rsquo;inspire du rev\u00eatement en cuir vintage, pour allier style, r\u00e9sistance et la facilit\u00e9 de nettoyage du plastique.<br \/>Magnifique si\u00e8ge en polyur\u00e9thane aspect cuir vintage. Cadre m\u00e9tallique \u00e9l\u00e9gant. Facile \u00e0 nettoyer. R\u00e9f\u00e9rence soumise \u00e0 une Eco-participation mobilier de 2.55\u20ac par unit\u00e9 vendue. Id\u00e9al pour s&rsquo;inscrire dans la tendance du d\u00e9cor industriel. Con\u00e7ue pour m\u00e9langer ou assortir les coloris.Durabilit\u00e9 et r\u00e9sistance de qualit\u00e9 commerciale. Poids support\u00e9 max. 160kg. Magnifique si\u00e8ge en polyur\u00e9thane aspect cuir vintage.<\/p>\n<p>Caract\u00e9ristiques :<br \/>Lot : 2.<br \/> Dimensions : 725(H) x 455(L) x 540(P) mm.<br \/> Mati\u00e8re : Acier poudr\u00e9 et PU.<br \/> Couleur : Noir.<\/p>\n","protected":false},"excerpt":{"rendered":"<p>Chaises Bolero Rodeo noires (lot de 2)<\/p>\n","protected":false},"featured_media":93850,"comment_status":"closed","ping_status":"closed","template":"","meta":[],"product_brand":[],"product_cat":[1209,1208,1201,1297],"product_tag":[],"class_list":{"0":"post-70379","1":"product","2":"type-product","3":"status-publish","4":"has-post-thumbnail","6":"product_cat-chaises-interieur","7":"product_cat-interieur","8":"product_cat-mobilier","9":"product_cat-non-palettisable","10":"product_shipping_class-free-shipping","12":"first","13":"outofstock","14":"featured","15":"taxable","16":"shipping-taxable","17":"purchasable","18":"product-type-simple"},"_links":{"self":[{"href":"https:\/\/abinox-chr-clim.com\/index.php\/wp-json\/wp\/v2\/product\/70379","targetHints":{"allow":["GET"]}}],"collection":[{"href":"https:\/\/abinox-chr-clim.com\/index.php\/wp-json\/wp\/v2\/product"}],"about":[{"href":"https:\/\/abinox-chr-clim.com\/index.php\/wp-json\/wp\/v2\/types\/product"}],"replies":[{"embeddable":true,"href":"https:\/\/abinox-chr-clim.com\/index.php\/wp-json\/wp\/v2\/comments?post=70379"}],"wp:featuredmedia":[{"embeddable":true,"href":"https:\/\/abinox-chr-clim.com\/index.php\/wp-json\/wp\/v2\/media\/93850"}],"wp:attachment":[{"href":"https:\/\/abinox-chr-clim.com\/index.php\/wp-json\/wp\/v2\/media?parent=70379"}],"wp:term":[{"taxonomy":"product_brand","embeddable":true,"href":"https:\/\/abinox-chr-clim.com\/index.php\/wp-json\/wp\/v2\/product_brand?post=70379"},{"taxonomy":"product_cat","embeddable":true,"href":"https:\/\/abinox-chr-clim.com\/index.php\/wp-json\/wp\/v2\/product_cat?post=70379"},{"taxonomy":"product_tag","embeddable":true,"href":"https:\/\/abinox-chr-clim.com\/index.php\/wp-json\/wp\/v2\/product_tag?post=70379"}],"curies":[{"name":"wp","href":"https:\/\/api.w.org\/{rel}","templated":true}]}}