{"id":70376,"date":"2024-03-22T19:26:50","date_gmt":"2024-03-22T18:26:50","guid":{"rendered":"https:\/\/abinox-chr-clim.com\/index.php\/product\/tabourets-hauts-scandi-bolero-noirs-lot-de-2\/"},"modified":"2026-04-11T10:04:38","modified_gmt":"2026-04-11T08:04:38","slug":"tabourets-hauts-scandi-bolero-noirs-lot-de-2","status":"publish","type":"product","link":"https:\/\/abinox-chr-clim.com\/index.php\/product\/tabourets-hauts-scandi-bolero-noirs-lot-de-2\/","title":{"rendered":"Tabourets hauts Scandi Bolero noirs (lot de 2)"},"content":{"rendered":"<p>Si\u00e8ges modernes. Assise en bois et cadre inox pour un design industriel.<br \/>L&rsquo;assise en bois et le cadre en acier offrent un style industriel et \u00e9l\u00e9gant. Le design sobre s&rsquo;inscrit dans la tendance du d\u00e9cor industriel. Le cadre en acier et l&rsquo;assise en bois offrent une excellente durabilit\u00e9. R\u00e9f\u00e9rence soumise \u00e0 une Eco-participation mobilier de 3.32\u20ac par unit\u00e9 vendue. Les patins anti-traces \u00e9vitent d&rsquo;endommager votre sol. Conception facile \u00e0 nettoyer pour un entretien simple. Le repose-pieds offre un confort suppl\u00e9mentaire \u00e0 vos clients. Utilisation en int\u00e9rieur uniquement.Les pieds antid\u00e9rapants emp\u00eachent les tabourets de bouger. L&rsquo;assise en bois et le cadre en acier offrent un style industriel et \u00e9l\u00e9gant.<\/p>\n<p>Caract\u00e9ristiques :<br \/>Lot : 2.<br \/> Dimensions : 1120(H) x 520(L) x 535(P) mm.<br \/> Mati\u00e8re : Bois et acier.<br \/> Couleur : Noir.<\/p>\n","protected":false},"excerpt":{"rendered":"<p>Tabourets hauts Scandi Bolero noirs (lot de 2)<\/p>\n","protected":false},"featured_media":93865,"comment_status":"closed","ping_status":"closed","template":"","meta":[],"product_brand":[],"product_cat":[1209,1208,1201,1297],"product_tag":[],"class_list":{"0":"post-70376","1":"product","2":"type-product","3":"status-publish","4":"has-post-thumbnail","6":"product_cat-chaises-interieur","7":"product_cat-interieur","8":"product_cat-mobilier","9":"product_cat-non-palettisable","10":"product_shipping_class-free-shipping","12":"first","13":"instock","14":"featured","15":"taxable","16":"shipping-taxable","17":"purchasable","18":"product-type-simple"},"_links":{"self":[{"href":"https:\/\/abinox-chr-clim.com\/index.php\/wp-json\/wp\/v2\/product\/70376","targetHints":{"allow":["GET"]}}],"collection":[{"href":"https:\/\/abinox-chr-clim.com\/index.php\/wp-json\/wp\/v2\/product"}],"about":[{"href":"https:\/\/abinox-chr-clim.com\/index.php\/wp-json\/wp\/v2\/types\/product"}],"replies":[{"embeddable":true,"href":"https:\/\/abinox-chr-clim.com\/index.php\/wp-json\/wp\/v2\/comments?post=70376"}],"wp:featuredmedia":[{"embeddable":true,"href":"https:\/\/abinox-chr-clim.com\/index.php\/wp-json\/wp\/v2\/media\/93865"}],"wp:attachment":[{"href":"https:\/\/abinox-chr-clim.com\/index.php\/wp-json\/wp\/v2\/media?parent=70376"}],"wp:term":[{"taxonomy":"product_brand","embeddable":true,"href":"https:\/\/abinox-chr-clim.com\/index.php\/wp-json\/wp\/v2\/product_brand?post=70376"},{"taxonomy":"product_cat","embeddable":true,"href":"https:\/\/abinox-chr-clim.com\/index.php\/wp-json\/wp\/v2\/product_cat?post=70376"},{"taxonomy":"product_tag","embeddable":true,"href":"https:\/\/abinox-chr-clim.com\/index.php\/wp-json\/wp\/v2\/product_tag?post=70376"}],"curies":[{"name":"wp","href":"https:\/\/api.w.org\/{rel}","templated":true}]}}