{"id":70375,"date":"2024-03-22T19:26:49","date_gmt":"2024-03-22T18:26:49","guid":{"rendered":"https:\/\/abinox-chr-clim.com\/index.php\/product\/chaises-scandi-bolero-noires-lot-de-2\/"},"modified":"2026-04-02T10:10:29","modified_gmt":"2026-04-02T08:10:29","slug":"chaises-scandi-bolero-noires-lot-de-2","status":"publish","type":"product","link":"https:\/\/abinox-chr-clim.com\/index.php\/product\/chaises-scandi-bolero-noires-lot-de-2\/","title":{"rendered":"Chaises Scandi Bolero noires (lot de 2)"},"content":{"rendered":"<p>Si\u00e8ges modernes. Assise en bois et cadre inox pour un design industriel.<br \/>Le design sobre s&rsquo;inscrit dans la tendance du d\u00e9cor industriel. Le bois et l&rsquo;acier offrent une excellente durabilit\u00e9 pour une utilisation durable. Les mat\u00e9riaux de construction rendent les chaises tr\u00e8s durables. Les pieds antid\u00e9rapants antitraces \u00e9vitent d&rsquo;endommager le sol tout en am\u00e9liorant la stabilit\u00e9 globale. La conception l\u00e9g\u00e8re permet un transport facile. Utilisation en int\u00e9rieur uniquement. Auto-assemblage requis. Non empilable. Hauteur du si\u00e8ge : 760 mm. Charge maximale : 160kg. Le design sobre s&rsquo;inscrit dans la tendance du d\u00e9cor industriel.<\/p>\n<p>Caract\u00e9ristiques :<br \/>Lot : 2.<br \/> Dimensions : 815(H) x 520(L) x 500(P) mm.<br \/> Mati\u00e8re : Bois et acier.<br \/> Couleur : Noir.<\/p>\n","protected":false},"excerpt":{"rendered":"<p>Chaises Scandi Bolero noires (lot de 2)<\/p>\n","protected":false},"featured_media":93869,"comment_status":"closed","ping_status":"closed","template":"","meta":[],"product_brand":[],"product_cat":[1209,1208,1201,1297],"product_tag":[],"class_list":{"0":"post-70375","1":"product","2":"type-product","3":"status-publish","4":"has-post-thumbnail","6":"product_cat-chaises-interieur","7":"product_cat-interieur","8":"product_cat-mobilier","9":"product_cat-non-palettisable","10":"product_shipping_class-free-shipping","12":"first","13":"outofstock","14":"featured","15":"taxable","16":"shipping-taxable","17":"purchasable","18":"product-type-simple"},"_links":{"self":[{"href":"https:\/\/abinox-chr-clim.com\/index.php\/wp-json\/wp\/v2\/product\/70375","targetHints":{"allow":["GET"]}}],"collection":[{"href":"https:\/\/abinox-chr-clim.com\/index.php\/wp-json\/wp\/v2\/product"}],"about":[{"href":"https:\/\/abinox-chr-clim.com\/index.php\/wp-json\/wp\/v2\/types\/product"}],"replies":[{"embeddable":true,"href":"https:\/\/abinox-chr-clim.com\/index.php\/wp-json\/wp\/v2\/comments?post=70375"}],"wp:featuredmedia":[{"embeddable":true,"href":"https:\/\/abinox-chr-clim.com\/index.php\/wp-json\/wp\/v2\/media\/93869"}],"wp:attachment":[{"href":"https:\/\/abinox-chr-clim.com\/index.php\/wp-json\/wp\/v2\/media?parent=70375"}],"wp:term":[{"taxonomy":"product_brand","embeddable":true,"href":"https:\/\/abinox-chr-clim.com\/index.php\/wp-json\/wp\/v2\/product_brand?post=70375"},{"taxonomy":"product_cat","embeddable":true,"href":"https:\/\/abinox-chr-clim.com\/index.php\/wp-json\/wp\/v2\/product_cat?post=70375"},{"taxonomy":"product_tag","embeddable":true,"href":"https:\/\/abinox-chr-clim.com\/index.php\/wp-json\/wp\/v2\/product_tag?post=70375"}],"curies":[{"name":"wp","href":"https:\/\/api.w.org\/{rel}","templated":true}]}}