{"id":70374,"date":"2024-03-22T19:26:49","date_gmt":"2024-03-22T18:26:49","guid":{"rendered":"https:\/\/abinox-chr-clim.com\/index.php\/product\/chaises-bolero-arlo-vert-deau-lot-de-2\/"},"modified":"2026-04-02T10:03:10","modified_gmt":"2026-04-02T08:03:10","slug":"chaises-bolero-arlo-vert-deau-lot-de-2","status":"publish","type":"product","link":"https:\/\/abinox-chr-clim.com\/index.php\/product\/chaises-bolero-arlo-vert-deau-lot-de-2\/","title":{"rendered":"Chaises Bolero Arlo vert d&rsquo;eau (lot de 2)"},"content":{"rendered":"<p>Chaise moderne, parfaite pour ajouter une touche design \u00e0 votre \u00e9tablissement. Les couleurs peuvent \u00eatre m\u00e9lang\u00e9es ou associ\u00e9es selon le style souhait\u00e9. La structure solide et la coque en plastique moul\u00e9 durable sont parfaitement adapt\u00e9es aux lieux tr\u00e8s fr\u00e9quent\u00e9s.<br \/>Structure embl\u00e9matique d&rsquo;inspiration Eiffel. Facile \u00e0 nettoyer, coque en polypropyl\u00e8ne renforc\u00e9e. Vendues par lot de 2. A mixer ou assortir. Auto assemblage facile. Utilisation int\u00e9rieure uniquement. Patins anti traces. Conforme aux normes standards.Structure embl\u00e9matique d&rsquo;inspiration Eiffel.<\/p>\n<p>Caract\u00e9ristiques :<br \/>Lot : 2.<br \/> Dimensions : 830(H) x 460(L) x 540(P) mm.<br \/> Mati\u00e8re : Polypropyl\u00e8ne\/ bois et acier.<br \/> Couleur : Vert d&rsquo;eau.<\/p>\n","protected":false},"excerpt":{"rendered":"<p>Chaises Bolero Arlo vert d&rsquo;eau (lot de 2)<\/p>\n","protected":false},"featured_media":93886,"comment_status":"closed","ping_status":"closed","template":"","meta":[],"product_brand":[],"product_cat":[1209,1208,1201,1297],"product_tag":[],"class_list":{"0":"post-70374","1":"product","2":"type-product","3":"status-publish","4":"has-post-thumbnail","6":"product_cat-chaises-interieur","7":"product_cat-interieur","8":"product_cat-mobilier","9":"product_cat-non-palettisable","10":"product_shipping_class-free-shipping","12":"first","13":"instock","14":"featured","15":"taxable","16":"shipping-taxable","17":"purchasable","18":"product-type-simple"},"_links":{"self":[{"href":"https:\/\/abinox-chr-clim.com\/index.php\/wp-json\/wp\/v2\/product\/70374","targetHints":{"allow":["GET"]}}],"collection":[{"href":"https:\/\/abinox-chr-clim.com\/index.php\/wp-json\/wp\/v2\/product"}],"about":[{"href":"https:\/\/abinox-chr-clim.com\/index.php\/wp-json\/wp\/v2\/types\/product"}],"replies":[{"embeddable":true,"href":"https:\/\/abinox-chr-clim.com\/index.php\/wp-json\/wp\/v2\/comments?post=70374"}],"wp:featuredmedia":[{"embeddable":true,"href":"https:\/\/abinox-chr-clim.com\/index.php\/wp-json\/wp\/v2\/media\/93886"}],"wp:attachment":[{"href":"https:\/\/abinox-chr-clim.com\/index.php\/wp-json\/wp\/v2\/media?parent=70374"}],"wp:term":[{"taxonomy":"product_brand","embeddable":true,"href":"https:\/\/abinox-chr-clim.com\/index.php\/wp-json\/wp\/v2\/product_brand?post=70374"},{"taxonomy":"product_cat","embeddable":true,"href":"https:\/\/abinox-chr-clim.com\/index.php\/wp-json\/wp\/v2\/product_cat?post=70374"},{"taxonomy":"product_tag","embeddable":true,"href":"https:\/\/abinox-chr-clim.com\/index.php\/wp-json\/wp\/v2\/product_tag?post=70374"}],"curies":[{"name":"wp","href":"https:\/\/api.w.org\/{rel}","templated":true}]}}