{"id":70373,"date":"2024-03-22T19:26:49","date_gmt":"2024-03-22T18:26:49","guid":{"rendered":"https:\/\/abinox-chr-clim.com\/index.php\/product\/chaises-bolero-arlo-gris-fonce-lot-de-2\/"},"modified":"2026-04-02T09:59:06","modified_gmt":"2026-04-02T07:59:06","slug":"chaises-bolero-arlo-gris-fonce-lot-de-2","status":"publish","type":"product","link":"https:\/\/abinox-chr-clim.com\/index.php\/product\/chaises-bolero-arlo-gris-fonce-lot-de-2\/","title":{"rendered":"Chaises Bolero Arlo gris fonc\u00e9 (lot de 2)"},"content":{"rendered":"<p>Chaise moderne, parfaite pour ajouter une touche design \u00e0 votre \u00e9tablissement. Les couleurs peuvent \u00eatre m\u00e9lang\u00e9es ou associ\u00e9es selon le style souhait\u00e9. La structure solide et la coque en plastique moul\u00e9 durable sont parfaitement adapt\u00e9es aux lieux tr\u00e8s fr\u00e9quent\u00e9s.<br \/>Structure embl\u00e9matique d&rsquo;inspiration Eiffel. Facile \u00e0 nettoyer, coque en polypropyl\u00e8ne renforc\u00e9e. Vendues par lot de 2. R\u00e9f\u00e9rence soumise \u00e0 une Eco-participation mobilier de 1.97\u20ac par unit\u00e9 vendue. Dossier rainur\u00e9 en polypropyl\u00e8ne durable avec structure en acier chrom\u00e9 poli. Utilisation int\u00e9rieure uniquement. Patins anti traces. Conforme aux normes standards.A mixer ou assortir. Structure embl\u00e9matique d&rsquo;inspiration Eiffel.<\/p>\n<p>Caract\u00e9ristiques :<br \/>Lot : 2.<br \/> Dimensions : 830(H) x 460(L) x 540(P) mm.<br \/> Mati\u00e8re : Polypropyl\u00e8ne\/ bois et acier.<br \/> Couleur : Gris.<\/p>\n","protected":false},"excerpt":{"rendered":"<p>Chaises Bolero Arlo gris fonc\u00e9 (lot de 2)<\/p>\n","protected":false},"featured_media":93888,"comment_status":"closed","ping_status":"closed","template":"","meta":[],"product_brand":[],"product_cat":[1209,1208,1201,1297],"product_tag":[],"class_list":{"0":"post-70373","1":"product","2":"type-product","3":"status-publish","4":"has-post-thumbnail","6":"product_cat-chaises-interieur","7":"product_cat-interieur","8":"product_cat-mobilier","9":"product_cat-non-palettisable","10":"product_shipping_class-free-shipping","12":"first","13":"instock","14":"featured","15":"taxable","16":"shipping-taxable","17":"purchasable","18":"product-type-simple"},"_links":{"self":[{"href":"https:\/\/abinox-chr-clim.com\/index.php\/wp-json\/wp\/v2\/product\/70373","targetHints":{"allow":["GET"]}}],"collection":[{"href":"https:\/\/abinox-chr-clim.com\/index.php\/wp-json\/wp\/v2\/product"}],"about":[{"href":"https:\/\/abinox-chr-clim.com\/index.php\/wp-json\/wp\/v2\/types\/product"}],"replies":[{"embeddable":true,"href":"https:\/\/abinox-chr-clim.com\/index.php\/wp-json\/wp\/v2\/comments?post=70373"}],"wp:featuredmedia":[{"embeddable":true,"href":"https:\/\/abinox-chr-clim.com\/index.php\/wp-json\/wp\/v2\/media\/93888"}],"wp:attachment":[{"href":"https:\/\/abinox-chr-clim.com\/index.php\/wp-json\/wp\/v2\/media?parent=70373"}],"wp:term":[{"taxonomy":"product_brand","embeddable":true,"href":"https:\/\/abinox-chr-clim.com\/index.php\/wp-json\/wp\/v2\/product_brand?post=70373"},{"taxonomy":"product_cat","embeddable":true,"href":"https:\/\/abinox-chr-clim.com\/index.php\/wp-json\/wp\/v2\/product_cat?post=70373"},{"taxonomy":"product_tag","embeddable":true,"href":"https:\/\/abinox-chr-clim.com\/index.php\/wp-json\/wp\/v2\/product_tag?post=70373"}],"curies":[{"name":"wp","href":"https:\/\/api.w.org\/{rel}","templated":true}]}}