{"id":70370,"date":"2024-03-22T19:26:48","date_gmt":"2024-03-22T18:26:48","guid":{"rendered":"https:\/\/abinox-chr-clim.com\/index.php\/product\/tabourets-de-bar-en-acier-et-acacia-bolero-lot-de-2\/"},"modified":"2026-04-02T09:39:31","modified_gmt":"2026-04-02T07:39:31","slug":"tabourets-de-bar-en-acier-et-acacia-bolero-lot-de-2","status":"publish","type":"product","link":"https:\/\/abinox-chr-clim.com\/index.php\/product\/tabourets-de-bar-en-acier-et-acacia-bolero-lot-de-2\/","title":{"rendered":"Tabourets de bar en acier et acacia Bolero (lot de 2)"},"content":{"rendered":"<p>Mobilier de bar \u00e9l\u00e9gant en acier et en bois pr\u00e9trait\u00e9 pouvant \u00eatre utilis\u00e9 en int\u00e9rieur ou en ext\u00e9rieur (entretien du bois conseill\u00e9).<br \/>Conseil : huiler le bois r\u00e9guli\u00e8rement pour conserver l&rsquo;aspect des chaises plus longtemps. Hauteur d&rsquo;assise : 750mm. Assemblage facile. R\u00e9f\u00e9rence soumise \u00e0 une Eco-participation mobilier de 1.79\u20ac par unit\u00e9 vendue. Construction robuste en bois et acier. Un entretien r\u00e9gulier du bois est pr\u00e9conis\u00e9 &#8211; utiliser DL476. Pieds avec embouts pour \u00e9viter les marques au sol. Utilisation int\u00e9rieure et ext\u00e9rieure. Acacia et acier finition poudr\u00e9e noire mate. Bois d&rsquo;acacia issu de sources \u00e9thiques. Conseil : huiler le bois r\u00e9guli\u00e8rement pour conserver l&rsquo;aspect des chaises plus longtemps.<\/p>\n<p>Caract\u00e9ristiques :<br \/>Lot : 2.<br \/> Dimensions : 750(H) x 350(L) x 350(P) mm.<br \/> Mati\u00e8re : Bois d&rsquo;acacia et acier poudr\u00e9.<br \/> Couleur : Teck.<\/p>\n","protected":false},"excerpt":{"rendered":"<p>Tabourets de bar en acier et acacia Bolero (lot de 2)<\/p>\n","protected":false},"featured_media":102700,"comment_status":"closed","ping_status":"closed","template":"","meta":[],"product_brand":[],"product_cat":[1209,1208,1201,1297],"product_tag":[],"class_list":{"0":"post-70370","1":"product","2":"type-product","3":"status-publish","4":"has-post-thumbnail","6":"product_cat-chaises-interieur","7":"product_cat-interieur","8":"product_cat-mobilier","9":"product_cat-non-palettisable","10":"product_shipping_class-free-shipping","12":"first","13":"instock","14":"featured","15":"taxable","16":"shipping-taxable","17":"purchasable","18":"product-type-simple"},"_links":{"self":[{"href":"https:\/\/abinox-chr-clim.com\/index.php\/wp-json\/wp\/v2\/product\/70370","targetHints":{"allow":["GET"]}}],"collection":[{"href":"https:\/\/abinox-chr-clim.com\/index.php\/wp-json\/wp\/v2\/product"}],"about":[{"href":"https:\/\/abinox-chr-clim.com\/index.php\/wp-json\/wp\/v2\/types\/product"}],"replies":[{"embeddable":true,"href":"https:\/\/abinox-chr-clim.com\/index.php\/wp-json\/wp\/v2\/comments?post=70370"}],"wp:featuredmedia":[{"embeddable":true,"href":"https:\/\/abinox-chr-clim.com\/index.php\/wp-json\/wp\/v2\/media\/102700"}],"wp:attachment":[{"href":"https:\/\/abinox-chr-clim.com\/index.php\/wp-json\/wp\/v2\/media?parent=70370"}],"wp:term":[{"taxonomy":"product_brand","embeddable":true,"href":"https:\/\/abinox-chr-clim.com\/index.php\/wp-json\/wp\/v2\/product_brand?post=70370"},{"taxonomy":"product_cat","embeddable":true,"href":"https:\/\/abinox-chr-clim.com\/index.php\/wp-json\/wp\/v2\/product_cat?post=70370"},{"taxonomy":"product_tag","embeddable":true,"href":"https:\/\/abinox-chr-clim.com\/index.php\/wp-json\/wp\/v2\/product_tag?post=70370"}],"curies":[{"name":"wp","href":"https:\/\/api.w.org\/{rel}","templated":true}]}}