{"id":70356,"date":"2024-03-22T19:26:39","date_gmt":"2024-03-22T18:26:39","guid":{"rendered":"https:\/\/abinox-chr-clim.com\/index.php\/product\/tabouret-de-pub-haut-en-bois-courbe-fameg\/"},"modified":"2026-04-02T10:04:07","modified_gmt":"2026-04-02T08:04:07","slug":"tabouret-de-pub-haut-en-bois-courbe-fameg","status":"publish","type":"product","link":"https:\/\/abinox-chr-clim.com\/index.php\/product\/tabouret-de-pub-haut-en-bois-courbe-fameg\/","title":{"rendered":"Tabouret de pub haut en bois courb\u00e9 Fameg"},"content":{"rendered":"<p>Tabouret de bar id\u00e9al pour une utilisation dans les pubs.<br \/>Hauteur d&rsquo;assise 800mm. Assise en placage. Construction en bois de h\u00eatre. R\u00e9f\u00e9rence soumise \u00e0 une Eco-participation mobilier de 1.08\u20ac par unit\u00e9 vendue. Utilisation en int\u00e9rieur uniquement.Enti\u00e8rement assembl\u00e9. \u00c9chantillons disponibles sur demande. Hauteur d&rsquo;assise 800mm.<\/p>\n<p>Caract\u00e9ristiques :<br \/> Dimensions : 800(H) x 370(L) mm.<br \/> Mati\u00e8re : Bois.<br \/> Couleur : Noyer.<\/p>\n","protected":false},"excerpt":{"rendered":"<p>Tabouret de pub haut en bois courb\u00e9 Fameg<\/p>\n","protected":false},"featured_media":89397,"comment_status":"closed","ping_status":"closed","template":"","meta":[],"product_brand":[],"product_cat":[1209,1208,1201,1297],"product_tag":[],"class_list":{"0":"post-70356","1":"product","2":"type-product","3":"status-publish","4":"has-post-thumbnail","6":"product_cat-chaises-interieur","7":"product_cat-interieur","8":"product_cat-mobilier","9":"product_cat-non-palettisable","10":"product_shipping_class-free-shipping","12":"first","13":"outofstock","14":"featured","15":"taxable","16":"shipping-taxable","17":"purchasable","18":"product-type-simple"},"_links":{"self":[{"href":"https:\/\/abinox-chr-clim.com\/index.php\/wp-json\/wp\/v2\/product\/70356","targetHints":{"allow":["GET"]}}],"collection":[{"href":"https:\/\/abinox-chr-clim.com\/index.php\/wp-json\/wp\/v2\/product"}],"about":[{"href":"https:\/\/abinox-chr-clim.com\/index.php\/wp-json\/wp\/v2\/types\/product"}],"replies":[{"embeddable":true,"href":"https:\/\/abinox-chr-clim.com\/index.php\/wp-json\/wp\/v2\/comments?post=70356"}],"wp:featuredmedia":[{"embeddable":true,"href":"https:\/\/abinox-chr-clim.com\/index.php\/wp-json\/wp\/v2\/media\/89397"}],"wp:attachment":[{"href":"https:\/\/abinox-chr-clim.com\/index.php\/wp-json\/wp\/v2\/media?parent=70356"}],"wp:term":[{"taxonomy":"product_brand","embeddable":true,"href":"https:\/\/abinox-chr-clim.com\/index.php\/wp-json\/wp\/v2\/product_brand?post=70356"},{"taxonomy":"product_cat","embeddable":true,"href":"https:\/\/abinox-chr-clim.com\/index.php\/wp-json\/wp\/v2\/product_cat?post=70356"},{"taxonomy":"product_tag","embeddable":true,"href":"https:\/\/abinox-chr-clim.com\/index.php\/wp-json\/wp\/v2\/product_tag?post=70356"}],"curies":[{"name":"wp","href":"https:\/\/api.w.org\/{rel}","templated":true}]}}