{"id":70354,"date":"2024-03-22T19:26:39","date_gmt":"2024-03-22T18:26:39","guid":{"rendered":"https:\/\/abinox-chr-clim.com\/index.php\/product\/chaises-bistro-en-acier-bolero-jaunes-lot-de-4\/"},"modified":"2026-04-02T10:10:23","modified_gmt":"2026-04-02T08:10:23","slug":"chaises-bistro-en-acier-bolero-jaunes-lot-de-4","status":"publish","type":"product","link":"https:\/\/abinox-chr-clim.com\/index.php\/product\/chaises-bistro-en-acier-bolero-jaunes-lot-de-4\/","title":{"rendered":"Chaises bistro en acier Bolero jaunes (lot de 4)"},"content":{"rendered":"<p>Acier galvanis\u00e9 facile \u00e0 nettoyer pour une utilisation \u00e0 l&rsquo;int\u00e9rieur ou \u00e0 l&rsquo;ext\u00e9rieur. Conception empilable pour le rangement et le stockage.<br \/>La construction l\u00e9g\u00e8re rend les chaises faciles \u00e0 transporter. La conception empilable vous permet d&rsquo;\u00e9conomiser de l&rsquo;espace de stockage. Le design industriel donnera un nouveau style \u00e0 vos espaces. Livr\u00e9es enti\u00e8rement assembl\u00e9 pour une utilisation imm\u00e9diate. Patins en caoutchouc antid\u00e9rapants pour r\u00e9duire les marques au sol et ajouter de la stabilit\u00e9 lors de l&rsquo;utilisation. La construction robuste en acier galvanis\u00e9 vous offre des meubles durables.Charge maximale : 160kg. La construction l\u00e9g\u00e8re rend les chaises faciles \u00e0 transporter.<\/p>\n<p>Caract\u00e9ristiques :<br \/>Lot : 4.<br \/> Dimensions : 850(H) x 425(L) x 510(P) mm.<br \/> Mati\u00e8re : Acier galvanis\u00e9.<br \/> Couleur : Jaune.<\/p>\n","protected":false},"excerpt":{"rendered":"<p>Chaises bistro en acier Bolero jaunes (lot de 4)<\/p>\n","protected":false},"featured_media":89954,"comment_status":"closed","ping_status":"closed","template":"","meta":[],"product_brand":[],"product_cat":[1209,1208,1201,1297],"product_tag":[],"class_list":{"0":"post-70354","1":"product","2":"type-product","3":"status-publish","4":"has-post-thumbnail","6":"product_cat-chaises-interieur","7":"product_cat-interieur","8":"product_cat-mobilier","9":"product_cat-non-palettisable","10":"product_shipping_class-free-shipping","12":"first","13":"instock","14":"featured","15":"taxable","16":"shipping-taxable","17":"purchasable","18":"product-type-simple"},"_links":{"self":[{"href":"https:\/\/abinox-chr-clim.com\/index.php\/wp-json\/wp\/v2\/product\/70354","targetHints":{"allow":["GET"]}}],"collection":[{"href":"https:\/\/abinox-chr-clim.com\/index.php\/wp-json\/wp\/v2\/product"}],"about":[{"href":"https:\/\/abinox-chr-clim.com\/index.php\/wp-json\/wp\/v2\/types\/product"}],"replies":[{"embeddable":true,"href":"https:\/\/abinox-chr-clim.com\/index.php\/wp-json\/wp\/v2\/comments?post=70354"}],"wp:featuredmedia":[{"embeddable":true,"href":"https:\/\/abinox-chr-clim.com\/index.php\/wp-json\/wp\/v2\/media\/89954"}],"wp:attachment":[{"href":"https:\/\/abinox-chr-clim.com\/index.php\/wp-json\/wp\/v2\/media?parent=70354"}],"wp:term":[{"taxonomy":"product_brand","embeddable":true,"href":"https:\/\/abinox-chr-clim.com\/index.php\/wp-json\/wp\/v2\/product_brand?post=70354"},{"taxonomy":"product_cat","embeddable":true,"href":"https:\/\/abinox-chr-clim.com\/index.php\/wp-json\/wp\/v2\/product_cat?post=70354"},{"taxonomy":"product_tag","embeddable":true,"href":"https:\/\/abinox-chr-clim.com\/index.php\/wp-json\/wp\/v2\/product_tag?post=70354"}],"curies":[{"name":"wp","href":"https:\/\/api.w.org\/{rel}","templated":true}]}}