{"id":70352,"date":"2024-03-22T19:26:38","date_gmt":"2024-03-22T18:26:38","guid":{"rendered":"https:\/\/abinox-chr-clim.com\/index.php\/product\/tabouret-bas-en-acier-galvanise-avec-assise-en-bois-bolero-cantina-lot-de-4\/"},"modified":"2026-04-02T09:34:31","modified_gmt":"2026-04-02T07:34:31","slug":"tabouret-bas-en-acier-galvanise-avec-assise-en-bois-bolero-cantina-lot-de-4","status":"publish","type":"product","link":"https:\/\/abinox-chr-clim.com\/index.php\/product\/tabouret-bas-en-acier-galvanise-avec-assise-en-bois-bolero-cantina-lot-de-4\/","title":{"rendered":"Tabouret bas en acier galvanis\u00e9 avec assise en bois Bolero Cantina (lot de 4)"},"content":{"rendered":"<p>Mod\u00e8le contemporain avec structure en acier galvanis\u00e9 au design industriel, finition m\u00e9tal vieilli, et assise en bois.<br \/>Utilisation int\u00e9rieure et ext\u00e9rieure. Facile \u00e0 nettoyer. Hauteur d&rsquo;assise 470mm. R\u00e9f\u00e9rence soumise \u00e0 une Eco-participation mobilier de 0.87\u20ac par unit\u00e9 vendue. Empilables jusqu&rsquo;\u00e0 5. Patins antitraces. Poss\u00e8de une structure contemporaine en acier galvanis\u00e9 avec un design industriel finition m\u00e9tal vieilli.Livr\u00e9s mont\u00e9s. Utilisation int\u00e9rieure et ext\u00e9rieure.<\/p>\n<p>Caract\u00e9ristiques :<br \/>Lot : 4.<br \/> Dimensions : 470(H) x 385(L) x 385(P) mm.<br \/> Mati\u00e8re : Acier galvanis\u00e9.<br \/> Couleur : Argent.<\/p>\n","protected":false},"excerpt":{"rendered":"<p>Tabouret bas en acier galvanis\u00e9 avec assise en bois Bolero Cantina (lot de 4)<\/p>\n","protected":false},"featured_media":90399,"comment_status":"closed","ping_status":"closed","template":"","meta":[],"product_brand":[],"product_cat":[1209,1208,1201,1297],"product_tag":[],"class_list":{"0":"post-70352","1":"product","2":"type-product","3":"status-publish","4":"has-post-thumbnail","6":"product_cat-chaises-interieur","7":"product_cat-interieur","8":"product_cat-mobilier","9":"product_cat-non-palettisable","10":"product_shipping_class-free-shipping","12":"first","13":"instock","14":"featured","15":"taxable","16":"shipping-taxable","17":"purchasable","18":"product-type-simple"},"_links":{"self":[{"href":"https:\/\/abinox-chr-clim.com\/index.php\/wp-json\/wp\/v2\/product\/70352","targetHints":{"allow":["GET"]}}],"collection":[{"href":"https:\/\/abinox-chr-clim.com\/index.php\/wp-json\/wp\/v2\/product"}],"about":[{"href":"https:\/\/abinox-chr-clim.com\/index.php\/wp-json\/wp\/v2\/types\/product"}],"replies":[{"embeddable":true,"href":"https:\/\/abinox-chr-clim.com\/index.php\/wp-json\/wp\/v2\/comments?post=70352"}],"wp:featuredmedia":[{"embeddable":true,"href":"https:\/\/abinox-chr-clim.com\/index.php\/wp-json\/wp\/v2\/media\/90399"}],"wp:attachment":[{"href":"https:\/\/abinox-chr-clim.com\/index.php\/wp-json\/wp\/v2\/media?parent=70352"}],"wp:term":[{"taxonomy":"product_brand","embeddable":true,"href":"https:\/\/abinox-chr-clim.com\/index.php\/wp-json\/wp\/v2\/product_brand?post=70352"},{"taxonomy":"product_cat","embeddable":true,"href":"https:\/\/abinox-chr-clim.com\/index.php\/wp-json\/wp\/v2\/product_cat?post=70352"},{"taxonomy":"product_tag","embeddable":true,"href":"https:\/\/abinox-chr-clim.com\/index.php\/wp-json\/wp\/v2\/product_tag?post=70352"}],"curies":[{"name":"wp","href":"https:\/\/api.w.org\/{rel}","templated":true}]}}