{"id":70350,"date":"2024-03-22T19:26:37","date_gmt":"2024-03-22T18:26:37","guid":{"rendered":"https:\/\/abinox-chr-clim.com\/index.php\/product\/chaise-haute-bebe-bolero-blanc-brillant\/"},"modified":"2026-04-02T09:59:20","modified_gmt":"2026-04-02T07:59:20","slug":"chaise-haute-bebe-bolero-blanc-brillant","status":"publish","type":"product","link":"https:\/\/abinox-chr-clim.com\/index.php\/product\/chaise-haute-bebe-bolero-blanc-brillant\/","title":{"rendered":"Chaise haute b\u00e9b\u00e9 Bolero blanc brillant"},"content":{"rendered":"<p>Assurez la s\u00e9curit\u00e9 de votre enfant lorsqu&rsquo;il est assis avec cette chaise haute Bolero b\u00e9n\u00e9ficiant d&rsquo;un harnais et de sangles. Le plateau repas peut facilement \u00eatre essuy\u00e9 et retir\u00e9 pour \u00eatre nettoy\u00e9 et le repose-pieds r\u00e9glable peut \u00eatre ajust\u00e9 en fonction de la taille de l&rsquo;enfant.<br \/>L&rsquo;acier inoxydable et le polypropyl\u00e8ne offrent une excellente durabilit\u00e9. Les mat\u00e9riaux permettent un nettoyage rapide et facile de la chaise haute. Le harnais \u00e0 5 points assure une excellente s\u00e9curit\u00e9 pour pr\u00e9venir les accidents. R\u00e9f\u00e9rence soumise \u00e0 une Eco-participation mobilier de 0.68\u20ac par unit\u00e9 vendue. Le plateau amovible et facile \u00e0 nettoyer permet d&rsquo;excellentes pratiques d&rsquo;hygi\u00e8ne.  La hauteur r\u00e9glable permet un ajustement en fonction de chaque table. L&rsquo;acier inoxydable et le polypropyl\u00e8ne offrent une excellente durabilit\u00e9.<\/p>\n<p>Caract\u00e9ristiques :<br \/> Dimensions : 1010(H) x 650(L) x 770(P) mm.<br \/> Mati\u00e8re : Inox et polypropyl\u00e8ne.<br \/> Couleur : Blanc.<\/p>\n","protected":false},"excerpt":{"rendered":"<p>Chaise haute b\u00e9b\u00e9 Bolero blanc brillant<\/p>\n","protected":false},"featured_media":88658,"comment_status":"closed","ping_status":"closed","template":"","meta":[],"product_brand":[],"product_cat":[1209,1208,1201,1297],"product_tag":[],"class_list":{"0":"post-70350","1":"product","2":"type-product","3":"status-publish","4":"has-post-thumbnail","6":"product_cat-chaises-interieur","7":"product_cat-interieur","8":"product_cat-mobilier","9":"product_cat-non-palettisable","10":"product_shipping_class-free-shipping","12":"first","13":"instock","14":"featured","15":"taxable","16":"shipping-taxable","17":"purchasable","18":"product-type-simple"},"_links":{"self":[{"href":"https:\/\/abinox-chr-clim.com\/index.php\/wp-json\/wp\/v2\/product\/70350","targetHints":{"allow":["GET"]}}],"collection":[{"href":"https:\/\/abinox-chr-clim.com\/index.php\/wp-json\/wp\/v2\/product"}],"about":[{"href":"https:\/\/abinox-chr-clim.com\/index.php\/wp-json\/wp\/v2\/types\/product"}],"replies":[{"embeddable":true,"href":"https:\/\/abinox-chr-clim.com\/index.php\/wp-json\/wp\/v2\/comments?post=70350"}],"wp:featuredmedia":[{"embeddable":true,"href":"https:\/\/abinox-chr-clim.com\/index.php\/wp-json\/wp\/v2\/media\/88658"}],"wp:attachment":[{"href":"https:\/\/abinox-chr-clim.com\/index.php\/wp-json\/wp\/v2\/media?parent=70350"}],"wp:term":[{"taxonomy":"product_brand","embeddable":true,"href":"https:\/\/abinox-chr-clim.com\/index.php\/wp-json\/wp\/v2\/product_brand?post=70350"},{"taxonomy":"product_cat","embeddable":true,"href":"https:\/\/abinox-chr-clim.com\/index.php\/wp-json\/wp\/v2\/product_cat?post=70350"},{"taxonomy":"product_tag","embeddable":true,"href":"https:\/\/abinox-chr-clim.com\/index.php\/wp-json\/wp\/v2\/product_tag?post=70350"}],"curies":[{"name":"wp","href":"https:\/\/api.w.org\/{rel}","templated":true}]}}