{"id":70348,"date":"2024-03-22T19:26:36","date_gmt":"2024-03-22T18:26:36","guid":{"rendered":"https:\/\/abinox-chr-clim.com\/index.php\/product\/chaises-fameg-cowhorn-noyer-naturel-lot-de-2\/"},"modified":"2026-04-02T10:10:19","modified_gmt":"2026-04-02T08:10:19","slug":"chaises-fameg-cowhorn-noyer-naturel-lot-de-2","status":"publish","type":"product","link":"https:\/\/abinox-chr-clim.com\/index.php\/product\/chaises-fameg-cowhorn-noyer-naturel-lot-de-2\/","title":{"rendered":"Chaises Fameg Cowhorn noyer naturel (lot de 2)"},"content":{"rendered":"<p>Conception en bois courb\u00e9 \u00e9l\u00e9gante et durable. Convient pour une utilisation int\u00e9rieure uniquement. Livr\u00e9es mont\u00e9es. Hauteur d&rsquo;assise 490mm. Chaises en bois massif. Coloris : noyer naturel. Haut du dossier courb\u00e9 pour plus de confort.Conception en bois courb\u00e9 \u00e9l\u00e9gante et durable.<\/p>\n<p>Caract\u00e9ristiques :<br \/>Lot : 2.<br \/> Dimensions : 790(H) x 430(L) x 480(P) mm.<br \/> Mati\u00e8re : Bois.<br \/> Couleur : Noyer.<\/p>\n","protected":false},"excerpt":{"rendered":"<p>Chaises Fameg Cowhorn noyer naturel (lot de 2)<\/p>\n","protected":false},"featured_media":87110,"comment_status":"closed","ping_status":"closed","template":"","meta":[],"product_brand":[],"product_cat":[1209,1208,1201,1297],"product_tag":[],"class_list":{"0":"post-70348","1":"product","2":"type-product","3":"status-publish","4":"has-post-thumbnail","6":"product_cat-chaises-interieur","7":"product_cat-interieur","8":"product_cat-mobilier","9":"product_cat-non-palettisable","10":"product_shipping_class-free-shipping","12":"first","13":"outofstock","14":"featured","15":"taxable","16":"shipping-taxable","17":"purchasable","18":"product-type-simple"},"_links":{"self":[{"href":"https:\/\/abinox-chr-clim.com\/index.php\/wp-json\/wp\/v2\/product\/70348","targetHints":{"allow":["GET"]}}],"collection":[{"href":"https:\/\/abinox-chr-clim.com\/index.php\/wp-json\/wp\/v2\/product"}],"about":[{"href":"https:\/\/abinox-chr-clim.com\/index.php\/wp-json\/wp\/v2\/types\/product"}],"replies":[{"embeddable":true,"href":"https:\/\/abinox-chr-clim.com\/index.php\/wp-json\/wp\/v2\/comments?post=70348"}],"wp:featuredmedia":[{"embeddable":true,"href":"https:\/\/abinox-chr-clim.com\/index.php\/wp-json\/wp\/v2\/media\/87110"}],"wp:attachment":[{"href":"https:\/\/abinox-chr-clim.com\/index.php\/wp-json\/wp\/v2\/media?parent=70348"}],"wp:term":[{"taxonomy":"product_brand","embeddable":true,"href":"https:\/\/abinox-chr-clim.com\/index.php\/wp-json\/wp\/v2\/product_brand?post=70348"},{"taxonomy":"product_cat","embeddable":true,"href":"https:\/\/abinox-chr-clim.com\/index.php\/wp-json\/wp\/v2\/product_cat?post=70348"},{"taxonomy":"product_tag","embeddable":true,"href":"https:\/\/abinox-chr-clim.com\/index.php\/wp-json\/wp\/v2\/product_tag?post=70348"}],"curies":[{"name":"wp","href":"https:\/\/api.w.org\/{rel}","templated":true}]}}