{"id":70347,"date":"2024-03-22T19:26:36","date_gmt":"2024-03-22T18:26:36","guid":{"rendered":"https:\/\/abinox-chr-clim.com\/index.php\/product\/chaises-fameg-cowhorn-hetre-naturel-lot-de-2\/"},"modified":"2026-04-02T10:10:18","modified_gmt":"2026-04-02T08:10:18","slug":"chaises-fameg-cowhorn-hetre-naturel-lot-de-2","status":"publish","type":"product","link":"https:\/\/abinox-chr-clim.com\/index.php\/product\/chaises-fameg-cowhorn-hetre-naturel-lot-de-2\/","title":{"rendered":"Chaises Fameg Cowhorn h\u00eatre naturel (lot de 2)"},"content":{"rendered":"<p>Le design \u00e9l\u00e9gant en bois courb\u00e9 ajoute un style rustique \u00e0 vos salles.Finition en h\u00eatre. Aucun assemblage requis, la chaise est livr\u00e9e et pr\u00eate \u00e0 l&#8217;emploi imm\u00e9diatement. Le dossier et l&rsquo;assise permettent aux clients d&rsquo;\u00eatre confortablement install\u00e9s. Convient pour une utilisation int\u00e9rieure. Hauteur d&rsquo;assise 490mm.Le design \u00e9l\u00e9gant en bois courb\u00e9 ajoute un style rustique \u00e0 vos salles.<\/p>\n<p>Caract\u00e9ristiques :<br \/>Lot : 2.<br \/> Dimensions : 790(H) x 430(L) x 480(P) mm.<br \/> Mati\u00e8re : Bois de h\u00eatre.<br \/> Couleur : H\u00eatre naturel.<\/p>\n","protected":false},"excerpt":{"rendered":"<p>Chaises Fameg Cowhorn h\u00eatre naturel (lot de 2)<\/p>\n","protected":false},"featured_media":87106,"comment_status":"closed","ping_status":"closed","template":"","meta":[],"product_brand":[],"product_cat":[1209,1208,1201,1297],"product_tag":[],"class_list":{"0":"post-70347","1":"product","2":"type-product","3":"status-publish","4":"has-post-thumbnail","6":"product_cat-chaises-interieur","7":"product_cat-interieur","8":"product_cat-mobilier","9":"product_cat-non-palettisable","10":"product_shipping_class-free-shipping","12":"first","13":"instock","14":"featured","15":"taxable","16":"shipping-taxable","17":"purchasable","18":"product-type-simple"},"_links":{"self":[{"href":"https:\/\/abinox-chr-clim.com\/index.php\/wp-json\/wp\/v2\/product\/70347","targetHints":{"allow":["GET"]}}],"collection":[{"href":"https:\/\/abinox-chr-clim.com\/index.php\/wp-json\/wp\/v2\/product"}],"about":[{"href":"https:\/\/abinox-chr-clim.com\/index.php\/wp-json\/wp\/v2\/types\/product"}],"replies":[{"embeddable":true,"href":"https:\/\/abinox-chr-clim.com\/index.php\/wp-json\/wp\/v2\/comments?post=70347"}],"wp:featuredmedia":[{"embeddable":true,"href":"https:\/\/abinox-chr-clim.com\/index.php\/wp-json\/wp\/v2\/media\/87106"}],"wp:attachment":[{"href":"https:\/\/abinox-chr-clim.com\/index.php\/wp-json\/wp\/v2\/media?parent=70347"}],"wp:term":[{"taxonomy":"product_brand","embeddable":true,"href":"https:\/\/abinox-chr-clim.com\/index.php\/wp-json\/wp\/v2\/product_brand?post=70347"},{"taxonomy":"product_cat","embeddable":true,"href":"https:\/\/abinox-chr-clim.com\/index.php\/wp-json\/wp\/v2\/product_cat?post=70347"},{"taxonomy":"product_tag","embeddable":true,"href":"https:\/\/abinox-chr-clim.com\/index.php\/wp-json\/wp\/v2\/product_tag?post=70347"}],"curies":[{"name":"wp","href":"https:\/\/api.w.org\/{rel}","templated":true}]}}