{"id":70346,"date":"2024-03-22T19:26:36","date_gmt":"2024-03-22T18:26:36","guid":{"rendered":"https:\/\/abinox-chr-clim.com\/index.php\/product\/chaises-eden-bolero-lot-de-2\/"},"modified":"2026-04-02T10:05:59","modified_gmt":"2026-04-02T08:05:59","slug":"chaises-eden-bolero-lot-de-2","status":"publish","type":"product","link":"https:\/\/abinox-chr-clim.com\/index.php\/product\/chaises-eden-bolero-lot-de-2\/","title":{"rendered":"Chaises Eden Bolero (lot de 2)"},"content":{"rendered":"<p>Gr\u00e2ce \u00e0 son design simple mais \u00e9l\u00e9gant, la chaises Eden est parfaite pour tout type de salle. La mati\u00e8re plastique assure une utilisation durable et un nettoyage facile.<br \/>Fabriqu\u00e9 \u00e0 partir de 20 % de plastique recycl\u00e9 pour la durabilit\u00e9. Empilable pour gagner de la place. Facile \u00e0 nettoyer pour l&rsquo;hygi\u00e8ne. R\u00e9f\u00e9rence soumise \u00e0 une Eco-participation mobilier de 1.66\u20ac par unit\u00e9 vendue. Utilisation en int\u00e9rieur uniquement. Mat\u00e9riau durable, adapt\u00e9 \u00e0 un usage quotidien. Envoy\u00e9 en carton par lot de 2.Livr\u00e9 enti\u00e8rement assembl\u00e9 pour plus de facilit\u00e9. Poids maximum support\u00e9 : 160kg. Fabriqu\u00e9 \u00e0 partir de 20 % de plastique recycl\u00e9 pour la durabilit\u00e9.<\/p>\n<p>Caract\u00e9ristiques :<br \/>Lot : 2.<br \/> Dimensions : 775(H) x 480(L) mm.<br \/> Mati\u00e8re : Polypropyl\u00e8ne et bois agglom\u00e9r\u00e9.<br \/> Couleur : Cr\u00e8me.<\/p>\n","protected":false},"excerpt":{"rendered":"<p>Chaises Eden Bolero (lot de 2)<\/p>\n","protected":false},"featured_media":83829,"comment_status":"closed","ping_status":"closed","template":"","meta":[],"product_brand":[],"product_cat":[1209,1208,1201,1297],"product_tag":[],"class_list":{"0":"post-70346","1":"product","2":"type-product","3":"status-publish","4":"has-post-thumbnail","6":"product_cat-chaises-interieur","7":"product_cat-interieur","8":"product_cat-mobilier","9":"product_cat-non-palettisable","10":"product_shipping_class-free-shipping","12":"first","13":"outofstock","14":"featured","15":"taxable","16":"shipping-taxable","17":"purchasable","18":"product-type-simple"},"_links":{"self":[{"href":"https:\/\/abinox-chr-clim.com\/index.php\/wp-json\/wp\/v2\/product\/70346","targetHints":{"allow":["GET"]}}],"collection":[{"href":"https:\/\/abinox-chr-clim.com\/index.php\/wp-json\/wp\/v2\/product"}],"about":[{"href":"https:\/\/abinox-chr-clim.com\/index.php\/wp-json\/wp\/v2\/types\/product"}],"replies":[{"embeddable":true,"href":"https:\/\/abinox-chr-clim.com\/index.php\/wp-json\/wp\/v2\/comments?post=70346"}],"wp:featuredmedia":[{"embeddable":true,"href":"https:\/\/abinox-chr-clim.com\/index.php\/wp-json\/wp\/v2\/media\/83829"}],"wp:attachment":[{"href":"https:\/\/abinox-chr-clim.com\/index.php\/wp-json\/wp\/v2\/media?parent=70346"}],"wp:term":[{"taxonomy":"product_brand","embeddable":true,"href":"https:\/\/abinox-chr-clim.com\/index.php\/wp-json\/wp\/v2\/product_brand?post=70346"},{"taxonomy":"product_cat","embeddable":true,"href":"https:\/\/abinox-chr-clim.com\/index.php\/wp-json\/wp\/v2\/product_cat?post=70346"},{"taxonomy":"product_tag","embeddable":true,"href":"https:\/\/abinox-chr-clim.com\/index.php\/wp-json\/wp\/v2\/product_tag?post=70346"}],"curies":[{"name":"wp","href":"https:\/\/api.w.org\/{rel}","templated":true}]}}