{"id":70345,"date":"2024-03-22T19:26:36","date_gmt":"2024-03-22T18:26:36","guid":{"rendered":"https:\/\/abinox-chr-clim.com\/index.php\/product\/chaises-style-parisien-en-rotin-bolero-noires-lot-de-2\/"},"modified":"2026-04-02T10:06:18","modified_gmt":"2026-04-02T08:06:18","slug":"chaises-style-parisien-en-rotin-bolero-noires-lot-de-2","status":"publish","type":"product","link":"https:\/\/abinox-chr-clim.com\/index.php\/product\/chaises-style-parisien-en-rotin-bolero-noires-lot-de-2\/","title":{"rendered":"Chaises style parisien en rotin Bolero noires (lot de 2)"},"content":{"rendered":"<p>Iconique et durable, la chaise style parisien Bolero est id\u00e9ale pour les restaurants, les caf\u00e9s et les bars. La conception unique donne \u00e0 ces chaises un style incomparable qui embellira \u00e0 coup s\u00fbr votre \u00e9tablissement.<br \/>Adapt\u00e9e \u00e0 une utilisation int\u00e9rieure et ext\u00e9rieure. Motifs chevrons color\u00e9s. Livr\u00e9e mont\u00e9e. R\u00e9f\u00e9rence soumise \u00e0 une Eco-participation mobilier de 1.5\u20ac par unit\u00e9 vendue. Pieds avec patins pour \u00e9viter les marques\/rayures sur le sol. Cadre en tube d&rsquo;aluminium, peint au pinceau avec une finition bois grain\u00e9, assise imitation rotin. Nettoyage avec un chiffon ou une \u00e9ponge humide; utilisation d&rsquo;un nettoyeur haute pression pour nettoyer le tressage si n\u00e9cessaire.Conception solide et robuste, adapt\u00e9e \u00e0 une utilisation quotidienne dans un environnement tr\u00e8s fr\u00e9quent\u00e9.Empilable. Adapt\u00e9e \u00e0 une utilisation int\u00e9rieure et ext\u00e9rieure.<\/p>\n<p>Caract\u00e9ristiques :<br \/>Lot : 2.<br \/> Dimensions : 890(H) x 564(L) mm.<br \/> Mati\u00e8re : Rotin.<br \/> Couleur : Noir.<\/p>\n","protected":false},"excerpt":{"rendered":"<p>Chaises style parisien en rotin Bolero noires (lot de 2)<\/p>\n","protected":false},"featured_media":83541,"comment_status":"closed","ping_status":"closed","template":"","meta":[],"product_brand":[],"product_cat":[1209,1208,1201,1297],"product_tag":[],"class_list":{"0":"post-70345","1":"product","2":"type-product","3":"status-publish","4":"has-post-thumbnail","6":"product_cat-chaises-interieur","7":"product_cat-interieur","8":"product_cat-mobilier","9":"product_cat-non-palettisable","10":"product_shipping_class-free-shipping","12":"first","13":"instock","14":"featured","15":"taxable","16":"shipping-taxable","17":"purchasable","18":"product-type-simple"},"_links":{"self":[{"href":"https:\/\/abinox-chr-clim.com\/index.php\/wp-json\/wp\/v2\/product\/70345","targetHints":{"allow":["GET"]}}],"collection":[{"href":"https:\/\/abinox-chr-clim.com\/index.php\/wp-json\/wp\/v2\/product"}],"about":[{"href":"https:\/\/abinox-chr-clim.com\/index.php\/wp-json\/wp\/v2\/types\/product"}],"replies":[{"embeddable":true,"href":"https:\/\/abinox-chr-clim.com\/index.php\/wp-json\/wp\/v2\/comments?post=70345"}],"wp:featuredmedia":[{"embeddable":true,"href":"https:\/\/abinox-chr-clim.com\/index.php\/wp-json\/wp\/v2\/media\/83541"}],"wp:attachment":[{"href":"https:\/\/abinox-chr-clim.com\/index.php\/wp-json\/wp\/v2\/media?parent=70345"}],"wp:term":[{"taxonomy":"product_brand","embeddable":true,"href":"https:\/\/abinox-chr-clim.com\/index.php\/wp-json\/wp\/v2\/product_brand?post=70345"},{"taxonomy":"product_cat","embeddable":true,"href":"https:\/\/abinox-chr-clim.com\/index.php\/wp-json\/wp\/v2\/product_cat?post=70345"},{"taxonomy":"product_tag","embeddable":true,"href":"https:\/\/abinox-chr-clim.com\/index.php\/wp-json\/wp\/v2\/product_tag?post=70345"}],"curies":[{"name":"wp","href":"https:\/\/api.w.org\/{rel}","templated":true}]}}