{"id":70338,"date":"2024-03-22T19:26:33","date_gmt":"2024-03-22T18:26:33","guid":{"rendered":"https:\/\/abinox-chr-clim.com\/index.php\/product\/table-carree-empilable-bolero-700mm\/"},"modified":"2026-04-02T09:06:48","modified_gmt":"2026-04-02T07:06:48","slug":"table-carree-empilable-bolero-700mm","status":"publish","type":"product","link":"https:\/\/abinox-chr-clim.com\/index.php\/product\/table-carree-empilable-bolero-700mm\/","title":{"rendered":"Table carr\u00e9e empilable Bolero 700mm"},"content":{"rendered":"<p>Table en acier inoxydable avec quatre pieds robustes, id\u00e9ale pour une utilisation dans des caf\u00e9s et autres lieux de restauration ext\u00e9rieurs prot\u00e9g\u00e9s. L\u00e9g\u00e8re pour faciliter la mise en place.<br \/>Plateau en acier inoxydable avec bord incurv\u00e9 pour plus de style et de durabilit\u00e9. R\u00e9sistance \u00e0 la rouille pour une utilisation \u00e0 l&rsquo;int\u00e9rieur et \u00e0 l&rsquo;ext\u00e9rieur. Empilable pour un rangement facile et peu encombrant.R\u00e9f\u00e9rence soumise \u00e0 une Eco-participation mobilier de 0.49\u20ac par unit\u00e9 vendue. Embouts de pieds non marquants pour la stabilit\u00e9 et pour \u00e9viter les dommages.Design robuste permettant une utilisation r\u00e9guli\u00e8re et intensive. R\u00e9f\u00e9rence soumise \u00e0 une Eco-participation mobilier de 1,45\u20ac par unit\u00e9 vendue. Plateau en acier inoxydable avec bord incurv\u00e9 pour plus de style et de durabilit\u00e9.<\/p>\n<p>Caract\u00e9ristiques :<br \/> Dimensions : 720(H) x 700(L) x 700(P)mm.<br \/> Mati\u00e8re : Plateau en acier inoxydable.<br \/> Couleur : Argent.<\/p>\n","protected":false},"excerpt":{"rendered":"<p>Table carr\u00e9e empilable Bolero 700mm<\/p>\n","protected":false},"featured_media":98547,"comment_status":"closed","ping_status":"closed","template":"","meta":[],"product_brand":[],"product_cat":[1202,1201,1297,1207],"product_tag":[],"class_list":{"0":"post-70338","1":"product","2":"type-product","3":"status-publish","4":"has-post-thumbnail","6":"product_cat-exterieur","7":"product_cat-mobilier","8":"product_cat-non-palettisable","9":"product_cat-tables","10":"product_shipping_class-free-shipping","12":"first","13":"instock","14":"featured","15":"taxable","16":"shipping-taxable","17":"purchasable","18":"product-type-simple"},"_links":{"self":[{"href":"https:\/\/abinox-chr-clim.com\/index.php\/wp-json\/wp\/v2\/product\/70338","targetHints":{"allow":["GET"]}}],"collection":[{"href":"https:\/\/abinox-chr-clim.com\/index.php\/wp-json\/wp\/v2\/product"}],"about":[{"href":"https:\/\/abinox-chr-clim.com\/index.php\/wp-json\/wp\/v2\/types\/product"}],"replies":[{"embeddable":true,"href":"https:\/\/abinox-chr-clim.com\/index.php\/wp-json\/wp\/v2\/comments?post=70338"}],"wp:featuredmedia":[{"embeddable":true,"href":"https:\/\/abinox-chr-clim.com\/index.php\/wp-json\/wp\/v2\/media\/98547"}],"wp:attachment":[{"href":"https:\/\/abinox-chr-clim.com\/index.php\/wp-json\/wp\/v2\/media?parent=70338"}],"wp:term":[{"taxonomy":"product_brand","embeddable":true,"href":"https:\/\/abinox-chr-clim.com\/index.php\/wp-json\/wp\/v2\/product_brand?post=70338"},{"taxonomy":"product_cat","embeddable":true,"href":"https:\/\/abinox-chr-clim.com\/index.php\/wp-json\/wp\/v2\/product_cat?post=70338"},{"taxonomy":"product_tag","embeddable":true,"href":"https:\/\/abinox-chr-clim.com\/index.php\/wp-json\/wp\/v2\/product_tag?post=70338"}],"curies":[{"name":"wp","href":"https:\/\/api.w.org\/{rel}","templated":true}]}}