{"id":70337,"date":"2024-03-22T19:26:33","date_gmt":"2024-03-22T18:26:33","guid":{"rendered":"https:\/\/abinox-chr-clim.com\/index.php\/product\/mange-debout-bolero-600mm\/"},"modified":"2026-04-02T09:06:47","modified_gmt":"2026-04-02T07:06:47","slug":"mange-debout-bolero-600mm","status":"publish","type":"product","link":"https:\/\/abinox-chr-clim.com\/index.php\/product\/mange-debout-bolero-600mm\/","title":{"rendered":"Mange-debout Bolero 600mm"},"content":{"rendered":"<p>Table haute con\u00e7ue pour \u00eatre utilis\u00e9e avec des tabourets de bar ou debout. Solide et \u00e9l\u00e9gante, bord arrondi. Id\u00e9ale pour les snack-bars, les pubs, les bo\u00eetes de nuit et les \u00e9tablissements de restauration rapide.<br \/>Aluminium et acier inoxydable pour la durabilit\u00e9 et un nettoyage facile. Pr\u00eat \u00e0 l&#8217;emploi en un rien de temps, gr\u00e2ce \u00e0 l&rsquo;auto-assemblage facile. La r\u00e9sistance \u00e0 la rouille permet une utilisation \u00e0 l&rsquo;int\u00e9rieur comme \u00e0 l&rsquo;ext\u00e9rieur. R\u00e9f\u00e9rence soumise \u00e0 une Eco-participation mobilier de 0.07\u20ac par unit\u00e9 vendue. Le design classique convient \u00e0 tout bar, caf\u00e9 ou restaurant.Construction haute pour une utilisation debout ou en tabouret haut. R\u00e9f\u00e9rence soumise \u00e0 une Eco-participation mobilier de 1,50\u20ac par unit\u00e9 vendue. Aluminium et acier inoxydable pour la durabilit\u00e9 et un nettoyage facile.<\/p>\n<p>Caract\u00e9ristiques :<br \/> Dimensions : 1050(H) x 600(\u00d8)mm.<br \/> Mati\u00e8re : Plateau en inox et pied en aluminium.<br \/> Couleur : Gris.<\/p>\n","protected":false},"excerpt":{"rendered":"<p>Mange-debout Bolero 600mm<\/p>\n","protected":false},"featured_media":98540,"comment_status":"closed","ping_status":"closed","template":"","meta":[],"product_brand":[],"product_cat":[1202,1201,1297,1207],"product_tag":[],"class_list":{"0":"post-70337","1":"product","2":"type-product","3":"status-publish","4":"has-post-thumbnail","6":"product_cat-exterieur","7":"product_cat-mobilier","8":"product_cat-non-palettisable","9":"product_cat-tables","10":"product_shipping_class-free-shipping","12":"first","13":"instock","14":"featured","15":"taxable","16":"shipping-taxable","17":"purchasable","18":"product-type-simple"},"_links":{"self":[{"href":"https:\/\/abinox-chr-clim.com\/index.php\/wp-json\/wp\/v2\/product\/70337","targetHints":{"allow":["GET"]}}],"collection":[{"href":"https:\/\/abinox-chr-clim.com\/index.php\/wp-json\/wp\/v2\/product"}],"about":[{"href":"https:\/\/abinox-chr-clim.com\/index.php\/wp-json\/wp\/v2\/types\/product"}],"replies":[{"embeddable":true,"href":"https:\/\/abinox-chr-clim.com\/index.php\/wp-json\/wp\/v2\/comments?post=70337"}],"wp:featuredmedia":[{"embeddable":true,"href":"https:\/\/abinox-chr-clim.com\/index.php\/wp-json\/wp\/v2\/media\/98540"}],"wp:attachment":[{"href":"https:\/\/abinox-chr-clim.com\/index.php\/wp-json\/wp\/v2\/media?parent=70337"}],"wp:term":[{"taxonomy":"product_brand","embeddable":true,"href":"https:\/\/abinox-chr-clim.com\/index.php\/wp-json\/wp\/v2\/product_brand?post=70337"},{"taxonomy":"product_cat","embeddable":true,"href":"https:\/\/abinox-chr-clim.com\/index.php\/wp-json\/wp\/v2\/product_cat?post=70337"},{"taxonomy":"product_tag","embeddable":true,"href":"https:\/\/abinox-chr-clim.com\/index.php\/wp-json\/wp\/v2\/product_tag?post=70337"}],"curies":[{"name":"wp","href":"https:\/\/api.w.org\/{rel}","templated":true}]}}