{"id":70336,"date":"2024-03-22T19:26:32","date_gmt":"2024-03-22T18:26:32","guid":{"rendered":"https:\/\/abinox-chr-clim.com\/index.php\/product\/table-rectangulaire-a-deux-pieds-bolero-600mm\/"},"modified":"2026-04-02T09:06:46","modified_gmt":"2026-04-02T07:06:46","slug":"table-rectangulaire-a-deux-pieds-bolero-600mm","status":"publish","type":"product","link":"https:\/\/abinox-chr-clim.com\/index.php\/product\/table-rectangulaire-a-deux-pieds-bolero-600mm\/","title":{"rendered":"Table rectangulaire \u00e0 deux pieds Bolero 600mm"},"content":{"rendered":"<p>Solide et stable avec bord arrondi pour une s\u00e9curit\u00e9 accrue. Accueille 4 \u00e0 6 convives. Id\u00e9ale pour les terrasses et les patios couverts.<br \/>Id\u00e9ale pour les terrasses et les patios couverts. Le plateau de table en inox r\u00e9siste \u00e0 l&rsquo;humidit\u00e9, toutefois il est imp\u00e9ratif de l&rsquo;essuyer apr\u00e8s utilisation, intemp\u00e9ries, et le stocker sous abris. Cadre en aluminium avec quatre pieds pour la stabilit\u00e9 sur les trottoirs, terrasses ou patios. R\u00e9f\u00e9rence soumise \u00e0 une Eco-participation mobilier de 0.74\u20ac par unit\u00e9 vendue. Les bords incurv\u00e9s peuvent \u00eatre nettoy\u00e9s rapidement, pas besoin d&rsquo;ustensile pointu pour retirer la salet\u00e9. La couleur neutre s&rsquo;harmonise avec toutes sortes de d\u00e9cors et chaises d&rsquo;ext\u00e9rieur. Livr\u00e9 \u00e0 plat avec toutes les fixations et manuel d&rsquo;utilisation pour un assemblage facile.La surface de la table est facile \u00e0 nettoyer et reste hygi\u00e9nique pendant tout le service. R\u00e9f\u00e9rence soumise \u00e0 une Eco-participation mobilier de 0,32\u20ac par unit\u00e9 vendue. Id\u00e9ale pour les terrasses et les patios couverts.<\/p>\n<p>Caract\u00e9ristiques :<br \/> Dimensions : 720(H) x 1200(L) x 600(P)mm.<br \/> Mati\u00e8re : Plateau en inox bord\u00e9 d&rsquo;aluminium.<br \/> Couleur : Gris.<\/p>\n","protected":false},"excerpt":{"rendered":"<p>Table rectangulaire \u00e0 deux pieds Bolero 600mm<\/p>\n","protected":false},"featured_media":98522,"comment_status":"closed","ping_status":"closed","template":"","meta":[],"product_brand":[],"product_cat":[1202,1201,1297,1207],"product_tag":[],"class_list":{"0":"post-70336","1":"product","2":"type-product","3":"status-publish","4":"has-post-thumbnail","6":"product_cat-exterieur","7":"product_cat-mobilier","8":"product_cat-non-palettisable","9":"product_cat-tables","10":"product_shipping_class-free-shipping","12":"first","13":"instock","14":"featured","15":"taxable","16":"shipping-taxable","17":"purchasable","18":"product-type-simple"},"_links":{"self":[{"href":"https:\/\/abinox-chr-clim.com\/index.php\/wp-json\/wp\/v2\/product\/70336","targetHints":{"allow":["GET"]}}],"collection":[{"href":"https:\/\/abinox-chr-clim.com\/index.php\/wp-json\/wp\/v2\/product"}],"about":[{"href":"https:\/\/abinox-chr-clim.com\/index.php\/wp-json\/wp\/v2\/types\/product"}],"replies":[{"embeddable":true,"href":"https:\/\/abinox-chr-clim.com\/index.php\/wp-json\/wp\/v2\/comments?post=70336"}],"wp:featuredmedia":[{"embeddable":true,"href":"https:\/\/abinox-chr-clim.com\/index.php\/wp-json\/wp\/v2\/media\/98522"}],"wp:attachment":[{"href":"https:\/\/abinox-chr-clim.com\/index.php\/wp-json\/wp\/v2\/media?parent=70336"}],"wp:term":[{"taxonomy":"product_brand","embeddable":true,"href":"https:\/\/abinox-chr-clim.com\/index.php\/wp-json\/wp\/v2\/product_brand?post=70336"},{"taxonomy":"product_cat","embeddable":true,"href":"https:\/\/abinox-chr-clim.com\/index.php\/wp-json\/wp\/v2\/product_cat?post=70336"},{"taxonomy":"product_tag","embeddable":true,"href":"https:\/\/abinox-chr-clim.com\/index.php\/wp-json\/wp\/v2\/product_tag?post=70336"}],"curies":[{"name":"wp","href":"https:\/\/api.w.org\/{rel}","templated":true}]}}