{"id":70335,"date":"2024-03-22T19:26:32","date_gmt":"2024-03-22T18:26:32","guid":{"rendered":"https:\/\/abinox-chr-clim.com\/index.php\/product\/table-bistro-ronde-empilable-bolero-600mm\/"},"modified":"2026-04-02T09:06:45","modified_gmt":"2026-04-02T07:06:45","slug":"table-bistro-ronde-empilable-bolero-600mm","status":"publish","type":"product","link":"https:\/\/abinox-chr-clim.com\/index.php\/product\/table-bistro-ronde-empilable-bolero-600mm\/","title":{"rendered":"Table bistro ronde empilable Bolero 600mm"},"content":{"rendered":"<p>Tables en acier inoxydable avec trois pieds robustes, id\u00e9ales pour une utilisation dans des caf\u00e9s et autres lieux de restauration ext\u00e9rieurs prot\u00e9g\u00e9s. L\u00e9g\u00e8res pour faciliter la mise en place.<br \/>La base lourde am\u00e9liore la stabilit\u00e9 pour \u00e9viter le basculement. La r\u00e9sistance \u00e0 la rouille permet une utilisation \u00e0 l&rsquo;int\u00e9rieur comme \u00e0 l&rsquo;ext\u00e9rieur. Empilable pour un rangement facile et peu encombrant. R\u00e9f\u00e9rence soumise \u00e0 une Eco-participation mobilier de 0.33\u20ac par unit\u00e9 vendue. Pieds non marquants pour plus de stabilit\u00e9 et pour \u00e9viter les dommages.La conception robuste permet une utilisation r\u00e9guli\u00e8re et intensive. R\u00e9f\u00e9rence soumise \u00e0 une Eco-participation mobilier de 0,86\u20ac par unit\u00e9 vendue. La base lourde am\u00e9liore la stabilit\u00e9 pour \u00e9viter le basculement.<\/p>\n<p>Caract\u00e9ristiques :<br \/> Dimensions : 720(H) x 600(\u00d8)mm.<br \/> Mati\u00e8re : Plateau inox et pied aluminium.<br \/> Couleur : Gris.<\/p>\n","protected":false},"excerpt":{"rendered":"<p>Table bistro ronde empilable Bolero 600mm<\/p>\n","protected":false},"featured_media":98516,"comment_status":"closed","ping_status":"closed","template":"","meta":[],"product_brand":[],"product_cat":[1202,1201,1297,1207],"product_tag":[],"class_list":{"0":"post-70335","1":"product","2":"type-product","3":"status-publish","4":"has-post-thumbnail","6":"product_cat-exterieur","7":"product_cat-mobilier","8":"product_cat-non-palettisable","9":"product_cat-tables","10":"product_shipping_class-free-shipping","12":"first","13":"instock","14":"featured","15":"taxable","16":"shipping-taxable","17":"purchasable","18":"product-type-simple"},"_links":{"self":[{"href":"https:\/\/abinox-chr-clim.com\/index.php\/wp-json\/wp\/v2\/product\/70335","targetHints":{"allow":["GET"]}}],"collection":[{"href":"https:\/\/abinox-chr-clim.com\/index.php\/wp-json\/wp\/v2\/product"}],"about":[{"href":"https:\/\/abinox-chr-clim.com\/index.php\/wp-json\/wp\/v2\/types\/product"}],"replies":[{"embeddable":true,"href":"https:\/\/abinox-chr-clim.com\/index.php\/wp-json\/wp\/v2\/comments?post=70335"}],"wp:featuredmedia":[{"embeddable":true,"href":"https:\/\/abinox-chr-clim.com\/index.php\/wp-json\/wp\/v2\/media\/98516"}],"wp:attachment":[{"href":"https:\/\/abinox-chr-clim.com\/index.php\/wp-json\/wp\/v2\/media?parent=70335"}],"wp:term":[{"taxonomy":"product_brand","embeddable":true,"href":"https:\/\/abinox-chr-clim.com\/index.php\/wp-json\/wp\/v2\/product_brand?post=70335"},{"taxonomy":"product_cat","embeddable":true,"href":"https:\/\/abinox-chr-clim.com\/index.php\/wp-json\/wp\/v2\/product_cat?post=70335"},{"taxonomy":"product_tag","embeddable":true,"href":"https:\/\/abinox-chr-clim.com\/index.php\/wp-json\/wp\/v2\/product_tag?post=70335"}],"curies":[{"name":"wp","href":"https:\/\/api.w.org\/{rel}","templated":true}]}}