{"id":70334,"date":"2024-03-22T19:26:32","date_gmt":"2024-03-22T18:26:32","guid":{"rendered":"https:\/\/abinox-chr-clim.com\/index.php\/product\/table-carree-en-frene-bolero-600mm\/"},"modified":"2026-04-02T09:06:44","modified_gmt":"2026-04-02T07:06:44","slug":"table-carree-en-frene-bolero-600mm","status":"publish","type":"product","link":"https:\/\/abinox-chr-clim.com\/index.php\/product\/table-carree-en-frene-bolero-600mm\/","title":{"rendered":"Table carr\u00e9e en fr\u00eane Bolero 600mm"},"content":{"rendered":"<p>Table \u00e9l\u00e9gante avec plateau en bois et pied solide et stable. Id\u00e9ale pour l&rsquo;utilisation en restauration d&rsquo;ext\u00e9rieur. Assortie au fauteuil U421. Le plateau en fr\u00eane est pr\u00e9-huil\u00e9; il est conseill\u00e9 d&rsquo;appliquer de l&rsquo;huile pour bois avant la premi\u00e8re utilisation et ensuite r\u00e9guli\u00e8rement pour l&rsquo;entretenir et conserver l&rsquo;aspect d&rsquo;origine.<br \/>Le dessus en fr\u00eane pr\u00e9-huil\u00e9 permet une utilisation par temps humide ou sec sans causer de dommages.Base et tige en alliage d&rsquo;aluminium offrant une construction robuste qui emp\u00eache le basculement. Emball\u00e9 \u00e0 plat pour un assemblage facile &#8211; permettant une utilisation en un rien de temps. R\u00e9f\u00e9rence soumise \u00e0 une Eco-participation mobilier de 1.98\u20ac par unit\u00e9 vendue. Pieds ergonomiques emp\u00eachant les mouvements accidentels pendant le service pour garder la nourriture et les boissons en s\u00e9curit\u00e9. Entretennez r\u00e9guli\u00e8rement le plateau avec l&rsquo;huile pour bois pour conserver l&rsquo;aspect d&rsquo;origine.Convient pour une utilisation int\u00e9rieure et ext\u00e9rieure gr\u00e2ce \u00e0 sa conception robuste. R\u00e9f\u00e9rence soumise \u00e0 une Eco-participation mobilier de 1,34\u20ac par unit\u00e9 vendue. Le dessus en fr\u00eane pr\u00e9-huil\u00e9 permet une utilisation par temps humide ou sec sans causer de dommages. .<br \/> Caract\u00e9ristiques :<br \/> Dimensions : 720(H) x 600(L) x 600(P)mm.<br \/> Mati\u00e8re : Aluminium et fr\u00eane.<br \/> Couleur : Argent.<\/p>\n","protected":false},"excerpt":{"rendered":"<p>Table carr\u00e9e en fr\u00eane Bolero 600mm<\/p>\n","protected":false},"featured_media":98511,"comment_status":"closed","ping_status":"closed","template":"","meta":[],"product_brand":[],"product_cat":[1202,1201,1297,1207],"product_tag":[],"class_list":{"0":"post-70334","1":"product","2":"type-product","3":"status-publish","4":"has-post-thumbnail","6":"product_cat-exterieur","7":"product_cat-mobilier","8":"product_cat-non-palettisable","9":"product_cat-tables","10":"product_shipping_class-free-shipping","12":"first","13":"instock","14":"featured","15":"taxable","16":"shipping-taxable","17":"purchasable","18":"product-type-simple"},"_links":{"self":[{"href":"https:\/\/abinox-chr-clim.com\/index.php\/wp-json\/wp\/v2\/product\/70334","targetHints":{"allow":["GET"]}}],"collection":[{"href":"https:\/\/abinox-chr-clim.com\/index.php\/wp-json\/wp\/v2\/product"}],"about":[{"href":"https:\/\/abinox-chr-clim.com\/index.php\/wp-json\/wp\/v2\/types\/product"}],"replies":[{"embeddable":true,"href":"https:\/\/abinox-chr-clim.com\/index.php\/wp-json\/wp\/v2\/comments?post=70334"}],"wp:featuredmedia":[{"embeddable":true,"href":"https:\/\/abinox-chr-clim.com\/index.php\/wp-json\/wp\/v2\/media\/98511"}],"wp:attachment":[{"href":"https:\/\/abinox-chr-clim.com\/index.php\/wp-json\/wp\/v2\/media?parent=70334"}],"wp:term":[{"taxonomy":"product_brand","embeddable":true,"href":"https:\/\/abinox-chr-clim.com\/index.php\/wp-json\/wp\/v2\/product_brand?post=70334"},{"taxonomy":"product_cat","embeddable":true,"href":"https:\/\/abinox-chr-clim.com\/index.php\/wp-json\/wp\/v2\/product_cat?post=70334"},{"taxonomy":"product_tag","embeddable":true,"href":"https:\/\/abinox-chr-clim.com\/index.php\/wp-json\/wp\/v2\/product_tag?post=70334"}],"curies":[{"name":"wp","href":"https:\/\/api.w.org\/{rel}","templated":true}]}}