{"id":70333,"date":"2024-03-22T19:26:30","date_gmt":"2024-03-22T18:26:30","guid":{"rendered":"https:\/\/abinox-chr-clim.com\/index.php\/product\/table-ronde-en-frene-bolero-600mm\/"},"modified":"2026-04-02T09:06:43","modified_gmt":"2026-04-02T07:06:43","slug":"table-ronde-en-frene-bolero-600mm","status":"publish","type":"product","link":"https:\/\/abinox-chr-clim.com\/index.php\/product\/table-ronde-en-frene-bolero-600mm\/","title":{"rendered":"Table ronde en fr\u00eane Bolero 600mm"},"content":{"rendered":"<p>Table \u00e9l\u00e9gante avec plateau en bois et pied solide et stable. Id\u00e9ale pour l&rsquo;utilisation en restauration d&rsquo;ext\u00e9rieur. Assortie au fauteuil U421. Le plateau en fr\u00eane est pr\u00e9-huil\u00e9; il est conseill\u00e9 d&rsquo;appliquer de l&rsquo;huile pour bois avant la premi\u00e8re utilisation et ensuite r\u00e9guli\u00e8rement pour l&rsquo;entretenir et conserver l&rsquo;aspect d&rsquo;origine.<br \/>Le plateau en fr\u00eane pr\u00e9-huil\u00e9 permet une utilisation par temps sec ou humide sans causer de dommages. La base et la tige en alliage d&rsquo;aluminium offrent une conception robuste qui emp\u00eache le basculement. Emballage plat pour un auto-assemblage facile, permettant une utilisation en un rien de temps. R\u00e9f\u00e9rence soumise \u00e0 une Eco-participation mobilier de 1.82\u20ac par unit\u00e9 vendue. Les pieds ergonomiques emp\u00eachent tout mouvement accidentel pendant le service et assurent la s\u00e9curit\u00e9 des aliments et des boissons. Entretennez r\u00e9guli\u00e8rement le plateau avec l&rsquo;huile pour bois pour conserver l&rsquo;aspect d&rsquo;origine.Gr\u00e2ce \u00e0 sa conception robuste, elle peut \u00eatre utilis\u00e9e \u00e0 l&rsquo;int\u00e9rieur comme \u00e0 l&rsquo;ext\u00e9rieur. R\u00e9f\u00e9rence soumise \u00e0 une Eco-participation mobilier de 1,23\u20ac par unit\u00e9 vendue. Le plateau en fr\u00eane pr\u00e9-huil\u00e9 permet une utilisation par temps sec ou humide sans causer de dommages.<\/p>\n<p>Caract\u00e9ristiques :<br \/> Dimensions : 720(H) x 600(\u00d8)mm.<br \/> Mati\u00e8re : Aluminium et fr\u00eane.<br \/> Couleur : Argent.<\/p>\n","protected":false},"excerpt":{"rendered":"<p>Table ronde en fr\u00eane Bolero 600mm<\/p>\n","protected":false},"featured_media":98501,"comment_status":"closed","ping_status":"closed","template":"","meta":[],"product_brand":[],"product_cat":[1202,1201,1297,1207],"product_tag":[],"class_list":{"0":"post-70333","1":"product","2":"type-product","3":"status-publish","4":"has-post-thumbnail","6":"product_cat-exterieur","7":"product_cat-mobilier","8":"product_cat-non-palettisable","9":"product_cat-tables","10":"product_shipping_class-free-shipping","12":"first","13":"outofstock","14":"featured","15":"taxable","16":"shipping-taxable","17":"purchasable","18":"product-type-simple"},"_links":{"self":[{"href":"https:\/\/abinox-chr-clim.com\/index.php\/wp-json\/wp\/v2\/product\/70333","targetHints":{"allow":["GET"]}}],"collection":[{"href":"https:\/\/abinox-chr-clim.com\/index.php\/wp-json\/wp\/v2\/product"}],"about":[{"href":"https:\/\/abinox-chr-clim.com\/index.php\/wp-json\/wp\/v2\/types\/product"}],"replies":[{"embeddable":true,"href":"https:\/\/abinox-chr-clim.com\/index.php\/wp-json\/wp\/v2\/comments?post=70333"}],"wp:featuredmedia":[{"embeddable":true,"href":"https:\/\/abinox-chr-clim.com\/index.php\/wp-json\/wp\/v2\/media\/98501"}],"wp:attachment":[{"href":"https:\/\/abinox-chr-clim.com\/index.php\/wp-json\/wp\/v2\/media?parent=70333"}],"wp:term":[{"taxonomy":"product_brand","embeddable":true,"href":"https:\/\/abinox-chr-clim.com\/index.php\/wp-json\/wp\/v2\/product_brand?post=70333"},{"taxonomy":"product_cat","embeddable":true,"href":"https:\/\/abinox-chr-clim.com\/index.php\/wp-json\/wp\/v2\/product_cat?post=70333"},{"taxonomy":"product_tag","embeddable":true,"href":"https:\/\/abinox-chr-clim.com\/index.php\/wp-json\/wp\/v2\/product_tag?post=70333"}],"curies":[{"name":"wp","href":"https:\/\/api.w.org\/{rel}","templated":true}]}}