{"id":70332,"date":"2024-03-22T19:26:29","date_gmt":"2024-03-22T18:26:29","guid":{"rendered":"https:\/\/abinox-chr-clim.com\/index.php\/product\/table-bistro-carree-bolero-600mm\/"},"modified":"2026-04-02T09:06:42","modified_gmt":"2026-04-02T07:06:42","slug":"table-bistro-carree-bolero-600mm","status":"publish","type":"product","link":"https:\/\/abinox-chr-clim.com\/index.php\/product\/table-bistro-carree-bolero-600mm\/","title":{"rendered":"Table bistro carr\u00e9e Bolero 600mm"},"content":{"rendered":"<p>Tables m\u00e9talliques solides et pratiques pour une utilisation en int\u00e9rieur ou ext\u00e9rieur prot\u00e9g\u00e9. Assorties au fauteuil U419.<br \/>L&rsquo;acier inoxydable et l&rsquo;aluminium offrent une excellente durabilit\u00e9. Les pieds en caoutchouc offrent une stabilit\u00e9 accrue pour \u00e9viter que la table ne bascule ou ne se d\u00e9place. Conception r\u00e9sistante. R\u00e9f\u00e9rence soumise \u00e0 une Eco-participation mobilier de 0.51\u20ac par unit\u00e9 vendue. La base en alliage d&rsquo;aluminium r\u00e9duit le poids de la table et permet de la transporter facilement. Emballage plat pour un auto-assemblage facile.La conception durable est id\u00e9ale pour les terrasses ou les zones fumeurs ext\u00e9rieures. R\u00e9f\u00e9rence soumise \u00e0 une Eco-participation mobilier de 1,11\u20ac par unit\u00e9 vendue. L&rsquo;acier inoxydable et l&rsquo;aluminium offrent une excellente durabilit\u00e9.<\/p>\n<p>Caract\u00e9ristiques :<br \/> Dimensions : 720(H) x 600(L) x 600(P)mm.<br \/> Mati\u00e8re : Plateau en inox et pied en aluminium.<br \/> Couleur : Gris.<\/p>\n","protected":false},"excerpt":{"rendered":"<p>Table bistro carr\u00e9e Bolero 600mm<\/p>\n","protected":false},"featured_media":98496,"comment_status":"closed","ping_status":"closed","template":"","meta":[],"product_brand":[],"product_cat":[1202,1201,1297,1207],"product_tag":[],"class_list":{"0":"post-70332","1":"product","2":"type-product","3":"status-publish","4":"has-post-thumbnail","6":"product_cat-exterieur","7":"product_cat-mobilier","8":"product_cat-non-palettisable","9":"product_cat-tables","10":"product_shipping_class-free-shipping","12":"first","13":"outofstock","14":"featured","15":"taxable","16":"shipping-taxable","17":"purchasable","18":"product-type-simple"},"_links":{"self":[{"href":"https:\/\/abinox-chr-clim.com\/index.php\/wp-json\/wp\/v2\/product\/70332","targetHints":{"allow":["GET"]}}],"collection":[{"href":"https:\/\/abinox-chr-clim.com\/index.php\/wp-json\/wp\/v2\/product"}],"about":[{"href":"https:\/\/abinox-chr-clim.com\/index.php\/wp-json\/wp\/v2\/types\/product"}],"replies":[{"embeddable":true,"href":"https:\/\/abinox-chr-clim.com\/index.php\/wp-json\/wp\/v2\/comments?post=70332"}],"wp:featuredmedia":[{"embeddable":true,"href":"https:\/\/abinox-chr-clim.com\/index.php\/wp-json\/wp\/v2\/media\/98496"}],"wp:attachment":[{"href":"https:\/\/abinox-chr-clim.com\/index.php\/wp-json\/wp\/v2\/media?parent=70332"}],"wp:term":[{"taxonomy":"product_brand","embeddable":true,"href":"https:\/\/abinox-chr-clim.com\/index.php\/wp-json\/wp\/v2\/product_brand?post=70332"},{"taxonomy":"product_cat","embeddable":true,"href":"https:\/\/abinox-chr-clim.com\/index.php\/wp-json\/wp\/v2\/product_cat?post=70332"},{"taxonomy":"product_tag","embeddable":true,"href":"https:\/\/abinox-chr-clim.com\/index.php\/wp-json\/wp\/v2\/product_tag?post=70332"}],"curies":[{"name":"wp","href":"https:\/\/api.w.org\/{rel}","templated":true}]}}