{"id":70329,"date":"2024-03-22T19:26:28","date_gmt":"2024-03-22T18:26:28","guid":{"rendered":"https:\/\/abinox-chr-clim.com\/index.php\/product\/table-a-plateau-basculant-en-frene-bolero-600mm\/"},"modified":"2026-04-02T09:06:39","modified_gmt":"2026-04-02T07:06:39","slug":"table-a-plateau-basculant-en-frene-bolero-600mm","status":"publish","type":"product","link":"https:\/\/abinox-chr-clim.com\/index.php\/product\/table-a-plateau-basculant-en-frene-bolero-600mm\/","title":{"rendered":"Table \u00e0 plateau basculant en fr\u00eane Bolero 600mm"},"content":{"rendered":"<p>Tables gain de place avec plateau en bois pr\u00e9-huil\u00e9. Faciles \u00e0 transporter et \u00e0 entreposer. Fournies en kit pour un assemblage facile. Id\u00e9ales pour les terrasses qui doivent \u00eatre rang\u00e9es tous les soirs.<br \/>Pied en alliage aluminium. Plateau en fr\u00eane pr\u00e9-trait\u00e9 bord\u00e9 d&rsquo;aluminium.Les pieds s&#8217;embo\u00eetent ensemble lorsque le plateau est pli\u00e9.R\u00e9f\u00e9rence soumise \u00e0 une Eco-participation mobilier de 1.3\u20ac par unit\u00e9 vendue. Utilisation int\u00e9rieure et ext\u00e9rieure. Utiliser r\u00e9guli\u00e8rement l&rsquo;huile pour bois (DL476) pour prolonger la dur\u00e9e de vie de votre mobilier.Compact et facile \u00e0 transporter.R\u00e9f\u00e9rence soumise \u00e0 une Eco-participation mobilier de 0,89\u20ac par unit\u00e9 vendue. Pied en alliage aluminium.<\/p>\n<p>Caract\u00e9ristiques :<br \/> Dimensions : 720(H) x 600(\u00d8)mm.<br \/> Mati\u00e8re : Plateau en fr\u00eane pr\u00e9-trait\u00e9 bord\u00e9 d&rsquo;aluminium.<br \/> Couleur : Argent.<\/p>\n","protected":false},"excerpt":{"rendered":"<p>Table \u00e0 plateau basculant en fr\u00eane Bolero 600mm<\/p>\n","protected":false},"featured_media":98476,"comment_status":"closed","ping_status":"closed","template":"","meta":[],"product_brand":[],"product_cat":[1202,1201,1297,1207],"product_tag":[],"class_list":{"0":"post-70329","1":"product","2":"type-product","3":"status-publish","4":"has-post-thumbnail","6":"product_cat-exterieur","7":"product_cat-mobilier","8":"product_cat-non-palettisable","9":"product_cat-tables","10":"product_shipping_class-free-shipping","12":"first","13":"instock","14":"featured","15":"taxable","16":"shipping-taxable","17":"purchasable","18":"product-type-simple"},"_links":{"self":[{"href":"https:\/\/abinox-chr-clim.com\/index.php\/wp-json\/wp\/v2\/product\/70329","targetHints":{"allow":["GET"]}}],"collection":[{"href":"https:\/\/abinox-chr-clim.com\/index.php\/wp-json\/wp\/v2\/product"}],"about":[{"href":"https:\/\/abinox-chr-clim.com\/index.php\/wp-json\/wp\/v2\/types\/product"}],"replies":[{"embeddable":true,"href":"https:\/\/abinox-chr-clim.com\/index.php\/wp-json\/wp\/v2\/comments?post=70329"}],"wp:featuredmedia":[{"embeddable":true,"href":"https:\/\/abinox-chr-clim.com\/index.php\/wp-json\/wp\/v2\/media\/98476"}],"wp:attachment":[{"href":"https:\/\/abinox-chr-clim.com\/index.php\/wp-json\/wp\/v2\/media?parent=70329"}],"wp:term":[{"taxonomy":"product_brand","embeddable":true,"href":"https:\/\/abinox-chr-clim.com\/index.php\/wp-json\/wp\/v2\/product_brand?post=70329"},{"taxonomy":"product_cat","embeddable":true,"href":"https:\/\/abinox-chr-clim.com\/index.php\/wp-json\/wp\/v2\/product_cat?post=70329"},{"taxonomy":"product_tag","embeddable":true,"href":"https:\/\/abinox-chr-clim.com\/index.php\/wp-json\/wp\/v2\/product_tag?post=70329"}],"curies":[{"name":"wp","href":"https:\/\/api.w.org\/{rel}","templated":true}]}}