{"id":70328,"date":"2024-03-22T19:26:28","date_gmt":"2024-03-22T18:26:28","guid":{"rendered":"https:\/\/abinox-chr-clim.com\/index.php\/product\/table-a-plateau-basculant-en-acier-inoxydable-bolero\/"},"modified":"2026-04-02T09:06:38","modified_gmt":"2026-04-02T07:06:38","slug":"table-a-plateau-basculant-en-acier-inoxydable-bolero","status":"publish","type":"product","link":"https:\/\/abinox-chr-clim.com\/index.php\/product\/table-a-plateau-basculant-en-acier-inoxydable-bolero\/","title":{"rendered":"Table \u00e0 plateau basculant en acier inoxydable Bolero"},"content":{"rendered":"<p>Tables modernes gain de place, se plient en un instant et se rangent l&rsquo;une contre l&rsquo;autre. Faciles \u00e0 transporter et \u00e0 entreposer. Fournies en kit pour un assemblage facile. Id\u00e9ales pour les terrasses qui doivent \u00eatre rang\u00e9es tous les soirs.<br \/>Pied en alliage aluminium. Les tables s&#8217;embo\u00eetent les unes dans les autres lorsque les plateaux sont bascul\u00e9s.Utilisation int\u00e9rieure et ext\u00e9rieure. R\u00e9f\u00e9rence soumise \u00e0 une Eco-participation mobilier de 0.34\u20ac par unit\u00e9 vendue. Utilisation int\u00e9rieure et ext\u00e9rieure.Fournie en kit pour un assemblage facile.R\u00e9f\u00e9rence soumise \u00e0 une Eco-participation mobilier de 1,06\u20ac par unit\u00e9 vendue. Pied en alliage aluminium.<\/p>\n<p>Caract\u00e9ristiques :<br \/> Dimensions : 720(H) x 600(\u00d8)mm.<br \/> Mati\u00e8re : Inox et aluminium.<br \/> Couleur : Argent.<\/p>\n","protected":false},"excerpt":{"rendered":"<p>Table \u00e0 plateau basculant en acier inoxydable Bolero<\/p>\n","protected":false},"featured_media":98470,"comment_status":"closed","ping_status":"closed","template":"","meta":[],"product_brand":[],"product_cat":[1202,1201,1297,1207],"product_tag":[],"class_list":{"0":"post-70328","1":"product","2":"type-product","3":"status-publish","4":"has-post-thumbnail","6":"product_cat-exterieur","7":"product_cat-mobilier","8":"product_cat-non-palettisable","9":"product_cat-tables","10":"product_shipping_class-free-shipping","12":"first","13":"instock","14":"featured","15":"taxable","16":"shipping-taxable","17":"purchasable","18":"product-type-simple"},"_links":{"self":[{"href":"https:\/\/abinox-chr-clim.com\/index.php\/wp-json\/wp\/v2\/product\/70328","targetHints":{"allow":["GET"]}}],"collection":[{"href":"https:\/\/abinox-chr-clim.com\/index.php\/wp-json\/wp\/v2\/product"}],"about":[{"href":"https:\/\/abinox-chr-clim.com\/index.php\/wp-json\/wp\/v2\/types\/product"}],"replies":[{"embeddable":true,"href":"https:\/\/abinox-chr-clim.com\/index.php\/wp-json\/wp\/v2\/comments?post=70328"}],"wp:featuredmedia":[{"embeddable":true,"href":"https:\/\/abinox-chr-clim.com\/index.php\/wp-json\/wp\/v2\/media\/98470"}],"wp:attachment":[{"href":"https:\/\/abinox-chr-clim.com\/index.php\/wp-json\/wp\/v2\/media?parent=70328"}],"wp:term":[{"taxonomy":"product_brand","embeddable":true,"href":"https:\/\/abinox-chr-clim.com\/index.php\/wp-json\/wp\/v2\/product_brand?post=70328"},{"taxonomy":"product_cat","embeddable":true,"href":"https:\/\/abinox-chr-clim.com\/index.php\/wp-json\/wp\/v2\/product_cat?post=70328"},{"taxonomy":"product_tag","embeddable":true,"href":"https:\/\/abinox-chr-clim.com\/index.php\/wp-json\/wp\/v2\/product_tag?post=70328"}],"curies":[{"name":"wp","href":"https:\/\/api.w.org\/{rel}","templated":true}]}}