{"id":70327,"date":"2024-03-22T19:26:28","date_gmt":"2024-03-22T18:26:28","guid":{"rendered":"https:\/\/abinox-chr-clim.com\/index.php\/product\/mange-debout-limburg-gris-80-cm\/"},"modified":"2026-04-02T08:53:23","modified_gmt":"2026-04-02T06:53:23","slug":"mange-debout-limburg-gris-80-cm","status":"publish","type":"product","link":"https:\/\/abinox-chr-clim.com\/index.php\/product\/mange-debout-limburg-gris-80-cm\/","title":{"rendered":"Mange-debout Limburg gris 80 cm"},"content":{"rendered":"<p>Plateau rabattable. Mat\u00e9riau : tube d&rsquo;acier. Traitement surface : peint \u00e9poxy. Plateau termin\u00e9 par un rebord.  R\u00e9f\u00e9rence soumise \u00e0 une Eco-participation mobilier de 0,54\u20ac par unit\u00e9 vendue. Plateau rabattable.<\/p>\n","protected":false},"excerpt":{"rendered":"<p>Mange-debout Limburg gris 80 cm<\/p>\n","protected":false},"featured_media":103432,"comment_status":"closed","ping_status":"closed","template":"","meta":[],"product_brand":[],"product_cat":[1202,1201,1296,1207],"product_tag":[],"class_list":{"0":"post-70327","1":"product","2":"type-product","3":"status-publish","4":"has-post-thumbnail","6":"product_cat-exterieur","7":"product_cat-mobilier","8":"product_cat-palettisable","9":"product_cat-tables","11":"first","12":"instock","13":"featured","14":"taxable","15":"shipping-taxable","16":"purchasable","17":"product-type-simple"},"_links":{"self":[{"href":"https:\/\/abinox-chr-clim.com\/index.php\/wp-json\/wp\/v2\/product\/70327","targetHints":{"allow":["GET"]}}],"collection":[{"href":"https:\/\/abinox-chr-clim.com\/index.php\/wp-json\/wp\/v2\/product"}],"about":[{"href":"https:\/\/abinox-chr-clim.com\/index.php\/wp-json\/wp\/v2\/types\/product"}],"replies":[{"embeddable":true,"href":"https:\/\/abinox-chr-clim.com\/index.php\/wp-json\/wp\/v2\/comments?post=70327"}],"wp:featuredmedia":[{"embeddable":true,"href":"https:\/\/abinox-chr-clim.com\/index.php\/wp-json\/wp\/v2\/media\/103432"}],"wp:attachment":[{"href":"https:\/\/abinox-chr-clim.com\/index.php\/wp-json\/wp\/v2\/media?parent=70327"}],"wp:term":[{"taxonomy":"product_brand","embeddable":true,"href":"https:\/\/abinox-chr-clim.com\/index.php\/wp-json\/wp\/v2\/product_brand?post=70327"},{"taxonomy":"product_cat","embeddable":true,"href":"https:\/\/abinox-chr-clim.com\/index.php\/wp-json\/wp\/v2\/product_cat?post=70327"},{"taxonomy":"product_tag","embeddable":true,"href":"https:\/\/abinox-chr-clim.com\/index.php\/wp-json\/wp\/v2\/product_tag?post=70327"}],"curies":[{"name":"wp","href":"https:\/\/api.w.org\/{rel}","templated":true}]}}