{"id":70323,"date":"2024-03-22T19:26:26","date_gmt":"2024-03-22T18:26:26","guid":{"rendered":"https:\/\/abinox-chr-clim.com\/index.php\/product\/mange-debout-brabant-85-cm\/"},"modified":"2026-04-02T08:52:53","modified_gmt":"2026-04-02T06:52:53","slug":"mange-debout-brabant-85-cm","status":"publish","type":"product","link":"https:\/\/abinox-chr-clim.com\/index.php\/product\/mange-debout-brabant-85-cm\/","title":{"rendered":"Mange-debout Brabant 85 cm"},"content":{"rendered":"<p>Table haute pliante, 110cm de hauteur. Pied blanc et plateau blanc. Disponible en deux dimensions. Plateau termin\u00e9 par un rebord, et r\u00e9sistant aux intemp\u00e9ries et aux rayures.  R\u00e9f\u00e9rence soumise \u00e0 une Eco-participation mobilier de 1,43\u20ac par unit\u00e9 vendue. Table haute pliante, 110cm de hauteur.<\/p>\n","protected":false},"excerpt":{"rendered":"<p>Mange-debout Brabant 85 cm<\/p>\n","protected":false},"featured_media":103422,"comment_status":"closed","ping_status":"closed","template":"","meta":[],"product_brand":[],"product_cat":[1202,1201,1296,1207],"product_tag":[],"class_list":{"0":"post-70323","1":"product","2":"type-product","3":"status-publish","4":"has-post-thumbnail","6":"product_cat-exterieur","7":"product_cat-mobilier","8":"product_cat-palettisable","9":"product_cat-tables","11":"first","12":"instock","13":"featured","14":"taxable","15":"shipping-taxable","16":"purchasable","17":"product-type-simple"},"_links":{"self":[{"href":"https:\/\/abinox-chr-clim.com\/index.php\/wp-json\/wp\/v2\/product\/70323","targetHints":{"allow":["GET"]}}],"collection":[{"href":"https:\/\/abinox-chr-clim.com\/index.php\/wp-json\/wp\/v2\/product"}],"about":[{"href":"https:\/\/abinox-chr-clim.com\/index.php\/wp-json\/wp\/v2\/types\/product"}],"replies":[{"embeddable":true,"href":"https:\/\/abinox-chr-clim.com\/index.php\/wp-json\/wp\/v2\/comments?post=70323"}],"wp:featuredmedia":[{"embeddable":true,"href":"https:\/\/abinox-chr-clim.com\/index.php\/wp-json\/wp\/v2\/media\/103422"}],"wp:attachment":[{"href":"https:\/\/abinox-chr-clim.com\/index.php\/wp-json\/wp\/v2\/media?parent=70323"}],"wp:term":[{"taxonomy":"product_brand","embeddable":true,"href":"https:\/\/abinox-chr-clim.com\/index.php\/wp-json\/wp\/v2\/product_brand?post=70323"},{"taxonomy":"product_cat","embeddable":true,"href":"https:\/\/abinox-chr-clim.com\/index.php\/wp-json\/wp\/v2\/product_cat?post=70323"},{"taxonomy":"product_tag","embeddable":true,"href":"https:\/\/abinox-chr-clim.com\/index.php\/wp-json\/wp\/v2\/product_tag?post=70323"}],"curies":[{"name":"wp","href":"https:\/\/api.w.org\/{rel}","templated":true}]}}