{"id":70321,"date":"2024-03-22T19:26:26","date_gmt":"2024-03-22T18:26:26","guid":{"rendered":"https:\/\/abinox-chr-clim.com\/index.php\/product\/table-carree-en-frene-et-aluminium-bolero-700mm\/"},"modified":"2026-04-02T09:21:57","modified_gmt":"2026-04-02T07:21:57","slug":"table-carree-en-frene-et-aluminium-bolero-700mm","status":"publish","type":"product","link":"https:\/\/abinox-chr-clim.com\/index.php\/product\/table-carree-en-frene-et-aluminium-bolero-700mm\/","title":{"rendered":"Table carr\u00e9e en fr\u00eane et aluminium Bolero 700mm"},"content":{"rendered":"<p>Styl\u00e9es, modernes et l\u00e9g\u00e8res, ces tables sont id\u00e9ales pour une utilisation dans les caf\u00e9s, bars et restaurants. Entretien r\u00e9gulier recommand\u00e9 avec l&rsquo;huile pour bois (DL476) pour l&rsquo;utilisation en ext\u00e9rieur.<br \/>Fr\u00eane pr\u00e9-huil\u00e9 pour une utilisation durable \u00e0 l&rsquo;int\u00e9rieur comme \u00e0 l&rsquo;ext\u00e9rieur. Con\u00e7u avec un style naturel pour embellir vos espaces d&rsquo;assise. La conception robuste en bois et en aluminium vous offre des meubles durables. R\u00e9f\u00e9rence soumise \u00e0 une Eco-participation mobilier de 1.83\u20ac par unit\u00e9 vendue. Le rebord en aluminium prot\u00e8ge le bois contre les chocs potentiels. L&rsquo;auto-assemblage facile vous permet d&rsquo;avoir les tables construites et pr\u00eates \u00e0 \u00eatre utilis\u00e9s en un rien de temps. Convient \u00e0 un usage int\u00e9rieur et ext\u00e9rieur. Pour une utilisation en ext\u00e9rieur, un entretien du bois est n\u00e9cessaire pour \u00e9viter les dommages caus\u00e9s par les intemp\u00e9ries. Entretien g\u00e9n\u00e9ral du bois requis &#8211; veuillez commander DL476. Le design compact vous permet de tirer le meilleur parti de vos espaces de repas. R\u00e9f\u00e9rence soumise \u00e0 une Eco-participation mobilier de 1,28\u20ac par unit\u00e9 vendue. Fr\u00eane pr\u00e9-huil\u00e9 pour une utilisation durable \u00e0 l&rsquo;int\u00e9rieur comme \u00e0 l&rsquo;ext\u00e9rieur.<\/p>\n<p>Caract\u00e9ristiques :<br \/> Dimensions : 720(H) x 700(L) x 700(P)mm.<br \/> Mati\u00e8re : Fr\u00eane et aluminium.<br \/> Couleur : Argent.<\/p>\n","protected":false},"excerpt":{"rendered":"<p>Table carr\u00e9e en fr\u00eane et aluminium Bolero 700mm<\/p>\n","protected":false},"featured_media":102166,"comment_status":"closed","ping_status":"closed","template":"","meta":[],"product_brand":[],"product_cat":[1202,1201,1297,1207],"product_tag":[],"class_list":{"0":"post-70321","1":"product","2":"type-product","3":"status-publish","4":"has-post-thumbnail","6":"product_cat-exterieur","7":"product_cat-mobilier","8":"product_cat-non-palettisable","9":"product_cat-tables","10":"product_shipping_class-free-shipping","12":"first","13":"instock","14":"featured","15":"taxable","16":"shipping-taxable","17":"purchasable","18":"product-type-simple"},"_links":{"self":[{"href":"https:\/\/abinox-chr-clim.com\/index.php\/wp-json\/wp\/v2\/product\/70321","targetHints":{"allow":["GET"]}}],"collection":[{"href":"https:\/\/abinox-chr-clim.com\/index.php\/wp-json\/wp\/v2\/product"}],"about":[{"href":"https:\/\/abinox-chr-clim.com\/index.php\/wp-json\/wp\/v2\/types\/product"}],"replies":[{"embeddable":true,"href":"https:\/\/abinox-chr-clim.com\/index.php\/wp-json\/wp\/v2\/comments?post=70321"}],"wp:featuredmedia":[{"embeddable":true,"href":"https:\/\/abinox-chr-clim.com\/index.php\/wp-json\/wp\/v2\/media\/102166"}],"wp:attachment":[{"href":"https:\/\/abinox-chr-clim.com\/index.php\/wp-json\/wp\/v2\/media?parent=70321"}],"wp:term":[{"taxonomy":"product_brand","embeddable":true,"href":"https:\/\/abinox-chr-clim.com\/index.php\/wp-json\/wp\/v2\/product_brand?post=70321"},{"taxonomy":"product_cat","embeddable":true,"href":"https:\/\/abinox-chr-clim.com\/index.php\/wp-json\/wp\/v2\/product_cat?post=70321"},{"taxonomy":"product_tag","embeddable":true,"href":"https:\/\/abinox-chr-clim.com\/index.php\/wp-json\/wp\/v2\/product_tag?post=70321"}],"curies":[{"name":"wp","href":"https:\/\/api.w.org\/{rel}","templated":true}]}}