{"id":70320,"date":"2024-03-22T19:26:25","date_gmt":"2024-03-22T18:26:25","guid":{"rendered":"https:\/\/abinox-chr-clim.com\/index.php\/product\/table-ronde-en-frene-et-aluminium-bolero-600mm\/"},"modified":"2026-04-02T09:21:56","modified_gmt":"2026-04-02T07:21:56","slug":"table-ronde-en-frene-et-aluminium-bolero-600mm","status":"publish","type":"product","link":"https:\/\/abinox-chr-clim.com\/index.php\/product\/table-ronde-en-frene-et-aluminium-bolero-600mm\/","title":{"rendered":"Table ronde en fr\u00eane et aluminium Bolero 600mm"},"content":{"rendered":"<p>Styl\u00e9es, modernes et l\u00e9g\u00e8res, ces tables sont id\u00e9ales pour une utilisation dans les caf\u00e9s, bars et restaurants. Entretien r\u00e9gulier recommand\u00e9 avec l&rsquo;huile pour bois (DL476) pour l&rsquo;utilisation en ext\u00e9rieur.<br \/>Pour une utilisation int\u00e9rieure et ext\u00e9rieure. Colis plat &#8211; assemblage facile. Epaisseur latte : 18mm. R\u00e9f\u00e9rence soumise \u00e0 une Eco-participation mobilier de 0.3\u20ac par unit\u00e9 vendue. Commandez l&rsquo;huile pour teck DL476 pour entretenir votre mobilier.Bois pr\u00e9-trait\u00e9 pour une utilisation ext\u00e9rieure. R\u00e9f\u00e9rence soumise \u00e0 une Eco-participation mobilier de 0,86\u20ac par unit\u00e9 vendue. Pour une utilisation int\u00e9rieure et ext\u00e9rieure.<\/p>\n<p>Caract\u00e9ristiques :<br \/> Dimensions : 720(H) x 600(\u00d8)mm.<br \/> Mati\u00e8re : Fr\u00eane et aluminium.<br \/> Couleur : Argent.<\/p>\n","protected":false},"excerpt":{"rendered":"<p>Table ronde en fr\u00eane et aluminium Bolero 600mm<\/p>\n","protected":false},"featured_media":102165,"comment_status":"closed","ping_status":"closed","template":"","meta":[],"product_brand":[],"product_cat":[1202,1201,1297,1207],"product_tag":[],"class_list":{"0":"post-70320","1":"product","2":"type-product","3":"status-publish","4":"has-post-thumbnail","6":"product_cat-exterieur","7":"product_cat-mobilier","8":"product_cat-non-palettisable","9":"product_cat-tables","10":"product_shipping_class-free-shipping","12":"first","13":"outofstock","14":"featured","15":"taxable","16":"shipping-taxable","17":"purchasable","18":"product-type-simple"},"_links":{"self":[{"href":"https:\/\/abinox-chr-clim.com\/index.php\/wp-json\/wp\/v2\/product\/70320","targetHints":{"allow":["GET"]}}],"collection":[{"href":"https:\/\/abinox-chr-clim.com\/index.php\/wp-json\/wp\/v2\/product"}],"about":[{"href":"https:\/\/abinox-chr-clim.com\/index.php\/wp-json\/wp\/v2\/types\/product"}],"replies":[{"embeddable":true,"href":"https:\/\/abinox-chr-clim.com\/index.php\/wp-json\/wp\/v2\/comments?post=70320"}],"wp:featuredmedia":[{"embeddable":true,"href":"https:\/\/abinox-chr-clim.com\/index.php\/wp-json\/wp\/v2\/media\/102165"}],"wp:attachment":[{"href":"https:\/\/abinox-chr-clim.com\/index.php\/wp-json\/wp\/v2\/media?parent=70320"}],"wp:term":[{"taxonomy":"product_brand","embeddable":true,"href":"https:\/\/abinox-chr-clim.com\/index.php\/wp-json\/wp\/v2\/product_brand?post=70320"},{"taxonomy":"product_cat","embeddable":true,"href":"https:\/\/abinox-chr-clim.com\/index.php\/wp-json\/wp\/v2\/product_cat?post=70320"},{"taxonomy":"product_tag","embeddable":true,"href":"https:\/\/abinox-chr-clim.com\/index.php\/wp-json\/wp\/v2\/product_tag?post=70320"}],"curies":[{"name":"wp","href":"https:\/\/api.w.org\/{rel}","templated":true}]}}