{"id":70319,"date":"2024-03-22T19:26:25","date_gmt":"2024-03-22T18:26:25","guid":{"rendered":"https:\/\/abinox-chr-clim.com\/index.php\/product\/table-carree-pliante-en-rotin-pe-bolero-600mm\/"},"modified":"2026-04-02T09:17:13","modified_gmt":"2026-04-02T07:17:13","slug":"table-carree-pliante-en-rotin-pe-bolero-600mm","status":"publish","type":"product","link":"https:\/\/abinox-chr-clim.com\/index.php\/product\/table-carree-pliante-en-rotin-pe-bolero-600mm\/","title":{"rendered":"Table carr\u00e9e pliante en rotin PE Bolero 600mm"},"content":{"rendered":"<p>Mobilier pliant fa\u00e7on rotin avec structure en acier durable et rev\u00eatement PE r\u00e9sistant aux intemp\u00e9ries, id\u00e9al pour les terrasses et  trottoirs o\u00f9 l&rsquo;espace est limit\u00e9. Se plie facilement pour un rangement rapide et pratique. S&rsquo;associe \u00e0 la chaise CF159 et au fauteuil DL477.<br \/>Le plateau de table en faux rotin apporte un style unique aux zones d&rsquo;assise. Les pieds pliants permettent un rangement peu encombrant. La poign\u00e9e int\u00e9gr\u00e9e permet un transport facile. R\u00e9f\u00e9rence soumise \u00e0 une Eco-participation mobilier de 1.16\u20ac par unit\u00e9 vendue. Le dessus en osier PE et les pieds en acier offrent une excellente durabilit\u00e9. Livr\u00e9 enti\u00e8rement assembl\u00e9 pour une utilisation imm\u00e9diate.Les embouts de pieds emp\u00eachent la table de bouger pendant l&rsquo;utilisation et \u00e9vitent de marquer le sol. R\u00e9f\u00e9rence soumise \u00e0 une Eco-participation mobilier de 0,67\u20ac par unit\u00e9 vendue. Le plateau de table en faux rotin apporte un style unique aux zones d&rsquo;assise.<\/p>\n<p>Caract\u00e9ristiques :<br \/> Dimensions : Dimensions (mm): 710(H) x 600(L) x 600(P). Poids: 6kg.<br \/> Mati\u00e8re : Rotin PE et structure acier.<br \/> Couleur : Noir.<\/p>\n","protected":false},"excerpt":{"rendered":"<p>Table carr\u00e9e pliante en rotin PE Bolero 600mm<\/p>\n","protected":false},"featured_media":102088,"comment_status":"closed","ping_status":"closed","template":"","meta":[],"product_brand":[],"product_cat":[1202,1201,1297,1207],"product_tag":[],"class_list":{"0":"post-70319","1":"product","2":"type-product","3":"status-publish","4":"has-post-thumbnail","6":"product_cat-exterieur","7":"product_cat-mobilier","8":"product_cat-non-palettisable","9":"product_cat-tables","10":"product_shipping_class-free-shipping","12":"first","13":"outofstock","14":"featured","15":"taxable","16":"shipping-taxable","17":"purchasable","18":"product-type-simple"},"_links":{"self":[{"href":"https:\/\/abinox-chr-clim.com\/index.php\/wp-json\/wp\/v2\/product\/70319","targetHints":{"allow":["GET"]}}],"collection":[{"href":"https:\/\/abinox-chr-clim.com\/index.php\/wp-json\/wp\/v2\/product"}],"about":[{"href":"https:\/\/abinox-chr-clim.com\/index.php\/wp-json\/wp\/v2\/types\/product"}],"replies":[{"embeddable":true,"href":"https:\/\/abinox-chr-clim.com\/index.php\/wp-json\/wp\/v2\/comments?post=70319"}],"wp:featuredmedia":[{"embeddable":true,"href":"https:\/\/abinox-chr-clim.com\/index.php\/wp-json\/wp\/v2\/media\/102088"}],"wp:attachment":[{"href":"https:\/\/abinox-chr-clim.com\/index.php\/wp-json\/wp\/v2\/media?parent=70319"}],"wp:term":[{"taxonomy":"product_brand","embeddable":true,"href":"https:\/\/abinox-chr-clim.com\/index.php\/wp-json\/wp\/v2\/product_brand?post=70319"},{"taxonomy":"product_cat","embeddable":true,"href":"https:\/\/abinox-chr-clim.com\/index.php\/wp-json\/wp\/v2\/product_cat?post=70319"},{"taxonomy":"product_tag","embeddable":true,"href":"https:\/\/abinox-chr-clim.com\/index.php\/wp-json\/wp\/v2\/product_tag?post=70319"}],"curies":[{"name":"wp","href":"https:\/\/api.w.org\/{rel}","templated":true}]}}