{"id":70318,"date":"2024-03-22T19:26:25","date_gmt":"2024-03-22T18:26:25","guid":{"rendered":"https:\/\/abinox-chr-clim.com\/index.php\/product\/table-bistro-carree-plateau-basculant-frene-bolero-600mm\/"},"modified":"2026-04-02T09:24:00","modified_gmt":"2026-04-02T07:24:00","slug":"table-bistro-carree-plateau-basculant-frene-bolero-600mm","status":"publish","type":"product","link":"https:\/\/abinox-chr-clim.com\/index.php\/product\/table-bistro-carree-plateau-basculant-frene-bolero-600mm\/","title":{"rendered":"Table bistro carr\u00e9e plateau basculant fr\u00eane Bolero 600mm"},"content":{"rendered":"<p>Table avec plateau en bois et pied stable lest\u00e9. Le plateau en fr\u00eane est pr\u00e9-huil\u00e9 pour r\u00e9sister \u00e0 une utilisation en ext\u00e9rieur (entretien r\u00e9gulier conseill\u00e9). Anti-rouille. Le plateau basculant facilite le rangement.<br \/>Le dessus en fr\u00eane pr\u00e9-huil\u00e9 permet une utilisation par temps humide ou sec sans causer de dommages.Facile \u00e0 monter soi-m\u00eame, la table est pr\u00eate \u00e0 l&#8217;emploi en un rien de temps. Le m\u00e9canisme rabattable permet de la plier rapidement et facilement apr\u00e8s utilisation ou pendant le nettoyage, pour gagner de la place. R\u00e9f\u00e9rence soumise \u00e0 une Eco-participation mobilier de 1.47\u20ac par unit\u00e9 vendue. Fournie avec des patins pour r\u00e9duire les marques au sol et am\u00e9liorer la stabilit\u00e9 lors de l&rsquo;utilisation. La structure en aluminium et en bois offre une excellente durabilit\u00e9 &#8211; ce qui rend la table id\u00e9ale pour une utilisation r\u00e9guli\u00e8re, \u00e0 l&rsquo;int\u00e9rieur ou \u00e0 l&rsquo;ext\u00e9rieur. Entretien g\u00e9n\u00e9ral du bois requis &#8211; veuillez commander DL477. Le dessus en fr\u00eane pr\u00e9-huil\u00e9 permet une utilisation par temps humide ou sec sans causer de dommages. .<br \/> Caract\u00e9ristiques :<br \/> Dimensions : 730(H) x 600(L) x 600(P)mm.<br \/> Mati\u00e8re : Fr\u00eane et aluminium.<br \/> Couleur : Argent.<\/p>\n","protected":false},"excerpt":{"rendered":"<p>Table bistro carr\u00e9e plateau basculant fr\u00eane Bolero 600mm<\/p>\n","protected":false},"featured_media":101993,"comment_status":"closed","ping_status":"closed","template":"","meta":[],"product_brand":[],"product_cat":[1202,1201,1297,1207],"product_tag":[],"class_list":{"0":"post-70318","1":"product","2":"type-product","3":"status-publish","4":"has-post-thumbnail","6":"product_cat-exterieur","7":"product_cat-mobilier","8":"product_cat-non-palettisable","9":"product_cat-tables","10":"product_shipping_class-free-shipping","12":"first","13":"instock","14":"featured","15":"taxable","16":"shipping-taxable","17":"purchasable","18":"product-type-simple"},"_links":{"self":[{"href":"https:\/\/abinox-chr-clim.com\/index.php\/wp-json\/wp\/v2\/product\/70318","targetHints":{"allow":["GET"]}}],"collection":[{"href":"https:\/\/abinox-chr-clim.com\/index.php\/wp-json\/wp\/v2\/product"}],"about":[{"href":"https:\/\/abinox-chr-clim.com\/index.php\/wp-json\/wp\/v2\/types\/product"}],"replies":[{"embeddable":true,"href":"https:\/\/abinox-chr-clim.com\/index.php\/wp-json\/wp\/v2\/comments?post=70318"}],"wp:featuredmedia":[{"embeddable":true,"href":"https:\/\/abinox-chr-clim.com\/index.php\/wp-json\/wp\/v2\/media\/101993"}],"wp:attachment":[{"href":"https:\/\/abinox-chr-clim.com\/index.php\/wp-json\/wp\/v2\/media?parent=70318"}],"wp:term":[{"taxonomy":"product_brand","embeddable":true,"href":"https:\/\/abinox-chr-clim.com\/index.php\/wp-json\/wp\/v2\/product_brand?post=70318"},{"taxonomy":"product_cat","embeddable":true,"href":"https:\/\/abinox-chr-clim.com\/index.php\/wp-json\/wp\/v2\/product_cat?post=70318"},{"taxonomy":"product_tag","embeddable":true,"href":"https:\/\/abinox-chr-clim.com\/index.php\/wp-json\/wp\/v2\/product_tag?post=70318"}],"curies":[{"name":"wp","href":"https:\/\/api.w.org\/{rel}","templated":true}]}}