{"id":70317,"date":"2024-03-22T19:26:24","date_gmt":"2024-03-22T18:26:24","guid":{"rendered":"https:\/\/abinox-chr-clim.com\/index.php\/product\/table-de-terrasse-carree-en-acier-bolero-noire-600mm\/"},"modified":"2026-04-02T09:16:36","modified_gmt":"2026-04-02T07:16:36","slug":"table-de-terrasse-carree-en-acier-bolero-noire-600mm","status":"publish","type":"product","link":"https:\/\/abinox-chr-clim.com\/index.php\/product\/table-de-terrasse-carree-en-acier-bolero-noire-600mm\/","title":{"rendered":"Table de terrasse carr\u00e9e en acier Bolero noire 600mm"},"content":{"rendered":"<p>Table de terrasse en acier 60 x 60cm.<br \/>Le style industriel donnera \u00e0 vos espaces un air frais. Cadre laqu\u00e9 avec traitement par \u00e9lectrophor\u00e8se pour une excellente durabilit\u00e9 &#8211; id\u00e9al pour une utilisation r\u00e9guli\u00e8re et intensive. Parfaite pour les petites terrasses des caf\u00e9s ou bistros gr\u00e2ce \u00e0 sa conception compacte.R\u00e9f\u00e9rence soumise \u00e0 une Eco-participation mobilier de 0.34\u20ac par unit\u00e9 vendue. La structure rabattable permet de la plier rapidement et facilement apr\u00e8s utilisation ou pendant le nettoyage, et fait gagner de la place. Livr\u00e9e avec des pieds en nylon qui contribuent \u00e0 emp\u00eacher la table de bouger ou de marquer les sols. Le design contemporain est parfait pour les caf\u00e9s, les bistros ou les terrasses. Epaisseur des lamelles 2mm. Livr\u00e9e enti\u00e8rement mont\u00e9e, permettant une utilisation imm\u00e9diate. \u00c9paisseur des lattes\u00a0: 2 mm. Le style industriel donnera \u00e0 vos espaces un air frais.<\/p>\n<p>Caract\u00e9ristiques :<br \/> Dimensions : 710(H) x 600(L) x 600(P) mm.<br \/> Mati\u00e8re : Rev\u00eatement acier poudr\u00e9.<br \/> Couleur : Noir.<\/p>\n","protected":false},"excerpt":{"rendered":"<p>Table de terrasse carr\u00e9e en acier Bolero noire 600mm<\/p>\n","protected":false},"featured_media":101992,"comment_status":"closed","ping_status":"closed","template":"","meta":[],"product_brand":[],"product_cat":[1202,1201,1297,1207],"product_tag":[],"class_list":{"0":"post-70317","1":"product","2":"type-product","3":"status-publish","4":"has-post-thumbnail","6":"product_cat-exterieur","7":"product_cat-mobilier","8":"product_cat-non-palettisable","9":"product_cat-tables","10":"product_shipping_class-free-shipping","12":"first","13":"instock","14":"featured","15":"taxable","16":"shipping-taxable","17":"purchasable","18":"product-type-simple"},"_links":{"self":[{"href":"https:\/\/abinox-chr-clim.com\/index.php\/wp-json\/wp\/v2\/product\/70317","targetHints":{"allow":["GET"]}}],"collection":[{"href":"https:\/\/abinox-chr-clim.com\/index.php\/wp-json\/wp\/v2\/product"}],"about":[{"href":"https:\/\/abinox-chr-clim.com\/index.php\/wp-json\/wp\/v2\/types\/product"}],"replies":[{"embeddable":true,"href":"https:\/\/abinox-chr-clim.com\/index.php\/wp-json\/wp\/v2\/comments?post=70317"}],"wp:featuredmedia":[{"embeddable":true,"href":"https:\/\/abinox-chr-clim.com\/index.php\/wp-json\/wp\/v2\/media\/101992"}],"wp:attachment":[{"href":"https:\/\/abinox-chr-clim.com\/index.php\/wp-json\/wp\/v2\/media?parent=70317"}],"wp:term":[{"taxonomy":"product_brand","embeddable":true,"href":"https:\/\/abinox-chr-clim.com\/index.php\/wp-json\/wp\/v2\/product_brand?post=70317"},{"taxonomy":"product_cat","embeddable":true,"href":"https:\/\/abinox-chr-clim.com\/index.php\/wp-json\/wp\/v2\/product_cat?post=70317"},{"taxonomy":"product_tag","embeddable":true,"href":"https:\/\/abinox-chr-clim.com\/index.php\/wp-json\/wp\/v2\/product_tag?post=70317"}],"curies":[{"name":"wp","href":"https:\/\/api.w.org\/{rel}","templated":true}]}}