{"id":70315,"date":"2024-03-22T19:26:24","date_gmt":"2024-03-22T18:26:24","guid":{"rendered":"https:\/\/abinox-chr-clim.com\/index.php\/product\/table-de-terrasse-carree-en-acier-bolero-bleu-turquoise-600mm\/"},"modified":"2026-04-02T09:16:34","modified_gmt":"2026-04-02T07:16:34","slug":"table-de-terrasse-carree-en-acier-bolero-bleu-turquoise-600mm","status":"publish","type":"product","link":"https:\/\/abinox-chr-clim.com\/index.php\/product\/table-de-terrasse-carree-en-acier-bolero-bleu-turquoise-600mm\/","title":{"rendered":"Table de terrasse carr\u00e9e en acier Bolero bleu turquoise 600mm"},"content":{"rendered":"<p>Table de terrasse en acier 60 x 60cm.<br \/>Pour une utilisation int\u00e9rieure et ext\u00e9rieure. Structure peinte par poudrage. Parfaite pour les petits espaces terrasses. R\u00e9f\u00e9rence soumise \u00e0 une Eco-participation mobilier de 0.33\u20ac par unit\u00e9 vendue. Livr\u00e9e mont\u00e9e. R\u00e9sistant aux UV. Se plie pour un rangement facile. Epaisseur des lamelles 2mm.R\u00e9f\u00e9rence soumise \u00e0 une Eco-participation mobilier de 0,93\u20ac par unit\u00e9 vendue. Pour une utilisation int\u00e9rieure et ext\u00e9rieure.<\/p>\n<p>Caract\u00e9ristiques :<br \/> Dimensions : 710(H) x 600(L) x 600(P)mm.<br \/> Mati\u00e8re : Rev\u00eatement acier poudr\u00e9.<br \/> Couleur : Bleu.<\/p>\n","protected":false},"excerpt":{"rendered":"<p>Table de terrasse carr\u00e9e en acier Bolero bleu turquoise 600mm<\/p>\n","protected":false},"featured_media":101990,"comment_status":"closed","ping_status":"closed","template":"","meta":[],"product_brand":[],"product_cat":[1202,1201,1297,1207],"product_tag":[],"class_list":{"0":"post-70315","1":"product","2":"type-product","3":"status-publish","4":"has-post-thumbnail","6":"product_cat-exterieur","7":"product_cat-mobilier","8":"product_cat-non-palettisable","9":"product_cat-tables","10":"product_shipping_class-free-shipping","12":"first","13":"instock","14":"featured","15":"taxable","16":"shipping-taxable","17":"purchasable","18":"product-type-simple"},"_links":{"self":[{"href":"https:\/\/abinox-chr-clim.com\/index.php\/wp-json\/wp\/v2\/product\/70315","targetHints":{"allow":["GET"]}}],"collection":[{"href":"https:\/\/abinox-chr-clim.com\/index.php\/wp-json\/wp\/v2\/product"}],"about":[{"href":"https:\/\/abinox-chr-clim.com\/index.php\/wp-json\/wp\/v2\/types\/product"}],"replies":[{"embeddable":true,"href":"https:\/\/abinox-chr-clim.com\/index.php\/wp-json\/wp\/v2\/comments?post=70315"}],"wp:featuredmedia":[{"embeddable":true,"href":"https:\/\/abinox-chr-clim.com\/index.php\/wp-json\/wp\/v2\/media\/101990"}],"wp:attachment":[{"href":"https:\/\/abinox-chr-clim.com\/index.php\/wp-json\/wp\/v2\/media?parent=70315"}],"wp:term":[{"taxonomy":"product_brand","embeddable":true,"href":"https:\/\/abinox-chr-clim.com\/index.php\/wp-json\/wp\/v2\/product_brand?post=70315"},{"taxonomy":"product_cat","embeddable":true,"href":"https:\/\/abinox-chr-clim.com\/index.php\/wp-json\/wp\/v2\/product_cat?post=70315"},{"taxonomy":"product_tag","embeddable":true,"href":"https:\/\/abinox-chr-clim.com\/index.php\/wp-json\/wp\/v2\/product_tag?post=70315"}],"curies":[{"name":"wp","href":"https:\/\/api.w.org\/{rel}","templated":true}]}}