{"id":70314,"date":"2024-03-22T19:26:23","date_gmt":"2024-03-22T18:26:23","guid":{"rendered":"https:\/\/abinox-chr-clim.com\/index.php\/product\/table-de-terrasse-ronde-en-acier-bolero-bleu-turquoise-595mm\/"},"modified":"2026-04-02T09:16:33","modified_gmt":"2026-04-02T07:16:33","slug":"table-de-terrasse-ronde-en-acier-bolero-bleu-turquoise-595mm","status":"publish","type":"product","link":"https:\/\/abinox-chr-clim.com\/index.php\/product\/table-de-terrasse-ronde-en-acier-bolero-bleu-turquoise-595mm\/","title":{"rendered":"Table de terrasse ronde en acier Bolero bleu turquoise 595mm"},"content":{"rendered":"<p>La construction l\u00e9g\u00e8re rend la table facile \u00e0 transporter.Le design pliant vous permet d&rsquo;\u00e9conomiser de l&rsquo;espace de rangement essentiel. Con\u00e7ue avec une finition bleu marine et un style industriel, la table ajoute une touche unique \u00e0 vos coins salon. R\u00e9f\u00e9rence soumise \u00e0 une Eco-participation mobilier de 0.28\u20ac par unit\u00e9 vendue. Les embouts de pied offrent une protection au sol et aident \u00e0 r\u00e9duire le risque de glisser. Construction robuste en acier galvanis\u00e9 pour un mobilier durable. Convient \u00e0 une utilisation \u00e0 l&rsquo;int\u00e9rieur ou \u00e0 l&rsquo;ext\u00e9rieur sans risque de se d\u00e9grader. \u00c9chantillon disponible (code\u00a0: AJ825). Avec pieds en nylon. Livr\u00e9e enti\u00e8rement mont\u00e9e pour une utilisation imm\u00e9diate hors de la bo\u00eete. R\u00e9f\u00e9rence soumise \u00e0 une Eco-participation mobilier de 0,75\u20ac par unit\u00e9 vendue. La construction l\u00e9g\u00e8re rend la table facile \u00e0 transporter. .<br \/> Caract\u00e9ristiques :<br \/> Dimensions : 710(H)x 595(\u00d8)mm.<br \/> Mati\u00e8re : Rev\u00eatement acier poudr\u00e9.<br \/> Couleur : Bleu.<\/p>\n","protected":false},"excerpt":{"rendered":"<p>Table de terrasse ronde en acier Bolero bleu turquoise 595mm<\/p>\n","protected":false},"featured_media":101989,"comment_status":"closed","ping_status":"closed","template":"","meta":[],"product_brand":[],"product_cat":[1202,1201,1297,1207],"product_tag":[],"class_list":{"0":"post-70314","1":"product","2":"type-product","3":"status-publish","4":"has-post-thumbnail","6":"product_cat-exterieur","7":"product_cat-mobilier","8":"product_cat-non-palettisable","9":"product_cat-tables","10":"product_shipping_class-free-shipping","12":"first","13":"instock","14":"featured","15":"taxable","16":"shipping-taxable","17":"purchasable","18":"product-type-simple"},"_links":{"self":[{"href":"https:\/\/abinox-chr-clim.com\/index.php\/wp-json\/wp\/v2\/product\/70314","targetHints":{"allow":["GET"]}}],"collection":[{"href":"https:\/\/abinox-chr-clim.com\/index.php\/wp-json\/wp\/v2\/product"}],"about":[{"href":"https:\/\/abinox-chr-clim.com\/index.php\/wp-json\/wp\/v2\/types\/product"}],"replies":[{"embeddable":true,"href":"https:\/\/abinox-chr-clim.com\/index.php\/wp-json\/wp\/v2\/comments?post=70314"}],"wp:featuredmedia":[{"embeddable":true,"href":"https:\/\/abinox-chr-clim.com\/index.php\/wp-json\/wp\/v2\/media\/101989"}],"wp:attachment":[{"href":"https:\/\/abinox-chr-clim.com\/index.php\/wp-json\/wp\/v2\/media?parent=70314"}],"wp:term":[{"taxonomy":"product_brand","embeddable":true,"href":"https:\/\/abinox-chr-clim.com\/index.php\/wp-json\/wp\/v2\/product_brand?post=70314"},{"taxonomy":"product_cat","embeddable":true,"href":"https:\/\/abinox-chr-clim.com\/index.php\/wp-json\/wp\/v2\/product_cat?post=70314"},{"taxonomy":"product_tag","embeddable":true,"href":"https:\/\/abinox-chr-clim.com\/index.php\/wp-json\/wp\/v2\/product_tag?post=70314"}],"curies":[{"name":"wp","href":"https:\/\/api.w.org\/{rel}","templated":true}]}}