{"id":70313,"date":"2024-03-22T19:26:23","date_gmt":"2024-03-22T18:26:23","guid":{"rendered":"https:\/\/abinox-chr-clim.com\/index.php\/product\/table-carree-avec-pieds-aluminium-bolero-noire-750mm\/"},"modified":"2026-04-02T09:14:13","modified_gmt":"2026-04-02T07:14:13","slug":"table-carree-avec-pieds-aluminium-bolero-noire-750mm","status":"publish","type":"product","link":"https:\/\/abinox-chr-clim.com\/index.php\/product\/table-carree-avec-pieds-aluminium-bolero-noire-750mm\/","title":{"rendered":"Table carr\u00e9e avec pieds aluminium Bolero noire 750mm"},"content":{"rendered":"<p>Table l\u00e9g\u00e8re en polypropyl\u00e8ne avec pieds en aluminium, adapt\u00e9e \u00e0 une utilisation int\u00e9rieure et ext\u00e9rieure dans les restaurants et caf\u00e9s. Assortie \u00e0 la chaise et au fauteuil bistro empilables vendus s\u00e9par\u00e9ment.<br \/>Le style tr\u00e8s simple est parfaitement adapt\u00e9 \u00e0 n&rsquo;importe quel caf\u00e9, bistrot ou terrasse en plein air &#8211; donnant \u00e0 ces espaces un nouveau look actuel. Faciles \u00e0 monter soi-m\u00eame, les tabourets sont pr\u00eats \u00e0 l&#8217;emploi en un rien de temps. La construction anti UV et humidit\u00e9 rend la table id\u00e9ale pour une utilisation pendant les mois estivaux, sans risque de dommages li\u00e9s aux intemp\u00e9ries. R\u00e9f\u00e9rence soumise \u00e0 une Eco-participation mobilier de 0.72\u20ac par unit\u00e9 vendue. Les pieds de nivellement am\u00e9liorent la stabilit\u00e9 sur les surfaces irr\u00e9guli\u00e8res, prot\u00e9geant vos clients et la nourriture et les boissons. Facile \u00e0 nettoyer, permet une pulv\u00e9risation de produit de nettoyage et un essuyage rapides par le personnel. La table est pr\u00eate pour les prochains clients. L\u00e9g\u00e8re, pour une manipulation et un rangement faciles, permettant au personnel d&rsquo;installer et de ranger rapidement le mobilier avant et apr\u00e8s le service. Trou de parasol de 36mm avec cache. Pieds r\u00e9glables pour assurer la stabilit\u00e9 sur les surfaces in\u00e9gales. Trou de parasol avec housse permettant une utilisation en ext\u00e9rieur avec un parasol, pour prot\u00e9ger les invit\u00e9s de la pluie ou du soleil. Hauteur de la table\u00a0: 720\u00a0mm. Le style tr\u00e8s simple est parfaitement adapt\u00e9 \u00e0 n&rsquo;importe quel caf\u00e9, bistrot ou terrasse en plein air &#8211; donnant \u00e0 ces espaces un nouveau look actuel.<\/p>\n<p>Caract\u00e9ristiques :<br \/> Dimensions : 720(H)x 750(L)x 750(P). Trou de parasol : 36mm.<br \/> Mati\u00e8re : Aluminium et polypropyl\u00e8ne.<br \/> Couleur : Noir.<\/p>\n","protected":false},"excerpt":{"rendered":"<p>Table carr\u00e9e avec pieds aluminium Bolero noire 750mm<\/p>\n","protected":false},"featured_media":101932,"comment_status":"closed","ping_status":"closed","template":"","meta":[],"product_brand":[],"product_cat":[1202,1201,1297,1207],"product_tag":[],"class_list":{"0":"post-70313","1":"product","2":"type-product","3":"status-publish","4":"has-post-thumbnail","6":"product_cat-exterieur","7":"product_cat-mobilier","8":"product_cat-non-palettisable","9":"product_cat-tables","10":"product_shipping_class-free-shipping","12":"first","13":"outofstock","14":"featured","15":"taxable","16":"shipping-taxable","17":"purchasable","18":"product-type-simple"},"_links":{"self":[{"href":"https:\/\/abinox-chr-clim.com\/index.php\/wp-json\/wp\/v2\/product\/70313","targetHints":{"allow":["GET"]}}],"collection":[{"href":"https:\/\/abinox-chr-clim.com\/index.php\/wp-json\/wp\/v2\/product"}],"about":[{"href":"https:\/\/abinox-chr-clim.com\/index.php\/wp-json\/wp\/v2\/types\/product"}],"replies":[{"embeddable":true,"href":"https:\/\/abinox-chr-clim.com\/index.php\/wp-json\/wp\/v2\/comments?post=70313"}],"wp:featuredmedia":[{"embeddable":true,"href":"https:\/\/abinox-chr-clim.com\/index.php\/wp-json\/wp\/v2\/media\/101932"}],"wp:attachment":[{"href":"https:\/\/abinox-chr-clim.com\/index.php\/wp-json\/wp\/v2\/media?parent=70313"}],"wp:term":[{"taxonomy":"product_brand","embeddable":true,"href":"https:\/\/abinox-chr-clim.com\/index.php\/wp-json\/wp\/v2\/product_brand?post=70313"},{"taxonomy":"product_cat","embeddable":true,"href":"https:\/\/abinox-chr-clim.com\/index.php\/wp-json\/wp\/v2\/product_cat?post=70313"},{"taxonomy":"product_tag","embeddable":true,"href":"https:\/\/abinox-chr-clim.com\/index.php\/wp-json\/wp\/v2\/product_tag?post=70313"}],"curies":[{"name":"wp","href":"https:\/\/api.w.org\/{rel}","templated":true}]}}