{"id":70308,"date":"2024-03-22T19:26:21","date_gmt":"2024-03-22T18:26:21","guid":{"rendered":"https:\/\/abinox-chr-clim.com\/index.php\/product\/table-bistro-carree-en-acier-ajoure-bolero-noire-700mm\/"},"modified":"2026-04-02T08:50:59","modified_gmt":"2026-04-02T06:50:59","slug":"table-bistro-carree-en-acier-ajoure-bolero-noire-700mm","status":"publish","type":"product","link":"https:\/\/abinox-chr-clim.com\/index.php\/product\/table-bistro-carree-en-acier-ajoure-bolero-noire-700mm\/","title":{"rendered":"Table bistro carr\u00e9e en acier ajour\u00e9 Bolero noire 700mm"},"content":{"rendered":"<p>Table bistro d&rsquo;ext\u00e9rieur, id\u00e9ale pour les patios, terrasses et caf\u00e9s. Plusieurs couleurs disponibles.<br \/>La table est l\u00e9g\u00e8re et facile \u00e0 transporter. Con\u00e7ue avec une finition noire et un style industriel, la table apporte une touche unique \u00e0 vos espaces de d\u00e9tente. Les embouts de pieds offrent une protection du sol et aident \u00e0 r\u00e9duire les risques de glissade. R\u00e9f\u00e9rence soumise \u00e0 une Eco-participation mobilier de 0.35\u20ac par unit\u00e9 vendue. Convient pour une utilisation \u00e0 l&rsquo;int\u00e9rieur ou \u00e0 l&rsquo;ext\u00e9rieur sans risque de dommages dus aux intemp\u00e9ries. L&rsquo;auto-assemblage facile vous permet d&rsquo;avoir la table construite et pr\u00eate \u00e0 \u00eatre utilis\u00e9e en un rien de temps.La conception robuste en acier galvanis\u00e9 vous offre un mobilier durable. R\u00e9f\u00e9rence soumise \u00e0 une Eco-participation mobilier de 0,91\u20ac par unit\u00e9 vendue. La table est l\u00e9g\u00e8re et facile \u00e0 transporter.<\/p>\n<p>Caract\u00e9ristiques :<br \/> Dimensions : 710(H) x 700(L) x 700(P)mm.<br \/> Mati\u00e8re : Acier laqu\u00e9 poudr\u00e9.<br \/> Couleur : Noir.<\/p>\n","protected":false},"excerpt":{"rendered":"<p>Table bistro carr\u00e9e en acier ajour\u00e9 Bolero noire 700mm<\/p>\n","protected":false},"featured_media":101610,"comment_status":"closed","ping_status":"closed","template":"","meta":[],"product_brand":[],"product_cat":[1202,1201,1297,1207],"product_tag":[],"class_list":{"0":"post-70308","1":"product","2":"type-product","3":"status-publish","4":"has-post-thumbnail","6":"product_cat-exterieur","7":"product_cat-mobilier","8":"product_cat-non-palettisable","9":"product_cat-tables","10":"product_shipping_class-free-shipping","12":"first","13":"instock","14":"featured","15":"taxable","16":"shipping-taxable","17":"purchasable","18":"product-type-simple"},"_links":{"self":[{"href":"https:\/\/abinox-chr-clim.com\/index.php\/wp-json\/wp\/v2\/product\/70308","targetHints":{"allow":["GET"]}}],"collection":[{"href":"https:\/\/abinox-chr-clim.com\/index.php\/wp-json\/wp\/v2\/product"}],"about":[{"href":"https:\/\/abinox-chr-clim.com\/index.php\/wp-json\/wp\/v2\/types\/product"}],"replies":[{"embeddable":true,"href":"https:\/\/abinox-chr-clim.com\/index.php\/wp-json\/wp\/v2\/comments?post=70308"}],"wp:featuredmedia":[{"embeddable":true,"href":"https:\/\/abinox-chr-clim.com\/index.php\/wp-json\/wp\/v2\/media\/101610"}],"wp:attachment":[{"href":"https:\/\/abinox-chr-clim.com\/index.php\/wp-json\/wp\/v2\/media?parent=70308"}],"wp:term":[{"taxonomy":"product_brand","embeddable":true,"href":"https:\/\/abinox-chr-clim.com\/index.php\/wp-json\/wp\/v2\/product_brand?post=70308"},{"taxonomy":"product_cat","embeddable":true,"href":"https:\/\/abinox-chr-clim.com\/index.php\/wp-json\/wp\/v2\/product_cat?post=70308"},{"taxonomy":"product_tag","embeddable":true,"href":"https:\/\/abinox-chr-clim.com\/index.php\/wp-json\/wp\/v2\/product_tag?post=70308"}],"curies":[{"name":"wp","href":"https:\/\/api.w.org\/{rel}","templated":true}]}}