{"id":70306,"date":"2024-03-22T19:26:21","date_gmt":"2024-03-22T18:26:21","guid":{"rendered":"https:\/\/abinox-chr-clim.com\/index.php\/product\/table-bistro-ronde-en-acier-ajoure-bolero-grise-600mm\/"},"modified":"2026-04-02T08:50:57","modified_gmt":"2026-04-02T06:50:57","slug":"table-bistro-ronde-en-acier-ajoure-bolero-grise-600mm","status":"publish","type":"product","link":"https:\/\/abinox-chr-clim.com\/index.php\/product\/table-bistro-ronde-en-acier-ajoure-bolero-grise-600mm\/","title":{"rendered":"Table bistro ronde en acier ajour\u00e9 Bolero grise 600mm"},"content":{"rendered":"<p>Table bistro d&rsquo;ext\u00e9rieur, id\u00e9ale pour les patios, terrasses et caf\u00e9s. Plusieurs couleurs disponibles.<br \/>Effet de motif et couleur grise neutre, parfait pour un restaurant. Les surfaces essuyables sont faciles \u00e0 nettoyer. La finition en acier la rend r\u00e9sistante aux intemp\u00e9ries. R\u00e9f\u00e9rence soumise \u00e0 une Eco-participation mobilier de 0.2\u20ac par unit\u00e9 vendue. \u00c0 monter soi-m\u00eame. R\u00e9sistant \u00e0 l&rsquo;usure pour un usage int\u00e9rieur et ext\u00e9rieur.La grande surface offre suffisamment de place pour la nourriture et les boissons. R\u00e9f\u00e9rence soumise \u00e0 une Eco-participation mobilier de 0,65\u20ac par unit\u00e9 vendue. Effet de motif et couleur grise neutre, parfait pour un restaurant.<\/p>\n<p>Caract\u00e9ristiques :<br \/> Dimensions : 710(H)x 600(L)x 600(P)mm.<br \/> Mati\u00e8re : Acier laqu\u00e9 poudr\u00e9.<br \/> Couleur : Gris.<\/p>\n","protected":false},"excerpt":{"rendered":"<p>Table bistro ronde en acier ajour\u00e9 Bolero grise 600mm<\/p>\n","protected":false},"featured_media":101608,"comment_status":"closed","ping_status":"closed","template":"","meta":[],"product_brand":[],"product_cat":[1202,1201,1297,1207],"product_tag":[],"class_list":{"0":"post-70306","1":"product","2":"type-product","3":"status-publish","4":"has-post-thumbnail","6":"product_cat-exterieur","7":"product_cat-mobilier","8":"product_cat-non-palettisable","9":"product_cat-tables","10":"product_shipping_class-free-shipping","12":"first","13":"instock","14":"featured","15":"taxable","16":"shipping-taxable","17":"purchasable","18":"product-type-simple"},"_links":{"self":[{"href":"https:\/\/abinox-chr-clim.com\/index.php\/wp-json\/wp\/v2\/product\/70306","targetHints":{"allow":["GET"]}}],"collection":[{"href":"https:\/\/abinox-chr-clim.com\/index.php\/wp-json\/wp\/v2\/product"}],"about":[{"href":"https:\/\/abinox-chr-clim.com\/index.php\/wp-json\/wp\/v2\/types\/product"}],"replies":[{"embeddable":true,"href":"https:\/\/abinox-chr-clim.com\/index.php\/wp-json\/wp\/v2\/comments?post=70306"}],"wp:featuredmedia":[{"embeddable":true,"href":"https:\/\/abinox-chr-clim.com\/index.php\/wp-json\/wp\/v2\/media\/101608"}],"wp:attachment":[{"href":"https:\/\/abinox-chr-clim.com\/index.php\/wp-json\/wp\/v2\/media?parent=70306"}],"wp:term":[{"taxonomy":"product_brand","embeddable":true,"href":"https:\/\/abinox-chr-clim.com\/index.php\/wp-json\/wp\/v2\/product_brand?post=70306"},{"taxonomy":"product_cat","embeddable":true,"href":"https:\/\/abinox-chr-clim.com\/index.php\/wp-json\/wp\/v2\/product_cat?post=70306"},{"taxonomy":"product_tag","embeddable":true,"href":"https:\/\/abinox-chr-clim.com\/index.php\/wp-json\/wp\/v2\/product_tag?post=70306"}],"curies":[{"name":"wp","href":"https:\/\/api.w.org\/{rel}","templated":true}]}}