{"id":70300,"date":"2024-03-22T19:26:17","date_gmt":"2024-03-22T18:26:17","guid":{"rendered":"https:\/\/abinox-chr-clim.com\/index.php\/product\/plateau-de-table-carre-en-aluminium-bolero-noir-700-mm\/"},"modified":"2025-07-10T11:32:20","modified_gmt":"2025-07-10T09:32:20","slug":"plateau-de-table-carre-en-aluminium-bolero-noir-700-mm","status":"publish","type":"product","link":"https:\/\/abinox-chr-clim.com\/index.php\/product\/plateau-de-table-carre-en-aluminium-bolero-noir-700-mm\/","title":{"rendered":"Plateau de table carr\u00e9 en aluminium Bolero noir 700 mm"},"content":{"rendered":"<p>Plateaux de table attractifs et r\u00e9sistants pour une utilisation en int\u00e9rieur. Un large \u00e9ventail de choix et de polyvalence.<br \/>La conception \u00e0 lattes offre un style moderne et unique. La couleur noire apporte un rendu audacieux et \u00e9l\u00e9gant. Le mat\u00e9riau en aluminium a une excellente r\u00e9sistance \u00e0 la rouille, \u00e0 la corrosion et aux chocs. R\u00e9f\u00e9rence soumise \u00e0 une Eco-participation mobilier de 0.29\u20ac par unit\u00e9 vendue. Plateaux de table pr\u00e9-perc\u00e9s parfaits pour un assemblage facile avec la gamme de pieds de table Bolero. Permet de servir des plats chauds \u00e0 table (jusqu&rsquo;\u00e0 180\u00b0C). La surface est facile \u00e0 nettoyer.Convient pour une utilisation en int\u00e9rieur et en ext\u00e9rieur, id\u00e9al en terrasse. La conception \u00e0 lattes offre un style moderne et unique.<\/p>\n<p>Caract\u00e9ristiques :<br \/> Dimensions : 30(H) x 700(L) x 700(P) mm.<br \/> Mati\u00e8re : Aluminium.<br \/> Couleur : Noir.<\/p>\n","protected":false},"excerpt":{"rendered":"<p>Plateau de table carr\u00e9 en aluminium Bolero noir 700 mm<\/p>\n","protected":false},"featured_media":101064,"comment_status":"closed","ping_status":"closed","template":"","meta":[],"product_brand":[],"product_cat":[1202,1201,1297,1207],"product_tag":[],"class_list":{"0":"post-70300","1":"product","2":"type-product","3":"status-publish","4":"has-post-thumbnail","6":"product_cat-exterieur","7":"product_cat-mobilier","8":"product_cat-non-palettisable","9":"product_cat-tables","10":"product_shipping_class-free-shipping","12":"first","13":"outofstock","14":"featured","15":"taxable","16":"shipping-taxable","17":"purchasable","18":"product-type-simple"},"_links":{"self":[{"href":"https:\/\/abinox-chr-clim.com\/index.php\/wp-json\/wp\/v2\/product\/70300","targetHints":{"allow":["GET"]}}],"collection":[{"href":"https:\/\/abinox-chr-clim.com\/index.php\/wp-json\/wp\/v2\/product"}],"about":[{"href":"https:\/\/abinox-chr-clim.com\/index.php\/wp-json\/wp\/v2\/types\/product"}],"replies":[{"embeddable":true,"href":"https:\/\/abinox-chr-clim.com\/index.php\/wp-json\/wp\/v2\/comments?post=70300"}],"wp:featuredmedia":[{"embeddable":true,"href":"https:\/\/abinox-chr-clim.com\/index.php\/wp-json\/wp\/v2\/media\/101064"}],"wp:attachment":[{"href":"https:\/\/abinox-chr-clim.com\/index.php\/wp-json\/wp\/v2\/media?parent=70300"}],"wp:term":[{"taxonomy":"product_brand","embeddable":true,"href":"https:\/\/abinox-chr-clim.com\/index.php\/wp-json\/wp\/v2\/product_brand?post=70300"},{"taxonomy":"product_cat","embeddable":true,"href":"https:\/\/abinox-chr-clim.com\/index.php\/wp-json\/wp\/v2\/product_cat?post=70300"},{"taxonomy":"product_tag","embeddable":true,"href":"https:\/\/abinox-chr-clim.com\/index.php\/wp-json\/wp\/v2\/product_tag?post=70300"}],"curies":[{"name":"wp","href":"https:\/\/api.w.org\/{rel}","templated":true}]}}