{"id":70295,"date":"2024-03-22T19:26:15","date_gmt":"2024-03-22T18:26:15","guid":{"rendered":"https:\/\/abinox-chr-clim.com\/index.php\/product\/table-dexterieur-bolero-120x76x75cm-bois-noir\/"},"modified":"2026-04-02T10:00:30","modified_gmt":"2026-04-02T08:00:30","slug":"table-dexterieur-bolero-120x76x75cm-bois-noir","status":"publish","type":"product","link":"https:\/\/abinox-chr-clim.com\/index.php\/product\/table-dexterieur-bolero-120x76x75cm-bois-noir\/","title":{"rendered":"Table d&rsquo;ext\u00e9rieur Bolero 120x76x75cm bois noir"},"content":{"rendered":"<p>Mobilier attrayant et durable en bois composite et acier avec un effet bois grain\u00e9. Solution id\u00e9ale pour les repas en plein air ou \u00e0 l&rsquo;int\u00e9rieur. N\u00e9cessite peu d&rsquo;entretien.<br \/>Convient pour une utilisation en int\u00e9rieur et en ext\u00e9rieur. Avec trou de parasol de 50 mm. Peut supporter des assiettes chaudes jusqu&rsquo;\u00e0 180\u00b0C sans endommager la surface. R\u00e9f\u00e9rence soumise \u00e0 une Eco-participation mobilier de 5.35\u20ac par unit\u00e9 vendue. R\u00e9sistante aux UV, ce qui signifie que le produit ne se d\u00e9t\u00e9riorera pas en cas d&rsquo;exposition au soleil. Assemblage facile &#8211; tous les \u00e9quipements sont fournis dans la bo\u00eete.Surface facile \u00e0 nettoyer. Convient pour une utilisation en int\u00e9rieur et en ext\u00e9rieur.<\/p>\n<p>Caract\u00e9ristiques :<br \/> Dimensions : 748(H) x 763(L) mm.<\/p>\n","protected":false},"excerpt":{"rendered":"<p>Table d&rsquo;ext\u00e9rieur Bolero 120x76x75cm bois noir<\/p>\n","protected":false},"featured_media":101023,"comment_status":"closed","ping_status":"closed","template":"","meta":[],"product_brand":[],"product_cat":[1202,1201,1297,1207],"product_tag":[],"class_list":{"0":"post-70295","1":"product","2":"type-product","3":"status-publish","4":"has-post-thumbnail","6":"product_cat-exterieur","7":"product_cat-mobilier","8":"product_cat-non-palettisable","9":"product_cat-tables","10":"product_shipping_class-free-shipping","12":"first","13":"instock","14":"featured","15":"taxable","16":"shipping-taxable","17":"purchasable","18":"product-type-simple"},"_links":{"self":[{"href":"https:\/\/abinox-chr-clim.com\/index.php\/wp-json\/wp\/v2\/product\/70295","targetHints":{"allow":["GET"]}}],"collection":[{"href":"https:\/\/abinox-chr-clim.com\/index.php\/wp-json\/wp\/v2\/product"}],"about":[{"href":"https:\/\/abinox-chr-clim.com\/index.php\/wp-json\/wp\/v2\/types\/product"}],"replies":[{"embeddable":true,"href":"https:\/\/abinox-chr-clim.com\/index.php\/wp-json\/wp\/v2\/comments?post=70295"}],"wp:featuredmedia":[{"embeddable":true,"href":"https:\/\/abinox-chr-clim.com\/index.php\/wp-json\/wp\/v2\/media\/101023"}],"wp:attachment":[{"href":"https:\/\/abinox-chr-clim.com\/index.php\/wp-json\/wp\/v2\/media?parent=70295"}],"wp:term":[{"taxonomy":"product_brand","embeddable":true,"href":"https:\/\/abinox-chr-clim.com\/index.php\/wp-json\/wp\/v2\/product_brand?post=70295"},{"taxonomy":"product_cat","embeddable":true,"href":"https:\/\/abinox-chr-clim.com\/index.php\/wp-json\/wp\/v2\/product_cat?post=70295"},{"taxonomy":"product_tag","embeddable":true,"href":"https:\/\/abinox-chr-clim.com\/index.php\/wp-json\/wp\/v2\/product_tag?post=70295"}],"curies":[{"name":"wp","href":"https:\/\/api.w.org\/{rel}","templated":true}]}}