{"id":70293,"date":"2024-03-22T19:26:15","date_gmt":"2024-03-22T18:26:15","guid":{"rendered":"https:\/\/abinox-chr-clim.com\/index.php\/product\/plateau-de-table-rond-pre-perce-en-melamine-bolero-gris-600-mm\/"},"modified":"2026-04-02T10:02:25","modified_gmt":"2026-04-02T08:02:25","slug":"plateau-de-table-rond-pre-perce-en-melamine-bolero-gris-600-mm","status":"publish","type":"product","link":"https:\/\/abinox-chr-clim.com\/index.php\/product\/plateau-de-table-rond-pre-perce-en-melamine-bolero-gris-600-mm\/","title":{"rendered":"Plateau de table rond pr\u00e9-perc\u00e9 en m\u00e9lamine Bolero gris 600 mm"},"content":{"rendered":"<p>Plateau de table durable pr\u00e9-perc\u00e9 pour un assemblage facile avec des pieds de table.<br \/>L&rsquo;\u00e9l\u00e9gant effet bois de fr\u00eane ajoute du style \u00e0 vos salles. Le noyau en nid d&rsquo;abeille avec rev\u00eatement en m\u00e9lamine offre une excellente r\u00e9sistance \u00e0 la chaleur. Supporte des assiettes chaudes ou des r\u00e9chauds (jusqu&rsquo;\u00e0 180\u00b0C) sans endommager la surface. R\u00e9f\u00e9rence soumise \u00e0 une Eco-participation mobilier de 1.13\u20ac par unit\u00e9 vendue. La surface facile \u00e0 nettoyer permet de gagner du temps avant et apr\u00e8s le service. L&rsquo;\u00e9paisseur de 48 mm offre r\u00e9sistance et durabilit\u00e9. Trous pr\u00e9-perc\u00e9s pour un assemblage facile avec les pieds de table Bolero.Le rebord en PVC prot\u00e8ge la table des chocs. L&rsquo;\u00e9l\u00e9gant effet bois de fr\u00eane ajoute du style \u00e0 vos salles.<\/p>\n<p>Caract\u00e9ristiques :<br \/> Dimensions : 48(P) mm.<br \/> Mati\u00e8re : Agglom\u00e9r\u00e9.<br \/> Couleur : Gris.<\/p>\n","protected":false},"excerpt":{"rendered":"<p>Plateau de table rond pr\u00e9-perc\u00e9 en m\u00e9lamine Bolero gris 600 mm<\/p>\n","protected":false},"featured_media":100990,"comment_status":"closed","ping_status":"closed","template":"","meta":[],"product_brand":[],"product_cat":[1202,1201,1297,1207],"product_tag":[],"class_list":{"0":"post-70293","1":"product","2":"type-product","3":"status-publish","4":"has-post-thumbnail","6":"product_cat-exterieur","7":"product_cat-mobilier","8":"product_cat-non-palettisable","9":"product_cat-tables","10":"product_shipping_class-free-shipping","12":"first","13":"instock","14":"featured","15":"taxable","16":"shipping-taxable","17":"purchasable","18":"product-type-simple"},"_links":{"self":[{"href":"https:\/\/abinox-chr-clim.com\/index.php\/wp-json\/wp\/v2\/product\/70293","targetHints":{"allow":["GET"]}}],"collection":[{"href":"https:\/\/abinox-chr-clim.com\/index.php\/wp-json\/wp\/v2\/product"}],"about":[{"href":"https:\/\/abinox-chr-clim.com\/index.php\/wp-json\/wp\/v2\/types\/product"}],"replies":[{"embeddable":true,"href":"https:\/\/abinox-chr-clim.com\/index.php\/wp-json\/wp\/v2\/comments?post=70293"}],"wp:featuredmedia":[{"embeddable":true,"href":"https:\/\/abinox-chr-clim.com\/index.php\/wp-json\/wp\/v2\/media\/100990"}],"wp:attachment":[{"href":"https:\/\/abinox-chr-clim.com\/index.php\/wp-json\/wp\/v2\/media?parent=70293"}],"wp:term":[{"taxonomy":"product_brand","embeddable":true,"href":"https:\/\/abinox-chr-clim.com\/index.php\/wp-json\/wp\/v2\/product_brand?post=70293"},{"taxonomy":"product_cat","embeddable":true,"href":"https:\/\/abinox-chr-clim.com\/index.php\/wp-json\/wp\/v2\/product_cat?post=70293"},{"taxonomy":"product_tag","embeddable":true,"href":"https:\/\/abinox-chr-clim.com\/index.php\/wp-json\/wp\/v2\/product_tag?post=70293"}],"curies":[{"name":"wp","href":"https:\/\/api.w.org\/{rel}","templated":true}]}}