{"id":70290,"date":"2024-03-22T19:26:14","date_gmt":"2024-03-22T18:26:14","guid":{"rendered":"https:\/\/abinox-chr-clim.com\/index.php\/product\/table-de-terrasse-carree-pliante-en-acier-bolero-vert-clair-595-mm\/"},"modified":"2026-04-02T10:00:28","modified_gmt":"2026-04-02T08:00:28","slug":"table-de-terrasse-carree-pliante-en-acier-bolero-vert-clair-595-mm","status":"publish","type":"product","link":"https:\/\/abinox-chr-clim.com\/index.php\/product\/table-de-terrasse-carree-pliante-en-acier-bolero-vert-clair-595-mm\/","title":{"rendered":"Table de terrasse carr\u00e9e pliante en acier Bolero vert clair 595 mm"},"content":{"rendered":"<p>Le style industriel donnera un nouveau style \u00e0 vos espaces. Le cadre poudr\u00e9 offre une excellente durabilit\u00e9 &#8211; id\u00e9al pour une utilisation r\u00e9guli\u00e8re et intensive. Parfaite pour les petits coins salons gr\u00e2ce \u00e0 sa conception compacte, ou pour les terrasses de caf\u00e9s ou bistrots. R\u00e9f\u00e9rence soumise \u00e0 une Eco-participation mobilier de 0.31\u20ac par unit\u00e9 vendue. La construction pliable permet \u00e0 la table d&rsquo;\u00eatre rang\u00e9e rapidement et facilement apr\u00e8s utilisation ou pendant le nettoyage, ce qui permet d&rsquo;\u00e9conomiser de l&rsquo;espace de stockage. Fournie avec des pieds en nylon qui aident \u00e0 emp\u00eacher la table de bouger ou de marquer les sols. Convient pour une utilisation int\u00e9rieure ou ext\u00e9rieure.Livr\u00e9e enti\u00e8rement assembl\u00e9e, permettant une utilisation imm\u00e9diate. Le style industriel donnera un nouveau style \u00e0 vos espaces.<\/p>\n<p>Caract\u00e9ristiques :<br \/> Dimensions : 710(H) mm.<br \/> Mati\u00e8re : Acier rev\u00eatu de poudre.<br \/> Couleur : Vert clair.<\/p>\n","protected":false},"excerpt":{"rendered":"<p>Table de terrasse carr\u00e9e pliante en acier Bolero vert clair 595 mm<\/p>\n","protected":false},"featured_media":100987,"comment_status":"closed","ping_status":"closed","template":"","meta":[],"product_brand":[],"product_cat":[1202,1201,1297,1207],"product_tag":[],"class_list":{"0":"post-70290","1":"product","2":"type-product","3":"status-publish","4":"has-post-thumbnail","6":"product_cat-exterieur","7":"product_cat-mobilier","8":"product_cat-non-palettisable","9":"product_cat-tables","10":"product_shipping_class-free-shipping","12":"first","13":"outofstock","14":"featured","15":"taxable","16":"shipping-taxable","17":"purchasable","18":"product-type-simple"},"_links":{"self":[{"href":"https:\/\/abinox-chr-clim.com\/index.php\/wp-json\/wp\/v2\/product\/70290","targetHints":{"allow":["GET"]}}],"collection":[{"href":"https:\/\/abinox-chr-clim.com\/index.php\/wp-json\/wp\/v2\/product"}],"about":[{"href":"https:\/\/abinox-chr-clim.com\/index.php\/wp-json\/wp\/v2\/types\/product"}],"replies":[{"embeddable":true,"href":"https:\/\/abinox-chr-clim.com\/index.php\/wp-json\/wp\/v2\/comments?post=70290"}],"wp:featuredmedia":[{"embeddable":true,"href":"https:\/\/abinox-chr-clim.com\/index.php\/wp-json\/wp\/v2\/media\/100987"}],"wp:attachment":[{"href":"https:\/\/abinox-chr-clim.com\/index.php\/wp-json\/wp\/v2\/media?parent=70290"}],"wp:term":[{"taxonomy":"product_brand","embeddable":true,"href":"https:\/\/abinox-chr-clim.com\/index.php\/wp-json\/wp\/v2\/product_brand?post=70290"},{"taxonomy":"product_cat","embeddable":true,"href":"https:\/\/abinox-chr-clim.com\/index.php\/wp-json\/wp\/v2\/product_cat?post=70290"},{"taxonomy":"product_tag","embeddable":true,"href":"https:\/\/abinox-chr-clim.com\/index.php\/wp-json\/wp\/v2\/product_tag?post=70290"}],"curies":[{"name":"wp","href":"https:\/\/api.w.org\/{rel}","templated":true}]}}