{"id":70285,"date":"2024-03-22T19:26:12","date_gmt":"2024-03-22T18:26:12","guid":{"rendered":"https:\/\/abinox-chr-clim.com\/index.php\/product\/table-a-lattes-carree-en-acier-bolero-700mm-grise\/"},"modified":"2026-04-02T09:28:52","modified_gmt":"2026-04-02T07:28:52","slug":"table-a-lattes-carree-en-acier-bolero-700mm-grise","status":"publish","type":"product","link":"https:\/\/abinox-chr-clim.com\/index.php\/product\/table-a-lattes-carree-en-acier-bolero-700mm-grise\/","title":{"rendered":"Table \u00e0 lattes carr\u00e9e en acier Bolero 700mm grise"},"content":{"rendered":"<p>Tables bistro de diff\u00e9rentes couleurs faciles d&rsquo;entretien. Parfaites pour les trottoirs, terrasses des caf\u00e9s et restaurants.<br \/>Utilisation int\u00e9rieure et ext\u00e9rieure. Traitement \u00e9lectrophor\u00e8se et rev\u00eatement poudr\u00e9 emp\u00eachent la rouille, la d\u00e9coloration et l&rsquo;usure. Pliable pour un rangement facile. R\u00e9f\u00e9rence soumise \u00e0 une Eco-participation mobilier de 0.5\u20ac par unit\u00e9 vendue. Livr\u00e9e en kit &#8211; montage facile. Chaises assorties vendues s\u00e9par\u00e9ment (code CS727).Facile \u00e0 essuyer. Utilisation int\u00e9rieure et ext\u00e9rieure.<\/p>\n<p>Caract\u00e9ristiques :<br \/> Dimensions : 710(H) x 700(L) x 700(P)mm.<br \/> Mati\u00e8re : Acier rev\u00eatement poudr\u00e9.<br \/> Couleur : Gris.<\/p>\n","protected":false},"excerpt":{"rendered":"<p>Table \u00e0 lattes carr\u00e9e en acier Bolero 700mm grise<\/p>\n","protected":false},"featured_media":85956,"comment_status":"closed","ping_status":"closed","template":"","meta":[],"product_brand":[],"product_cat":[1202,1201,1297,1207],"product_tag":[],"class_list":{"0":"post-70285","1":"product","2":"type-product","3":"status-publish","4":"has-post-thumbnail","6":"product_cat-exterieur","7":"product_cat-mobilier","8":"product_cat-non-palettisable","9":"product_cat-tables","10":"product_shipping_class-free-shipping","12":"first","13":"instock","14":"featured","15":"taxable","16":"shipping-taxable","17":"purchasable","18":"product-type-simple"},"_links":{"self":[{"href":"https:\/\/abinox-chr-clim.com\/index.php\/wp-json\/wp\/v2\/product\/70285","targetHints":{"allow":["GET"]}}],"collection":[{"href":"https:\/\/abinox-chr-clim.com\/index.php\/wp-json\/wp\/v2\/product"}],"about":[{"href":"https:\/\/abinox-chr-clim.com\/index.php\/wp-json\/wp\/v2\/types\/product"}],"replies":[{"embeddable":true,"href":"https:\/\/abinox-chr-clim.com\/index.php\/wp-json\/wp\/v2\/comments?post=70285"}],"wp:featuredmedia":[{"embeddable":true,"href":"https:\/\/abinox-chr-clim.com\/index.php\/wp-json\/wp\/v2\/media\/85956"}],"wp:attachment":[{"href":"https:\/\/abinox-chr-clim.com\/index.php\/wp-json\/wp\/v2\/media?parent=70285"}],"wp:term":[{"taxonomy":"product_brand","embeddable":true,"href":"https:\/\/abinox-chr-clim.com\/index.php\/wp-json\/wp\/v2\/product_brand?post=70285"},{"taxonomy":"product_cat","embeddable":true,"href":"https:\/\/abinox-chr-clim.com\/index.php\/wp-json\/wp\/v2\/product_cat?post=70285"},{"taxonomy":"product_tag","embeddable":true,"href":"https:\/\/abinox-chr-clim.com\/index.php\/wp-json\/wp\/v2\/product_tag?post=70285"}],"curies":[{"name":"wp","href":"https:\/\/api.w.org\/{rel}","templated":true}]}}