{"id":70284,"date":"2024-03-22T19:26:12","date_gmt":"2024-03-22T18:26:12","guid":{"rendered":"https:\/\/abinox-chr-clim.com\/index.php\/product\/table-bistro-ronde-bolero-700mm\/"},"modified":"2026-04-02T08:36:13","modified_gmt":"2026-04-02T06:36:13","slug":"table-bistro-ronde-bolero-700mm","status":"publish","type":"product","link":"https:\/\/abinox-chr-clim.com\/index.php\/product\/table-bistro-ronde-bolero-700mm\/","title":{"rendered":"Table bistro ronde Bolero 700mm"},"content":{"rendered":"<p>Tables en acier inoxydable avec trois pieds robustes, id\u00e9ales pour une utilisation dans des caf\u00e9s et autres lieux de restauration ext\u00e9rieurs prot\u00e9g\u00e9s. L\u00e9g\u00e8res pour faciliter la mise en place.<br \/>Utilisation en int\u00e9rieure et ext\u00e9rieur prot\u00e9g\u00e9. Fournie en kit pour un assemblage facile. Pied en alliage aluminium. R\u00e9f\u00e9rence soumise \u00e0 une Eco-participation mobilier de 0.37\u20ac par unit\u00e9 vendue. Empilable pour faciliter le rangement.Facile \u00e0 essuyer et nettoyer. R\u00e9f\u00e9rence soumise \u00e0 une Eco-participation mobilier de 1,15\u20ac par unit\u00e9 vendue. Utilisation en int\u00e9rieure et ext\u00e9rieur prot\u00e9g\u00e9.<\/p>\n<p>Caract\u00e9ristiques :<br \/> Dimensions : 720(H) x 700(\u00d8)mm.<br \/> Mati\u00e8re : Plateau en acier inoxydable.<br \/> Couleur : Argent.<\/p>\n","protected":false},"excerpt":{"rendered":"<p>Table bistro ronde Bolero 700mm<\/p>\n","protected":false},"featured_media":83426,"comment_status":"closed","ping_status":"closed","template":"","meta":[],"product_brand":[],"product_cat":[1202,1201,1297,1207],"product_tag":[],"class_list":{"0":"post-70284","1":"product","2":"type-product","3":"status-publish","4":"has-post-thumbnail","6":"product_cat-exterieur","7":"product_cat-mobilier","8":"product_cat-non-palettisable","9":"product_cat-tables","10":"product_shipping_class-free-shipping","12":"first","13":"instock","14":"featured","15":"taxable","16":"shipping-taxable","17":"purchasable","18":"product-type-simple"},"_links":{"self":[{"href":"https:\/\/abinox-chr-clim.com\/index.php\/wp-json\/wp\/v2\/product\/70284","targetHints":{"allow":["GET"]}}],"collection":[{"href":"https:\/\/abinox-chr-clim.com\/index.php\/wp-json\/wp\/v2\/product"}],"about":[{"href":"https:\/\/abinox-chr-clim.com\/index.php\/wp-json\/wp\/v2\/types\/product"}],"replies":[{"embeddable":true,"href":"https:\/\/abinox-chr-clim.com\/index.php\/wp-json\/wp\/v2\/comments?post=70284"}],"wp:featuredmedia":[{"embeddable":true,"href":"https:\/\/abinox-chr-clim.com\/index.php\/wp-json\/wp\/v2\/media\/83426"}],"wp:attachment":[{"href":"https:\/\/abinox-chr-clim.com\/index.php\/wp-json\/wp\/v2\/media?parent=70284"}],"wp:term":[{"taxonomy":"product_brand","embeddable":true,"href":"https:\/\/abinox-chr-clim.com\/index.php\/wp-json\/wp\/v2\/product_brand?post=70284"},{"taxonomy":"product_cat","embeddable":true,"href":"https:\/\/abinox-chr-clim.com\/index.php\/wp-json\/wp\/v2\/product_cat?post=70284"},{"taxonomy":"product_tag","embeddable":true,"href":"https:\/\/abinox-chr-clim.com\/index.php\/wp-json\/wp\/v2\/product_tag?post=70284"}],"curies":[{"name":"wp","href":"https:\/\/api.w.org\/{rel}","templated":true}]}}