{"id":70283,"date":"2024-03-22T19:26:11","date_gmt":"2024-03-22T18:26:11","guid":{"rendered":"https:\/\/abinox-chr-clim.com\/index.php\/product\/table-bistro-carree-bolero-acier-inoxydable-700mm\/"},"modified":"2026-04-02T08:36:11","modified_gmt":"2026-04-02T06:36:11","slug":"table-bistro-carree-bolero-acier-inoxydable-700mm","status":"publish","type":"product","link":"https:\/\/abinox-chr-clim.com\/index.php\/product\/table-bistro-carree-bolero-acier-inoxydable-700mm\/","title":{"rendered":"Table bistro carr\u00e9e Bolero acier inoxydable 700mm"},"content":{"rendered":"<p>Tables m\u00e9talliques solides et pratiques pour une utilisation en int\u00e9rieur ou ext\u00e9rieur prot\u00e9g\u00e9. Assorties au fauteuil U419.<br \/>Utilisation int\u00e9rieure et ext\u00e9rieure prot\u00e9g\u00e9e. En kit facile \u00e0 assembl\u00e9. Pied en alliage d&rsquo;aluminium l\u00e9ger mais r\u00e9sistant. R\u00e9f\u00e9rence soumise \u00e0 une Eco-participation mobilier de 0.65\u20ac par unit\u00e9 vendue. Entretien requis peu important. Facile \u00e0 essuyer.Id\u00e9ale pour les caf\u00e9s, bars, terrasses et patios. R\u00e9f\u00e9rence soumise \u00e0 une Eco-participation mobilier de 1,77\u20ac par unit\u00e9 vendue. Utilisation int\u00e9rieure et ext\u00e9rieure prot\u00e9g\u00e9e.<\/p>\n<p>Caract\u00e9ristiques :<br \/> Dimensions : 720(H) x 700(L) x 700(P)mm.<br \/> Mati\u00e8re : Plateau en acier inoxydable et pied en aluminium.<br \/> Couleur : Argent.<\/p>\n","protected":false},"excerpt":{"rendered":"<p>Table bistro carr\u00e9e Bolero acier inoxydable 700mm<\/p>\n","protected":false},"featured_media":83416,"comment_status":"closed","ping_status":"closed","template":"","meta":[],"product_brand":[],"product_cat":[1202,1201,1297,1207],"product_tag":[],"class_list":{"0":"post-70283","1":"product","2":"type-product","3":"status-publish","4":"has-post-thumbnail","6":"product_cat-exterieur","7":"product_cat-mobilier","8":"product_cat-non-palettisable","9":"product_cat-tables","10":"product_shipping_class-free-shipping","12":"first","13":"instock","14":"featured","15":"taxable","16":"shipping-taxable","17":"purchasable","18":"product-type-simple"},"_links":{"self":[{"href":"https:\/\/abinox-chr-clim.com\/index.php\/wp-json\/wp\/v2\/product\/70283","targetHints":{"allow":["GET"]}}],"collection":[{"href":"https:\/\/abinox-chr-clim.com\/index.php\/wp-json\/wp\/v2\/product"}],"about":[{"href":"https:\/\/abinox-chr-clim.com\/index.php\/wp-json\/wp\/v2\/types\/product"}],"replies":[{"embeddable":true,"href":"https:\/\/abinox-chr-clim.com\/index.php\/wp-json\/wp\/v2\/comments?post=70283"}],"wp:featuredmedia":[{"embeddable":true,"href":"https:\/\/abinox-chr-clim.com\/index.php\/wp-json\/wp\/v2\/media\/83416"}],"wp:attachment":[{"href":"https:\/\/abinox-chr-clim.com\/index.php\/wp-json\/wp\/v2\/media?parent=70283"}],"wp:term":[{"taxonomy":"product_brand","embeddable":true,"href":"https:\/\/abinox-chr-clim.com\/index.php\/wp-json\/wp\/v2\/product_brand?post=70283"},{"taxonomy":"product_cat","embeddable":true,"href":"https:\/\/abinox-chr-clim.com\/index.php\/wp-json\/wp\/v2\/product_cat?post=70283"},{"taxonomy":"product_tag","embeddable":true,"href":"https:\/\/abinox-chr-clim.com\/index.php\/wp-json\/wp\/v2\/product_tag?post=70283"}],"curies":[{"name":"wp","href":"https:\/\/api.w.org\/{rel}","templated":true}]}}