{"id":70281,"date":"2024-03-22T19:26:11","date_gmt":"2024-03-22T18:26:11","guid":{"rendered":"https:\/\/abinox-chr-clim.com\/index.php\/product\/table-de-pique-nique-en-bois-carree-rowlinson-1980mm\/"},"modified":"2026-04-02T10:03:29","modified_gmt":"2026-04-02T08:03:29","slug":"table-de-pique-nique-en-bois-carree-rowlinson-1980mm","status":"publish","type":"product","link":"https:\/\/abinox-chr-clim.com\/index.php\/product\/table-de-pique-nique-en-bois-carree-rowlinson-1980mm\/","title":{"rendered":"Table de pique-nique en bois carr\u00e9e Rowlinson 1980mm"},"content":{"rendered":"<p>La table de pique-nique carr\u00e9e peut \u00eatre peinte ou teinte pour s&rsquo;adapter \u00e0 tout type d&rsquo;espace ext\u00e9rieur.<br \/>Le bois trait\u00e9 sous pression et r\u00e9sistant aux intemp\u00e9ries assure une longue dur\u00e9e de vie. La construction robuste et les fixations en acier inoxydable conf\u00e8rent \u00e0 cette table une grande r\u00e9sistance. Le bois provient de for\u00eats certifi\u00e9es FSC pour plus de durabilit\u00e9. R\u00e9f\u00e9rence soumise \u00e0 une Eco-participation mobilier de 4.2\u20ac par unit\u00e9 vendue. La longueur de 1980mm vous offre suffisamment d&rsquo;espace pour accueillir huit personnes. Peut \u00eatre facilement peinte ou teinte selon votre envie. La table est simple \u00e0 assembler. Un trou de 35(\u00d8)mm vous permet d&rsquo;installer un parasol dans cette table. Hauteur d&rsquo;assise\u00a0: 430\u00a0mm. Dimensions des lattes : 90 x 40 mm. Le grain de bois naturel donne \u00e0 chaque table un style unique. Le bois trait\u00e9 sous pression et r\u00e9sistant aux intemp\u00e9ries assure une longue dur\u00e9e de vie.<\/p>\n<p>Caract\u00e9ristiques :<br \/> Dimensions : 750(H) x 1980(L) x 1980(P) mm.<br \/> Mati\u00e8re : Bois.<br \/> Couleur : Bois.<\/p>\n","protected":false},"excerpt":{"rendered":"<p>Table de pique-nique en bois carr\u00e9e Rowlinson 1980mm<\/p>\n","protected":false},"featured_media":83291,"comment_status":"closed","ping_status":"closed","template":"","meta":[],"product_brand":[],"product_cat":[1202,1201,1296,1207],"product_tag":[],"class_list":{"0":"post-70281","1":"product","2":"type-product","3":"status-publish","4":"has-post-thumbnail","6":"product_cat-exterieur","7":"product_cat-mobilier","8":"product_cat-palettisable","9":"product_cat-tables","11":"first","12":"outofstock","13":"featured","14":"taxable","15":"shipping-taxable","16":"purchasable","17":"product-type-simple"},"_links":{"self":[{"href":"https:\/\/abinox-chr-clim.com\/index.php\/wp-json\/wp\/v2\/product\/70281","targetHints":{"allow":["GET"]}}],"collection":[{"href":"https:\/\/abinox-chr-clim.com\/index.php\/wp-json\/wp\/v2\/product"}],"about":[{"href":"https:\/\/abinox-chr-clim.com\/index.php\/wp-json\/wp\/v2\/types\/product"}],"replies":[{"embeddable":true,"href":"https:\/\/abinox-chr-clim.com\/index.php\/wp-json\/wp\/v2\/comments?post=70281"}],"wp:featuredmedia":[{"embeddable":true,"href":"https:\/\/abinox-chr-clim.com\/index.php\/wp-json\/wp\/v2\/media\/83291"}],"wp:attachment":[{"href":"https:\/\/abinox-chr-clim.com\/index.php\/wp-json\/wp\/v2\/media?parent=70281"}],"wp:term":[{"taxonomy":"product_brand","embeddable":true,"href":"https:\/\/abinox-chr-clim.com\/index.php\/wp-json\/wp\/v2\/product_brand?post=70281"},{"taxonomy":"product_cat","embeddable":true,"href":"https:\/\/abinox-chr-clim.com\/index.php\/wp-json\/wp\/v2\/product_cat?post=70281"},{"taxonomy":"product_tag","embeddable":true,"href":"https:\/\/abinox-chr-clim.com\/index.php\/wp-json\/wp\/v2\/product_tag?post=70281"}],"curies":[{"name":"wp","href":"https:\/\/api.w.org\/{rel}","templated":true}]}}