{"id":70280,"date":"2024-03-22T19:26:10","date_gmt":"2024-03-22T18:26:10","guid":{"rendered":"https:\/\/abinox-chr-clim.com\/index.php\/product\/table-pique-nique-en-bois-15m\/"},"modified":"2026-04-02T09:59:20","modified_gmt":"2026-04-02T07:59:20","slug":"table-pique-nique-en-bois-15m","status":"publish","type":"product","link":"https:\/\/abinox-chr-clim.com\/index.php\/product\/table-pique-nique-en-bois-15m\/","title":{"rendered":"Table pique-nique en bois 1,5m"},"content":{"rendered":"<p>Robuste et confortable, cette table pique-nique classique peut \u00eatre peinte ou teinte pour s&rsquo;adapter \u00e0 tout espace ext\u00e9rieur.<br \/>Le bois trait\u00e9 sous pression et r\u00e9sistant aux intemp\u00e9ries assure une longue dur\u00e9e de vie dans toutes les conditions. La construction robuste et les fixations en acier inoxydable conf\u00e8rent \u00e0 cet ensemble une grande r\u00e9sistance. Le bois provient de for\u00eats certifi\u00e9es FSC pour plus de durabilit\u00e9. R\u00e9f\u00e9rence soumise \u00e0 une Eco-participation mobilier de 3.9\u20ac par unit\u00e9 vendue. La longueur de 1,5 m\u00e8tre vous offre suffisamment d&rsquo;espace pour accueillir six personnes. Peut \u00eatre facilement peint ou teint selon votre style. L&rsquo;ensemble table et bancs est simple \u00e0 assembler. Le plateau de table et les bancs sont livr\u00e9s pr\u00e9-assembl\u00e9s. Hauteur du si\u00e8ge\u00a0: 410\u00a0mm. Tailles des lattes : 80 x 30 mm. Le grain du bois naturel donne \u00e0 chaque table son style unique. Le bois trait\u00e9 sous pression et r\u00e9sistant aux intemp\u00e9ries assure une longue dur\u00e9e de vie dans toutes les conditions.<\/p>\n<p>Caract\u00e9ristiques :<br \/> Dimensions : 700(H) x 1500(L) x 1500(P) mm.<br \/> Mati\u00e8re : Bois.<br \/> Couleur : Bois.<\/p>\n","protected":false},"excerpt":{"rendered":"<p>Table pique-nique en bois 1,5m<\/p>\n","protected":false},"featured_media":83286,"comment_status":"closed","ping_status":"closed","template":"","meta":[],"product_brand":[],"product_cat":[1202,1201,1296,1207],"product_tag":[],"class_list":{"0":"post-70280","1":"product","2":"type-product","3":"status-publish","4":"has-post-thumbnail","6":"product_cat-exterieur","7":"product_cat-mobilier","8":"product_cat-palettisable","9":"product_cat-tables","11":"first","12":"instock","13":"featured","14":"taxable","15":"shipping-taxable","16":"purchasable","17":"product-type-simple"},"_links":{"self":[{"href":"https:\/\/abinox-chr-clim.com\/index.php\/wp-json\/wp\/v2\/product\/70280","targetHints":{"allow":["GET"]}}],"collection":[{"href":"https:\/\/abinox-chr-clim.com\/index.php\/wp-json\/wp\/v2\/product"}],"about":[{"href":"https:\/\/abinox-chr-clim.com\/index.php\/wp-json\/wp\/v2\/types\/product"}],"replies":[{"embeddable":true,"href":"https:\/\/abinox-chr-clim.com\/index.php\/wp-json\/wp\/v2\/comments?post=70280"}],"wp:featuredmedia":[{"embeddable":true,"href":"https:\/\/abinox-chr-clim.com\/index.php\/wp-json\/wp\/v2\/media\/83286"}],"wp:attachment":[{"href":"https:\/\/abinox-chr-clim.com\/index.php\/wp-json\/wp\/v2\/media?parent=70280"}],"wp:term":[{"taxonomy":"product_brand","embeddable":true,"href":"https:\/\/abinox-chr-clim.com\/index.php\/wp-json\/wp\/v2\/product_brand?post=70280"},{"taxonomy":"product_cat","embeddable":true,"href":"https:\/\/abinox-chr-clim.com\/index.php\/wp-json\/wp\/v2\/product_cat?post=70280"},{"taxonomy":"product_tag","embeddable":true,"href":"https:\/\/abinox-chr-clim.com\/index.php\/wp-json\/wp\/v2\/product_tag?post=70280"}],"curies":[{"name":"wp","href":"https:\/\/api.w.org\/{rel}","templated":true}]}}