{"id":70279,"date":"2024-03-22T19:26:10","date_gmt":"2024-03-22T18:26:10","guid":{"rendered":"https:\/\/abinox-chr-clim.com\/index.php\/product\/pied-de-table-carre-en-acier-inoxydable-bolero\/"},"modified":"2026-04-02T09:21:50","modified_gmt":"2026-04-02T07:21:50","slug":"pied-de-table-carre-en-acier-inoxydable-bolero","status":"publish","type":"product","link":"https:\/\/abinox-chr-clim.com\/index.php\/product\/pied-de-table-carre-en-acier-inoxydable-bolero\/","title":{"rendered":"Pied de table carr\u00e9 en acier inoxydable Bolero"},"content":{"rendered":"<p>Convient pour une utilisation int\u00e9rieure et ext\u00e9rieure. Colis plat, assemblage facile. Pr\u00e9-perc\u00e9 pour fixer le plateau de table. R\u00e9f\u00e9rence soumise \u00e0 une Eco-participation mobilier de 0.6\u20ac par unit\u00e9 vendue. Adapt\u00e9 aux plateaux de table jusqu&rsquo;\u00e0 800mm de diam\u00e8tre.Dimensions de la base du pied : 400 x 400mm. R\u00e9f\u00e9rence soumise \u00e0 une Eco-participation mobilier de 0,26\u20ac par unit\u00e9 vendue. Convient pour une utilisation int\u00e9rieure et ext\u00e9rieure.<\/p>\n<p>Caract\u00e9ristiques :<br \/> Dimensions : 680(H) x 400(L) x 400(P)mm.<br \/> Mati\u00e8re : Inox 304.<br \/> Couleur : Acier inoxydable.<\/p>\n","protected":false},"excerpt":{"rendered":"<p>Pied de table carr\u00e9 en acier inoxydable Bolero<\/p>\n","protected":false},"featured_media":101995,"comment_status":"closed","ping_status":"closed","template":"","meta":[],"product_brand":[],"product_cat":[1202,1201,1297,1206],"product_tag":[],"class_list":{"0":"post-70279","1":"product","2":"type-product","3":"status-publish","4":"has-post-thumbnail","6":"product_cat-exterieur","7":"product_cat-mobilier","8":"product_cat-non-palettisable","9":"product_cat-plateaux-et-pieds-de-table","10":"product_shipping_class-free-shipping","12":"first","13":"instock","14":"featured","15":"taxable","16":"shipping-taxable","17":"purchasable","18":"product-type-simple"},"_links":{"self":[{"href":"https:\/\/abinox-chr-clim.com\/index.php\/wp-json\/wp\/v2\/product\/70279","targetHints":{"allow":["GET"]}}],"collection":[{"href":"https:\/\/abinox-chr-clim.com\/index.php\/wp-json\/wp\/v2\/product"}],"about":[{"href":"https:\/\/abinox-chr-clim.com\/index.php\/wp-json\/wp\/v2\/types\/product"}],"replies":[{"embeddable":true,"href":"https:\/\/abinox-chr-clim.com\/index.php\/wp-json\/wp\/v2\/comments?post=70279"}],"wp:featuredmedia":[{"embeddable":true,"href":"https:\/\/abinox-chr-clim.com\/index.php\/wp-json\/wp\/v2\/media\/101995"}],"wp:attachment":[{"href":"https:\/\/abinox-chr-clim.com\/index.php\/wp-json\/wp\/v2\/media?parent=70279"}],"wp:term":[{"taxonomy":"product_brand","embeddable":true,"href":"https:\/\/abinox-chr-clim.com\/index.php\/wp-json\/wp\/v2\/product_brand?post=70279"},{"taxonomy":"product_cat","embeddable":true,"href":"https:\/\/abinox-chr-clim.com\/index.php\/wp-json\/wp\/v2\/product_cat?post=70279"},{"taxonomy":"product_tag","embeddable":true,"href":"https:\/\/abinox-chr-clim.com\/index.php\/wp-json\/wp\/v2\/product_tag?post=70279"}],"curies":[{"name":"wp","href":"https:\/\/api.w.org\/{rel}","templated":true}]}}