{"id":70278,"date":"2024-03-22T19:26:10","date_gmt":"2024-03-22T18:26:10","guid":{"rendered":"https:\/\/abinox-chr-clim.com\/index.php\/product\/pied-de-table-rond-en-acier-inoxydable-bolero\/"},"modified":"2026-04-02T09:16:38","modified_gmt":"2026-04-02T07:16:38","slug":"pied-de-table-rond-en-acier-inoxydable-bolero","status":"publish","type":"product","link":"https:\/\/abinox-chr-clim.com\/index.php\/product\/pied-de-table-rond-en-acier-inoxydable-bolero\/","title":{"rendered":"Pied de table rond en acier inoxydable Bolero"},"content":{"rendered":"<p>Cr\u00e9ez le d\u00e9cor de votre choix gr\u00e2ce \u00e0 notre gamme de plateaux de table Werzalit Plus ronds ou carr\u00e9s, disponibles en plusieurs finitions et mariez-les \u00e0 l&rsquo;un des pieds de notre collection. R\u00e9sistant aux effets des contraintes m\u00e9caniques, thermiques et chimiques, totalement imperm\u00e9ables et faciles \u00e0 nettoyer les plateaux Werzalit r\u00e9pondent \u00e0 toutes les normes d&rsquo;hygi\u00e8ne de l&rsquo;industrie de la restauration professionnelle. Tous les plateaux sont pr\u00e9-perc\u00e9s pour un assemblage facile avec les pieds.<br \/>Utilisation int\u00e9rieure et ext\u00e9rieure. Livr\u00e9 en kit, assemblage facile. Pr\u00e9-perc\u00e9 pour s&rsquo;adapt\u00e9 \u00e0 tous les plateaux de table. R\u00e9f\u00e9rence soumise \u00e0 une Eco-participation mobilier de 0.94\u20ac par unit\u00e9 vendue.  Acier inoxydable 304. R\u00e9f\u00e9rence soumise \u00e0 une Eco-participation mobilier de 0,42\u20ac par unit\u00e9 vendue. Utilisation int\u00e9rieure et ext\u00e9rieure.<\/p>\n<p>Caract\u00e9ristiques :<br \/> Dimensions : Dimensions (mm): 680(H) x 400(\u00d8).<br \/> Mati\u00e8re : Embase en fonte lest\u00e9e rev\u00eatue d&rsquo;inox 304 avec tube central en acier inoxydable 60(\u00d8)x1.2(\u00e9p)mm.<br \/> Couleur : Acier inoxydable.<\/p>\n","protected":false},"excerpt":{"rendered":"<p>Pied de table rond en acier inoxydable Bolero<\/p>\n","protected":false},"featured_media":101994,"comment_status":"closed","ping_status":"closed","template":"","meta":[],"product_brand":[],"product_cat":[1202,1201,1297,1206],"product_tag":[],"class_list":{"0":"post-70278","1":"product","2":"type-product","3":"status-publish","4":"has-post-thumbnail","6":"product_cat-exterieur","7":"product_cat-mobilier","8":"product_cat-non-palettisable","9":"product_cat-plateaux-et-pieds-de-table","10":"product_shipping_class-free-shipping","12":"first","13":"outofstock","14":"featured","15":"taxable","16":"shipping-taxable","17":"purchasable","18":"product-type-simple"},"_links":{"self":[{"href":"https:\/\/abinox-chr-clim.com\/index.php\/wp-json\/wp\/v2\/product\/70278","targetHints":{"allow":["GET"]}}],"collection":[{"href":"https:\/\/abinox-chr-clim.com\/index.php\/wp-json\/wp\/v2\/product"}],"about":[{"href":"https:\/\/abinox-chr-clim.com\/index.php\/wp-json\/wp\/v2\/types\/product"}],"replies":[{"embeddable":true,"href":"https:\/\/abinox-chr-clim.com\/index.php\/wp-json\/wp\/v2\/comments?post=70278"}],"wp:featuredmedia":[{"embeddable":true,"href":"https:\/\/abinox-chr-clim.com\/index.php\/wp-json\/wp\/v2\/media\/101994"}],"wp:attachment":[{"href":"https:\/\/abinox-chr-clim.com\/index.php\/wp-json\/wp\/v2\/media?parent=70278"}],"wp:term":[{"taxonomy":"product_brand","embeddable":true,"href":"https:\/\/abinox-chr-clim.com\/index.php\/wp-json\/wp\/v2\/product_brand?post=70278"},{"taxonomy":"product_cat","embeddable":true,"href":"https:\/\/abinox-chr-clim.com\/index.php\/wp-json\/wp\/v2\/product_cat?post=70278"},{"taxonomy":"product_tag","embeddable":true,"href":"https:\/\/abinox-chr-clim.com\/index.php\/wp-json\/wp\/v2\/product_tag?post=70278"}],"curies":[{"name":"wp","href":"https:\/\/api.w.org\/{rel}","templated":true}]}}