{"id":70277,"date":"2024-03-22T19:26:09","date_gmt":"2024-03-22T18:26:09","guid":{"rendered":"https:\/\/abinox-chr-clim.com\/index.php\/product\/pied-de-table-double-aluminium-bolero-lot-de-2\/"},"modified":"2026-04-02T09:16:07","modified_gmt":"2026-04-02T07:16:07","slug":"pied-de-table-double-aluminium-bolero-lot-de-2","status":"publish","type":"product","link":"https:\/\/abinox-chr-clim.com\/index.php\/product\/pied-de-table-double-aluminium-bolero-lot-de-2\/","title":{"rendered":"Pied de table double aluminium Bolero (Lot de 2)"},"content":{"rendered":"<p>Compatible avec les plateaux de 1100 x 700mm maxi.<br \/>Finition contemporaine aluminium. Utilisation int\u00e9rieure et ext\u00e9rieure. A monter soi-m\u00eame. R\u00e9f\u00e9rence soumise \u00e0 une Eco-participation mobilier de 0.43\u20ac par unit\u00e9 vendue. Pieds r\u00e9glables. Pieds r\u00e9glables. Un lot de 2 pieds est n\u00e9cessaire pour un plateau de table rectangulaire. Non compatible avec les plateaux de table de 1200 x 800mm. Hauteur 673mm (hors plateau de table). R\u00e9f\u00e9rence soumise \u00e0 une Eco-participation mobilier de 1,41\u20ac par unit\u00e9 vendue. Finition contemporaine aluminium.<\/p>\n<p>Caract\u00e9ristiques :<br \/>Lot : 2.<br \/> Dimensions : 673(H) x 590(L) x 590(P)mm.<br \/> Mati\u00e8re : Inox et aluminium.<br \/> Couleur : Aluminium.<\/p>\n","protected":false},"excerpt":{"rendered":"<p>Pied de table double aluminium Bolero (Lot de 2)<\/p>\n","protected":false},"featured_media":101850,"comment_status":"closed","ping_status":"closed","template":"","meta":[],"product_brand":[],"product_cat":[1202,1201,1297,1206],"product_tag":[],"class_list":{"0":"post-70277","1":"product","2":"type-product","3":"status-publish","4":"has-post-thumbnail","6":"product_cat-exterieur","7":"product_cat-mobilier","8":"product_cat-non-palettisable","9":"product_cat-plateaux-et-pieds-de-table","10":"product_shipping_class-free-shipping","12":"first","13":"instock","14":"featured","15":"taxable","16":"shipping-taxable","17":"purchasable","18":"product-type-simple"},"_links":{"self":[{"href":"https:\/\/abinox-chr-clim.com\/index.php\/wp-json\/wp\/v2\/product\/70277","targetHints":{"allow":["GET"]}}],"collection":[{"href":"https:\/\/abinox-chr-clim.com\/index.php\/wp-json\/wp\/v2\/product"}],"about":[{"href":"https:\/\/abinox-chr-clim.com\/index.php\/wp-json\/wp\/v2\/types\/product"}],"replies":[{"embeddable":true,"href":"https:\/\/abinox-chr-clim.com\/index.php\/wp-json\/wp\/v2\/comments?post=70277"}],"wp:featuredmedia":[{"embeddable":true,"href":"https:\/\/abinox-chr-clim.com\/index.php\/wp-json\/wp\/v2\/media\/101850"}],"wp:attachment":[{"href":"https:\/\/abinox-chr-clim.com\/index.php\/wp-json\/wp\/v2\/media?parent=70277"}],"wp:term":[{"taxonomy":"product_brand","embeddable":true,"href":"https:\/\/abinox-chr-clim.com\/index.php\/wp-json\/wp\/v2\/product_brand?post=70277"},{"taxonomy":"product_cat","embeddable":true,"href":"https:\/\/abinox-chr-clim.com\/index.php\/wp-json\/wp\/v2\/product_cat?post=70277"},{"taxonomy":"product_tag","embeddable":true,"href":"https:\/\/abinox-chr-clim.com\/index.php\/wp-json\/wp\/v2\/product_tag?post=70277"}],"curies":[{"name":"wp","href":"https:\/\/api.w.org\/{rel}","templated":true}]}}