{"id":70276,"date":"2024-03-22T19:26:09","date_gmt":"2024-03-22T18:26:09","guid":{"rendered":"https:\/\/abinox-chr-clim.com\/index.php\/product\/pied-rectangulaire-en-fonte-bolero\/"},"modified":"2026-04-02T09:25:14","modified_gmt":"2026-04-02T07:25:14","slug":"pied-rectangulaire-en-fonte-bolero","status":"publish","type":"product","link":"https:\/\/abinox-chr-clim.com\/index.php\/product\/pied-rectangulaire-en-fonte-bolero\/","title":{"rendered":"Pied rectangulaire en fonte Bolero"},"content":{"rendered":"<p>Adapt\u00e9 aux plateaux de table carr\u00e9s de 800mm et rectangulaires de 1100 x 700mm.<br \/>Convient pour une utilisation avec des plateaux de table circulaires jusqu&rsquo;\u00e0 800 mm pour une salle \u00e0 manger spacieuse. Poids net de 13,5kg pour maintenir vos tables stables pendant l&rsquo;utilisation. Design durable permettant une utilisation \u00e0 l&rsquo;int\u00e9rieur et \u00e0 l&rsquo;ext\u00e9rieur. R\u00e9f\u00e9rence soumise \u00e0 une Eco-participation mobilier de 0.81\u20ac par unit\u00e9 vendue. Finis avec un design \u00e9l\u00e9gant et attrayant pour sublimer vos salles \u00e0 manger. Les pieds r\u00e9glables aident \u00e0 stabiliser vos tables. Adapt\u00e9 aux plateaux de table carr\u00e9s de 800mm et rectangulaires de 1100 x 700mm.Construction en fonte. Faciles \u00e0 monter soi-m\u00eame, les tabourets sont pr\u00eats \u00e0 l&#8217;emploi en un rien de temps. R\u00e9f\u00e9rence soumise \u00e0 une Eco-participation mobilier de 1,35\u20ac par unit\u00e9 vendue. Convient pour une utilisation avec des plateaux de table circulaires jusqu&rsquo;\u00e0 800 mm pour une salle \u00e0 manger spacieuse.<\/p>\n<p>Caract\u00e9ristiques :<br \/> Dimensions : 720(H) x 550(L) x 400(P) mm.<br \/> Mati\u00e8re : Fonte.<br \/> Couleur : Noir.<\/p>\n","protected":false},"excerpt":{"rendered":"<p>Pied rectangulaire en fonte Bolero<\/p>\n","protected":false},"featured_media":103400,"comment_status":"closed","ping_status":"closed","template":"","meta":[],"product_brand":[],"product_cat":[1202,1201,1297,1206],"product_tag":[],"class_list":{"0":"post-70276","1":"product","2":"type-product","3":"status-publish","4":"has-post-thumbnail","6":"product_cat-exterieur","7":"product_cat-mobilier","8":"product_cat-non-palettisable","9":"product_cat-plateaux-et-pieds-de-table","10":"product_shipping_class-free-shipping","12":"first","13":"instock","14":"featured","15":"taxable","16":"shipping-taxable","17":"purchasable","18":"product-type-simple"},"_links":{"self":[{"href":"https:\/\/abinox-chr-clim.com\/index.php\/wp-json\/wp\/v2\/product\/70276","targetHints":{"allow":["GET"]}}],"collection":[{"href":"https:\/\/abinox-chr-clim.com\/index.php\/wp-json\/wp\/v2\/product"}],"about":[{"href":"https:\/\/abinox-chr-clim.com\/index.php\/wp-json\/wp\/v2\/types\/product"}],"replies":[{"embeddable":true,"href":"https:\/\/abinox-chr-clim.com\/index.php\/wp-json\/wp\/v2\/comments?post=70276"}],"wp:featuredmedia":[{"embeddable":true,"href":"https:\/\/abinox-chr-clim.com\/index.php\/wp-json\/wp\/v2\/media\/103400"}],"wp:attachment":[{"href":"https:\/\/abinox-chr-clim.com\/index.php\/wp-json\/wp\/v2\/media?parent=70276"}],"wp:term":[{"taxonomy":"product_brand","embeddable":true,"href":"https:\/\/abinox-chr-clim.com\/index.php\/wp-json\/wp\/v2\/product_brand?post=70276"},{"taxonomy":"product_cat","embeddable":true,"href":"https:\/\/abinox-chr-clim.com\/index.php\/wp-json\/wp\/v2\/product_cat?post=70276"},{"taxonomy":"product_tag","embeddable":true,"href":"https:\/\/abinox-chr-clim.com\/index.php\/wp-json\/wp\/v2\/product_tag?post=70276"}],"curies":[{"name":"wp","href":"https:\/\/api.w.org\/{rel}","templated":true}]}}