{"id":70275,"date":"2024-03-22T19:26:09","date_gmt":"2024-03-22T18:26:09","guid":{"rendered":"https:\/\/abinox-chr-clim.com\/index.php\/product\/pied-de-table-basse-en-fonte-bolero\/"},"modified":"2026-04-02T08:52:28","modified_gmt":"2026-04-02T06:52:28","slug":"pied-de-table-basse-en-fonte-bolero","status":"publish","type":"product","link":"https:\/\/abinox-chr-clim.com\/index.php\/product\/pied-de-table-basse-en-fonte-bolero\/","title":{"rendered":"Pied de table basse en fonte Bolero"},"content":{"rendered":"<p>Compatible avec notre gamme de plateaux de table pr\u00e9-perc\u00e9s. Livr\u00e9 en kit, assemblage facile. S&rsquo;adapte aux plateaux jusqu&rsquo;\u00e0 800mm (\u00d8).<br \/>Le poids de 7,85 kg permet de maintenir votre table stable et s\u00fbre. La conception en fonte offre une excellente durabilit\u00e9. La finition noire mate donne un aspect moderne et discret. R\u00e9f\u00e9rence soumise \u00e0 une Eco-participation mobilier de 0.38\u20ac par unit\u00e9 vendue. Emballage plat pour un montage facile. Les pieds r\u00e9glables vous permettent de mettre la table \u00e0 niveau sur un sol irr\u00e9gulier. Convient \u00e0 un usage int\u00e9rieur et ext\u00e9rieur.La fonte de couleur stable ne se d\u00e9colore pas et ne se d\u00e9forme pas au soleil. R\u00e9f\u00e9rence soumise \u00e0 une Eco-participation mobilier de 1,03\u20ac par unit\u00e9 vendue. Le poids de 7,85 kg permet de maintenir votre table stable et s\u00fbre.<\/p>\n<p>Caract\u00e9ristiques :<br \/> Dimensions : 480(H)x 395(L)mm.<br \/> Mati\u00e8re : Fonte.<br \/> Couleur : Noir.<\/p>\n","protected":false},"excerpt":{"rendered":"<p>Pied de table basse en fonte Bolero<\/p>\n","protected":false},"featured_media":101801,"comment_status":"closed","ping_status":"closed","template":"","meta":[],"product_brand":[],"product_cat":[1202,1201,1297,1206],"product_tag":[],"class_list":{"0":"post-70275","1":"product","2":"type-product","3":"status-publish","4":"has-post-thumbnail","6":"product_cat-exterieur","7":"product_cat-mobilier","8":"product_cat-non-palettisable","9":"product_cat-plateaux-et-pieds-de-table","10":"product_shipping_class-free-shipping","12":"first","13":"instock","14":"featured","15":"taxable","16":"shipping-taxable","17":"purchasable","18":"product-type-simple"},"_links":{"self":[{"href":"https:\/\/abinox-chr-clim.com\/index.php\/wp-json\/wp\/v2\/product\/70275","targetHints":{"allow":["GET"]}}],"collection":[{"href":"https:\/\/abinox-chr-clim.com\/index.php\/wp-json\/wp\/v2\/product"}],"about":[{"href":"https:\/\/abinox-chr-clim.com\/index.php\/wp-json\/wp\/v2\/types\/product"}],"replies":[{"embeddable":true,"href":"https:\/\/abinox-chr-clim.com\/index.php\/wp-json\/wp\/v2\/comments?post=70275"}],"wp:featuredmedia":[{"embeddable":true,"href":"https:\/\/abinox-chr-clim.com\/index.php\/wp-json\/wp\/v2\/media\/101801"}],"wp:attachment":[{"href":"https:\/\/abinox-chr-clim.com\/index.php\/wp-json\/wp\/v2\/media?parent=70275"}],"wp:term":[{"taxonomy":"product_brand","embeddable":true,"href":"https:\/\/abinox-chr-clim.com\/index.php\/wp-json\/wp\/v2\/product_brand?post=70275"},{"taxonomy":"product_cat","embeddable":true,"href":"https:\/\/abinox-chr-clim.com\/index.php\/wp-json\/wp\/v2\/product_cat?post=70275"},{"taxonomy":"product_tag","embeddable":true,"href":"https:\/\/abinox-chr-clim.com\/index.php\/wp-json\/wp\/v2\/product_tag?post=70275"}],"curies":[{"name":"wp","href":"https:\/\/api.w.org\/{rel}","templated":true}]}}