{"id":70273,"date":"2024-03-22T19:26:05","date_gmt":"2024-03-22T18:26:05","guid":{"rendered":"https:\/\/abinox-chr-clim.com\/index.php\/product\/pied-de-table-a-plateau-basculant-bolero-aluminium\/"},"modified":"2026-04-02T08:49:59","modified_gmt":"2026-04-02T06:49:59","slug":"pied-de-table-a-plateau-basculant-bolero-aluminium","status":"publish","type":"product","link":"https:\/\/abinox-chr-clim.com\/index.php\/product\/pied-de-table-a-plateau-basculant-bolero-aluminium\/","title":{"rendered":"Pied de table \u00e0 plateau basculant Bolero aluminium"},"content":{"rendered":"<p>Utilisation int\u00e9rieure et ext\u00e9rieure. S&rsquo;utilise avec les plateaux de table ronds ou carr\u00e9s de 600mm.<br \/>Le m\u00e9canisme de basculement permet un rangement facile et peu encombrant. La conception compacte est id\u00e9ale pour les petits caf\u00e9s ou bistros o\u00f9 l&rsquo;espace est limit\u00e9. La construction en aluminium offre une excellente durabilit\u00e9. R\u00e9f\u00e9rence soumise \u00e0 une Eco-participation mobilier de 0.2\u20ac par unit\u00e9 vendue. Compatible avec nos gammes de plateaux de table pr\u00e9-perc\u00e9s tels que Werzalit et Lamidur pour une installation facile. Convient pour une utilisation \u00e0 l&rsquo;int\u00e9rieur et \u00e0 l&rsquo;ext\u00e9rieur, ce qui vous permet de tirer le meilleur parti de vos espaces de repas. Pour une utilisation avec des plateaux de table ronds ou carr\u00e9s de 600mm. Poteau: 58(\u00d8) x1 .2mm.  La finition contemporaine en aluminium ajoute une touche de style \u00e0 vos salles \u00e0 manger. R\u00e9f\u00e9rence soumise \u00e0 une Eco-participation mobilier de 1,30\u20ac par unit\u00e9 vendue. Le m\u00e9canisme de basculement permet un rangement facile et peu encombrant.<\/p>\n<p>Caract\u00e9ristiques :<br \/> Dimensions : 680(H) x 618(L) x 618(P)mm.<br \/> Mati\u00e8re : Aluminium.<br \/> Couleur : Aluminium.<\/p>\n","protected":false},"excerpt":{"rendered":"<p>Pied de table \u00e0 plateau basculant Bolero aluminium<\/p>\n","protected":false},"featured_media":101520,"comment_status":"closed","ping_status":"closed","template":"","meta":[],"product_brand":[],"product_cat":[1202,1201,1297,1206],"product_tag":[],"class_list":{"0":"post-70273","1":"product","2":"type-product","3":"status-publish","4":"has-post-thumbnail","6":"product_cat-exterieur","7":"product_cat-mobilier","8":"product_cat-non-palettisable","9":"product_cat-plateaux-et-pieds-de-table","10":"product_shipping_class-free-shipping","12":"first","13":"instock","14":"featured","15":"taxable","16":"shipping-taxable","17":"purchasable","18":"product-type-simple"},"_links":{"self":[{"href":"https:\/\/abinox-chr-clim.com\/index.php\/wp-json\/wp\/v2\/product\/70273","targetHints":{"allow":["GET"]}}],"collection":[{"href":"https:\/\/abinox-chr-clim.com\/index.php\/wp-json\/wp\/v2\/product"}],"about":[{"href":"https:\/\/abinox-chr-clim.com\/index.php\/wp-json\/wp\/v2\/types\/product"}],"replies":[{"embeddable":true,"href":"https:\/\/abinox-chr-clim.com\/index.php\/wp-json\/wp\/v2\/comments?post=70273"}],"wp:featuredmedia":[{"embeddable":true,"href":"https:\/\/abinox-chr-clim.com\/index.php\/wp-json\/wp\/v2\/media\/101520"}],"wp:attachment":[{"href":"https:\/\/abinox-chr-clim.com\/index.php\/wp-json\/wp\/v2\/media?parent=70273"}],"wp:term":[{"taxonomy":"product_brand","embeddable":true,"href":"https:\/\/abinox-chr-clim.com\/index.php\/wp-json\/wp\/v2\/product_brand?post=70273"},{"taxonomy":"product_cat","embeddable":true,"href":"https:\/\/abinox-chr-clim.com\/index.php\/wp-json\/wp\/v2\/product_cat?post=70273"},{"taxonomy":"product_tag","embeddable":true,"href":"https:\/\/abinox-chr-clim.com\/index.php\/wp-json\/wp\/v2\/product_tag?post=70273"}],"curies":[{"name":"wp","href":"https:\/\/api.w.org\/{rel}","templated":true}]}}